{"id":1416,"date":"2026-02-05T13:56:34","date_gmt":"2026-02-05T13:56:34","guid":{"rendered":"https:\/\/slot-rize.org\/app\/"},"modified":"2026-02-06T07:38:55","modified_gmt":"2026-02-06T07:38:55","slug":"app","status":"publish","type":"page","link":"https:\/\/slot-rize.org\/de\/app\/","title":{"rendered":"App"},"content":{"rendered":"<h1>Slot Rize Mobile Plattform<\/h1>\n<p>Die Slotrize App erm\u00f6glicht einen einfachen und bequemen Zugriff auf Ihr Casino-Konto. Mit ihrer Hilfe k\u00f6nnen Sie unterwegs die trendigsten Online-Slots spielen, an Live-Dealer-Tischen teilnehmen, progressive Jackpots gewinnen und eine Vielzahl anderer Aktivit\u00e4ten aus unserem umfangreichen Katalog genie\u00dfen. Die App ist f\u00fcr Spieler kostenlos und mit allen Ger\u00e4tetypen kompatibel: iOS, Android und sogar Windows oder macOS.<\/p>\n<div class=\"banner-wrap\" aria-label=\"Banner\"><img src=\"https:\/\/slot-rize.org\/wp-content\/uploads\/2026\/02\/Desktop-banner-scaled-1.webp\" class=\"w-100 d-none d-lg-block img-pc main-banner-img\" alt=\"Desktop banner scaled\" fetchpriority=\"high\" decoding=\"async\"><img src=\"https:\/\/slot-rize.org\/wp-content\/uploads\/2026\/02\/Mobile-banner.webp\" class=\"w-100 d-none d-md-block d-lg-none main-banner-img\" alt=\"Mobile banner\" fetchpriority=\"high\" decoding=\"async\"><img src=\"https:\/\/slot-rize.org\/wp-content\/uploads\/2026\/02\/Mobile-banner.webp\" class=\"w-100 d-md-none\" alt=\"Mobile banner\" fetchpriority=\"high\" decoding=\"async\"><div class=\"banner-description\">\n<div class=\"banner-title\">Willkommensboni<\/div>\n<p class=\"banner-header-title\">1500 \u20ac<\/p>\n<div class=\"banner-header-AdditionalText\">+ 250 Freispiele<\/div>\n<button data-item=\"homepage_banner_link\" class=\"goto m-button m-gradient-border m-button--primary m-button--large banner-button btn-orange\">\n            <div class=\"m-button-content\">\n                <span>Jetzt anmelden<\/span>\n                <span><\/span>\n            <\/div>\n        <\/button>\n<\/div>\n<div class=\"WelcomePack\">\n<p><img loading=\"lazy\" decoding=\"async\" class=\"alignnone size-full wp-image-1476\" src=\"https:\/\/slot-rize.org\/wp-content\/uploads\/welcome-crown.svg\" alt=\"welcome crown\" width=\"25\" height=\"26\" \/><\/p>\n<div class=\"WelcomePack-Info\">W\u00f6chentlicher Cashback von bis zu 25 %<\/div>\n<p><img loading=\"lazy\" decoding=\"async\" class=\"alignnone size-full wp-image-1476\" src=\"https:\/\/slot-rize.org\/wp-content\/uploads\/welcome-crown.svg\" alt=\"welcome crown\" width=\"25\" height=\"26\" \/><\/p>\n<\/div>\n<\/div>\n<h2>Verwendung von Slotrize auf Ihrem Mobilger\u00e4t<\/h2>\n<p>Die Slotrize App hat das Format einer progressiven Webanwendung (PWA), die als Verkn\u00fcpfung zu unserer offiziellen Website dient. Nachdem Sie sie auf Ihrem Android- oder iOS-Ger\u00e4t installiert haben, m\u00fcssen Sie unser Casino nie wieder \u00fcber einen Browser \u00f6ffnen \u2013 Sie k\u00f6nnen einfach auf das Symbol auf Ihrem Startbildschirm klicken und sofort mit dem Spielen von Slots beginnen.<\/p>\n<p>Die mobile Version von Slotrize Casino bietet dieselben Funktionen und Oberfl\u00e4chen wie die offizielle Website. Sie ist jedoch perfekt f\u00fcr diejenigen, die lieber mit ihrem Smartphone oder Tablet statt mit dem PC spielen.<\/p>\n<p>Hier sind die wichtigsten Vorteile der Verwendung der Slot Rize App gegen\u00fcber dem Spielen auf Ihrem Computer:<\/p>\n<ul>\n<li>Gr\u00f6\u00dfere Mobilit\u00e4t. Sie m\u00fcssen nicht zu Hause vor Ihrem Computer sitzen. Sie k\u00f6nnen auch unterwegs ganz einfach ein erstklassiges Spielerlebnis genie\u00dfen.<\/li>\n<li>Einfacher Zugriff. Die Anmeldung bei Ihrem mobilen Casino-Konto geht \u00fcber den Startbildschirm Ihres Telefons schneller als \u00fcber einen Browser.<\/li>\n<li>Schnellere Ladezeiten. Die PWA verwendet intelligente Cache-Key-Assets, die Casino-Oberfl\u00e4chen sofort auf Ihrem Bildschirm anzeigen.<\/li>\n<li>Push-Benachrichtigungen. Mit Ihrer Zustimmung informiert Sie unsere PWA \u00fcber neue Werbekampagnen und verf\u00fcgbare Boni.<\/li>\n<li>Offline-Funktionalit\u00e4t. Sie k\u00f6nnen die Informationen in Ihrem Casino-Konto auch dann einsehen, wenn Sie nicht mit dem Internet verbunden sind, da zuvor geladene Inhalte \u00fcber eine PWA sichtbar bleiben.<\/li>\n<\/ul>\n<p>Dar\u00fcber hinaus k\u00f6nnen Sie die Slotrize App auch auf dem Desktop Ihres Computers installieren. Unabh\u00e4ngig davon, welches Ger\u00e4t Sie f\u00fcr das Spielen in unserem Casino verwenden, werden Ihre Aktivit\u00e4tsdaten nahtlos plattform\u00fcbergreifend synchronisiert.<\/p>\n<p><div class=\"scrollable-content-wrap my-5\"><div class=\"scrollable-content-inner\"><h2>Slotrize iOS Mobile App<\/h2>\n<p>F\u00fcr iPhone- und iPad-Nutzer ist die Installation der Slotrize App genauso einfach:<\/p>\n<ol>\n<li>\u00d6ffnen Sie unsere Website in Ihrem mobilen Browser.<\/li>\n<li>Gehen Sie zu den Einstellungen des Browsers und w\u00e4hlen Sie den Punkt \u201eZum Startbildschirm hinzuf\u00fcgen\u201c.<\/li>\n<li>Starten Sie den Installationsvorgang mit einem Klick auf die Schaltfl\u00e4che.<\/li>\n<li>Warten Sie einige Sekunden, bis das Casino-Symbol auf dem Bildschirm Ihres Ger\u00e4ts erscheint.<\/li>\n<\/ol>\n<p>Anschlie\u00dfend k\u00f6nnen Sie sich bequem in Ihr Konto einloggen, Einzahlungen vornehmen, Slots spielen und sogar unterwegs an Live-Dealer-Spielen teilnehmen.<\/p>\n<p><img loading=\"lazy\" decoding=\"async\" src=\"https:\/\/slot-rize.org\/wp-content\/uploads\/2026\/02\/Slotrize-iOS.webp\" alt=\"Slotrize iOS\" width=\"1248\" height=\"536\" \/><\/p>\n<\/div><\/div><div style=\"clear: both\"><\/div><div class=\"d-flex justify-content-center\"><button data-item=\"decouvrez_link\" data-group=\"website_links\" class=\"goto fw-bold rounded-pill btn btn-orange\" aria-label=\"Laden Sie die Slotrize-App herunter\" >Laden Sie die Slotrize-App herunter<\/button><\/div><div class=\"scrollable-content-wrap my-5\"><div class=\"scrollable-content-inner\"><h2>Slotrize Android Mobile App<\/h2>\n<p>Obwohl Android Package Kit (APK) eine der g\u00e4ngigsten Arten von Apps f\u00fcr Android-Ger\u00e4te ist, hat es im Vergleich zu PWAs mehrere Nachteile:<\/p>\n<table>\n<tbody>\n<tr>\n<td>Aspekt<\/td>\n<td>APK<\/td>\n<td>PWA<\/td>\n<\/tr>\n<tr>\n<td>Ger\u00e4tespeicher<\/td>\n<td>Erheblicher Speicherbedarf<\/td>\n<td>Leichtgewichtig und verbraucht nicht viel RAM oder Akkuleistung<\/td>\n<\/tr>\n<tr>\n<td>Updates<\/td>\n<td>M\u00f6glicherweise muss es vom Benutzer manuell neu installiert werden<\/td>\n<td>Wird automatisch aktualisiert<\/td>\n<\/tr>\n<tr>\n<td>Herunterladen<\/td>\n<td>Wenn die APK nicht im Google Play Store verf\u00fcgbar ist, m\u00fcssen Sie sie m\u00f6glicherweise von nicht verifizierten Quellen herunterladen<\/td>\n<td>Es m\u00fcssen keinerlei verd\u00e4chtige Dateien heruntergeladen werden<\/td>\n<\/tr>\n<tr>\n<td>Startzeit<\/td>\n<td>Kann je nach Komplexit\u00e4t und Gr\u00f6\u00dfe der App einige Zeit dauern<\/td>\n<td>Sofort<\/td>\n<\/tr>\n<\/tbody>\n<\/table>\n<p>Die Installation der Slotrize Casino PWA auf Ihrem Android-Smartphone oder -Tablet erfordert nur wenige einfache Schritte:<\/p>\n<ol>\n<li>Rufen Sie unsere offizielle Website in einem mobilen Browser Ihrer Wahl auf.<\/li>\n<li>Klicken Sie auf das Dreipunkt-Symbol in der Adressleiste, um das Men\u00fc zu \u00f6ffnen.<\/li>\n<li>W\u00e4hlen Sie in der Liste die Option \u201eZum Startbildschirm hinzuf\u00fcgen\u201c.<\/li>\n<li>Tippen Sie auf die Schaltfl\u00e4che, um den Installationsvorgang zu starten.<\/li>\n<\/ol>\n<p>Danach erscheint innerhalb weniger Sekunden das Slot Rize Symbol auf Ihrem Bildschirm. Und wann immer Sie unsere Spiele spielen oder Informationen in Ihrem pers\u00f6nlichen Konto \u00fcberpr\u00fcfen m\u00f6chten, k\u00f6nnen Sie einfach darauf klicken, um schnell zum Slotrize Casino zu gelangen.<\/p>\n<p><img loading=\"lazy\" decoding=\"async\" src=\"https:\/\/slot-rize.org\/wp-content\/uploads\/2026\/02\/Slotrize-Android.webp\" alt=\"Slotrize Android\" width=\"1248\" height=\"536\" \/><\/p>\n<\/div><\/div><div style=\"clear: both\"><\/div><div class=\"d-flex justify-content-center\"><button data-item=\"decouvrez_link\" data-group=\"website_links\" class=\"goto fw-bold rounded-pill btn btn-orange\" aria-label=\"Laden Sie die Slotrize-App herunter\" >Laden Sie die Slotrize-App herunter<\/button><\/div><div class=\"scrollable-content-wrap my-5\"><div class=\"scrollable-content-inner\"><h2>Windows und macOS Anwendungen<\/h2>\n<p>Die Nutzung der Slotrize App ist nicht nur auf mobile Ger\u00e4te beschr\u00e4nkt \u2013 unsere PWA funktioniert perfekt auf allen Plattformen, einschlie\u00dflich Computern mit Windows oder macOS. Der Hauptgrund, sie auch auf Ihrem Desktop hinzuzuf\u00fcgen, ist der viel schnellere und bequemere Zugriff auf unser Casino.<\/p>\n<p>Um die App auf Ihrem Computer zu installieren, m\u00fcssen Sie lediglich unsere offizielle Website \u00f6ffnen und auf die Schaltfl\u00e4che \u201eInstallieren\u201c in der Adressleiste klicken (sie sieht aus wie ein Computerbildschirm mit einem Pfeil). Tippen Sie anschlie\u00dfend noch einmal auf die Schaltfl\u00e4che \u201eInstallieren\u201c und schon sind Sie fertig. Das Slot Rize Casino Symbol wird in K\u00fcrze auf Ihrem Desktop angezeigt.<\/p>\n<p><img loading=\"lazy\" decoding=\"async\" class=\"alignnone size-full wp-image-1367\" src=\"https:\/\/slot-rize.org\/wp-content\/uploads\/2026\/02\/Slotrize-Desktop.webp\" alt=\"Slotrize Desktop\" width=\"1248\" height=\"536\" srcset=\"https:\/\/slot-rize.org\/wp-content\/uploads\/2026\/02\/Slotrize-Desktop.webp 1248w, https:\/\/slot-rize.org\/wp-content\/uploads\/2026\/02\/Slotrize-Desktop-300x129.webp 300w, https:\/\/slot-rize.org\/wp-content\/uploads\/2026\/02\/Slotrize-Desktop-1024x440.webp 1024w, https:\/\/slot-rize.org\/wp-content\/uploads\/2026\/02\/Slotrize-Desktop-768x330.webp 768w\" sizes=\"auto, (max-width: 1248px) 100vw, 1248px\" \/><\/p>\n<\/div><\/div><div style=\"clear: both\"><\/div><div class=\"d-flex justify-content-center\"><button data-item=\"decouvrez_link\" data-group=\"website_links\" class=\"goto fw-bold rounded-pill btn btn-orange\" aria-label=\"Laden Sie die Slotrize-App herunter\" >Laden Sie die Slotrize-App herunter<\/button><\/div><div class=\"scrollable-content-wrap my-5\"><div class=\"scrollable-content-inner\"><h2>FAQ<\/h2>\n<h3>Muss ich ein Casino-Konto erstellen, um die Slot Rize App nutzen zu k\u00f6nnen?<\/h3>\n<p>Sie k\u00f6nnen die Slotrize App auch ohne Konto auf Ihrem Smartphone oder Computer installieren. Um jedoch unsere Online-Slots zu spielen und viele andere Casino-Schnittstellen zu nutzen, m\u00fcssen Sie sich registrieren und anmelden. Der Registrierungs- und Verifizierungsprozess ist unabh\u00e4ngig vom verwendeten Ger\u00e4t identisch.<\/p>\n<h3>Bietet die Slot Rize Casino App Kundensupport?<\/h3>\n<p>Ja, die Slotrize App erm\u00f6glicht einen schnellen Zugriff auf unsere Live Chat Funktion. Der Chatbot gibt Ihnen sofort detaillierte Antworten auf alle Fragen zu unserem Casino. Sie k\u00f6nnen unser Support-Team auch per E-Mail kontaktieren. Die Antwortzeit f\u00fcr diese Kommunikationsmethode ist auf 24 Stunden begrenzt.<\/p>\n<h3>Wie kann ich die Slotrize Casino App aktualisieren?<\/h3>\n<p>Bei Verwendung unserer PWA sind keine manuellen Updates erforderlich. Immer wenn wir neue Casinospiele in unseren Katalog aufnehmen oder neue Funktionen auf der Website einf\u00fchren, wird auch die App automatisch aktualisiert, ohne dass Sie etwas tun m\u00fcssen.<\/p>\n<\/div><\/div><\/p>\n","protected":false},"excerpt":{"rendered":"<p>Slot Rize Mobile Plattform Die Slotrize App erm\u00f6glicht einen einfachen und bequemen Zugriff auf Ihr Casino-Konto. Mit ihrer Hilfe k\u00f6nnen Sie unterwegs die trendigsten Online-Slots spielen, an Live-Dealer-Tischen teilnehmen, progressive Jackpots gewinnen und eine Vielzahl anderer Aktivit\u00e4ten aus unserem umfangreichen Katalog genie\u00dfen. Die App ist f\u00fcr Spieler kostenlos und mit allen Ger\u00e4tetypen kompatibel: iOS, Android [&hellip;]<\/p>\n","protected":false},"author":1,"featured_media":0,"parent":0,"menu_order":0,"comment_status":"closed","ping_status":"closed","template":"template-builder.php","meta":{"_acf_changed":false,"inline_featured_image":false,"footnotes":""},"class_list":["post-1416","page","type-page","status-publish","hentry"],"acf":[],"yoast_head":"<!-- This site is optimized with the Yoast SEO plugin v27.3 - https:\/\/yoast.com\/product\/yoast-seo-wordpress\/ -->\n<title>Slotrize App | iOS- und Android-Plattformen<\/title>\n<meta name=\"description\" content=\"Die Slotrize-App bietet reibungsloses Casino-Gaming auf Android, iOS, Windows und macOS mit synchronisierten Konten, regelm\u00e4\u00dfigen Updates und integriertem Kundensupport f\u00fcr ein stressfreies Erlebnis.\" \/>\n<meta name=\"robots\" content=\"index, follow, max-snippet:-1, max-image-preview:large, max-video-preview:-1\" \/>\n<link rel=\"canonical\" href=\"https:\/\/slot-rize.org\/de\/app\/\" \/>\n<meta property=\"og:locale\" content=\"de_DE\" \/>\n<meta property=\"og:type\" content=\"article\" \/>\n<meta property=\"og:title\" content=\"Slotrize App | iOS- und Android-Plattformen\" \/>\n<meta property=\"og:description\" content=\"Die Slotrize-App bietet reibungsloses Casino-Gaming auf Android, iOS, Windows und macOS mit synchronisierten Konten, regelm\u00e4\u00dfigen Updates und integriertem Kundensupport f\u00fcr ein stressfreies Erlebnis.\" \/>\n<meta property=\"og:url\" content=\"https:\/\/slot-rize.org\/de\/app\/\" \/>\n<meta property=\"og:site_name\" content=\"Slotrize\" \/>\n<meta property=\"article:modified_time\" content=\"2026-02-06T07:38:55+00:00\" \/>\n<meta name=\"twitter:card\" content=\"summary_large_image\" \/>\n<meta name=\"twitter:label1\" content=\"Gesch\u00e4tzte Lesezeit\" \/>\n\t<meta name=\"twitter:data1\" content=\"2\u00a0Minuten\" \/>\n<script type=\"application\/ld+json\" class=\"yoast-schema-graph\">{\"@context\":\"https:\\\/\\\/schema.org\",\"@graph\":[{\"@type\":\"WebPage\",\"@id\":\"https:\\\/\\\/slot-rize.org\\\/de\\\/app\\\/\",\"url\":\"https:\\\/\\\/slot-rize.org\\\/de\\\/app\\\/\",\"name\":\"Slotrize App | iOS- und Android-Plattformen\",\"isPartOf\":{\"@id\":\"https:\\\/\\\/slot-rize.org\\\/de\\\/#website\"},\"datePublished\":\"2026-02-05T13:56:34+00:00\",\"dateModified\":\"2026-02-06T07:38:55+00:00\",\"description\":\"Die Slotrize-App bietet reibungsloses Casino-Gaming auf Android, iOS, Windows und macOS mit synchronisierten Konten, regelm\u00e4\u00dfigen Updates und integriertem Kundensupport f\u00fcr ein stressfreies Erlebnis.\",\"breadcrumb\":{\"@id\":\"https:\\\/\\\/slot-rize.org\\\/de\\\/app\\\/#breadcrumb\"},\"inLanguage\":\"de\",\"potentialAction\":[{\"@type\":\"ReadAction\",\"target\":[\"https:\\\/\\\/slot-rize.org\\\/de\\\/app\\\/\"]}]},{\"@type\":\"BreadcrumbList\",\"@id\":\"https:\\\/\\\/slot-rize.org\\\/de\\\/app\\\/#breadcrumb\",\"itemListElement\":[{\"@type\":\"ListItem\",\"position\":1,\"name\":\"Slotrize\",\"item\":\"https:\\\/\\\/slot-rize.org\\\/de\\\/\"},{\"@type\":\"ListItem\",\"position\":2,\"name\":\"App\"}]},{\"@type\":\"WebSite\",\"@id\":\"https:\\\/\\\/slot-rize.org\\\/de\\\/#website\",\"url\":\"https:\\\/\\\/slot-rize.org\\\/de\\\/\",\"name\":\"Slotrize\",\"description\":\"\",\"publisher\":{\"@id\":\"https:\\\/\\\/slot-rize.org\\\/de\\\/#organization\"},\"potentialAction\":[{\"@type\":\"SearchAction\",\"target\":{\"@type\":\"EntryPoint\",\"urlTemplate\":\"https:\\\/\\\/slot-rize.org\\\/de\\\/?s={search_term_string}\"},\"query-input\":{\"@type\":\"PropertyValueSpecification\",\"valueRequired\":true,\"valueName\":\"search_term_string\"}}],\"inLanguage\":\"de\"},{\"@type\":\"Organization\",\"@id\":\"https:\\\/\\\/slot-rize.org\\\/de\\\/#organization\",\"name\":\"Slotrize\",\"url\":\"https:\\\/\\\/slot-rize.org\\\/de\\\/\",\"logo\":{\"@type\":\"ImageObject\",\"inLanguage\":\"de\",\"@id\":\"https:\\\/\\\/slot-rize.org\\\/de\\\/#\\\/schema\\\/logo\\\/image\\\/\",\"url\":\"https:\\\/\\\/slot-rize.org\\\/wp-content\\\/uploads\\\/2026\\\/02\\\/Slotrize-logo-1.svg\",\"contentUrl\":\"https:\\\/\\\/slot-rize.org\\\/wp-content\\\/uploads\\\/2026\\\/02\\\/Slotrize-logo-1.svg\",\"width\":54,\"height\":27,\"caption\":\"Slotrize\"},\"image\":{\"@id\":\"https:\\\/\\\/slot-rize.org\\\/de\\\/#\\\/schema\\\/logo\\\/image\\\/\"}}]}<\/script>\n<!-- \/ Yoast SEO plugin. -->","yoast_head_json":{"title":"Slotrize App | iOS- und Android-Plattformen","description":"Die Slotrize-App bietet reibungsloses Casino-Gaming auf Android, iOS, Windows und macOS mit synchronisierten Konten, regelm\u00e4\u00dfigen Updates und integriertem Kundensupport f\u00fcr ein stressfreies Erlebnis.","robots":{"index":"index","follow":"follow","max-snippet":"max-snippet:-1","max-image-preview":"max-image-preview:large","max-video-preview":"max-video-preview:-1"},"canonical":"https:\/\/slot-rize.org\/de\/app\/","og_locale":"de_DE","og_type":"article","og_title":"Slotrize App | iOS- und Android-Plattformen","og_description":"Die Slotrize-App bietet reibungsloses Casino-Gaming auf Android, iOS, Windows und macOS mit synchronisierten Konten, regelm\u00e4\u00dfigen Updates und integriertem Kundensupport f\u00fcr ein stressfreies Erlebnis.","og_url":"https:\/\/slot-rize.org\/de\/app\/","og_site_name":"Slotrize","article_modified_time":"2026-02-06T07:38:55+00:00","twitter_card":"summary_large_image","twitter_misc":{"Gesch\u00e4tzte Lesezeit":"2\u00a0Minuten"},"schema":{"@context":"https:\/\/schema.org","@graph":[{"@type":"WebPage","@id":"https:\/\/slot-rize.org\/de\/app\/","url":"https:\/\/slot-rize.org\/de\/app\/","name":"Slotrize App | iOS- und Android-Plattformen","isPartOf":{"@id":"https:\/\/slot-rize.org\/de\/#website"},"datePublished":"2026-02-05T13:56:34+00:00","dateModified":"2026-02-06T07:38:55+00:00","description":"Die Slotrize-App bietet reibungsloses Casino-Gaming auf Android, iOS, Windows und macOS mit synchronisierten Konten, regelm\u00e4\u00dfigen Updates und integriertem Kundensupport f\u00fcr ein stressfreies Erlebnis.","breadcrumb":{"@id":"https:\/\/slot-rize.org\/de\/app\/#breadcrumb"},"inLanguage":"de","potentialAction":[{"@type":"ReadAction","target":["https:\/\/slot-rize.org\/de\/app\/"]}]},{"@type":"BreadcrumbList","@id":"https:\/\/slot-rize.org\/de\/app\/#breadcrumb","itemListElement":[{"@type":"ListItem","position":1,"name":"Slotrize","item":"https:\/\/slot-rize.org\/de\/"},{"@type":"ListItem","position":2,"name":"App"}]},{"@type":"WebSite","@id":"https:\/\/slot-rize.org\/de\/#website","url":"https:\/\/slot-rize.org\/de\/","name":"Slotrize","description":"","publisher":{"@id":"https:\/\/slot-rize.org\/de\/#organization"},"potentialAction":[{"@type":"SearchAction","target":{"@type":"EntryPoint","urlTemplate":"https:\/\/slot-rize.org\/de\/?s={search_term_string}"},"query-input":{"@type":"PropertyValueSpecification","valueRequired":true,"valueName":"search_term_string"}}],"inLanguage":"de"},{"@type":"Organization","@id":"https:\/\/slot-rize.org\/de\/#organization","name":"Slotrize","url":"https:\/\/slot-rize.org\/de\/","logo":{"@type":"ImageObject","inLanguage":"de","@id":"https:\/\/slot-rize.org\/de\/#\/schema\/logo\/image\/","url":"https:\/\/slot-rize.org\/wp-content\/uploads\/2026\/02\/Slotrize-logo-1.svg","contentUrl":"https:\/\/slot-rize.org\/wp-content\/uploads\/2026\/02\/Slotrize-logo-1.svg","width":54,"height":27,"caption":"Slotrize"},"image":{"@id":"https:\/\/slot-rize.org\/de\/#\/schema\/logo\/image\/"}}]}},"_links":{"self":[{"href":"https:\/\/slot-rize.org\/de\/wp-json\/wp\/v2\/pages\/1416","targetHints":{"allow":["GET"]}}],"collection":[{"href":"https:\/\/slot-rize.org\/de\/wp-json\/wp\/v2\/pages"}],"about":[{"href":"https:\/\/slot-rize.org\/de\/wp-json\/wp\/v2\/types\/page"}],"author":[{"embeddable":true,"href":"https:\/\/slot-rize.org\/de\/wp-json\/wp\/v2\/users\/1"}],"replies":[{"embeddable":true,"href":"https:\/\/slot-rize.org\/de\/wp-json\/wp\/v2\/comments?post=1416"}],"version-history":[{"count":2,"href":"https:\/\/slot-rize.org\/de\/wp-json\/wp\/v2\/pages\/1416\/revisions"}],"predecessor-version":[{"id":1611,"href":"https:\/\/slot-rize.org\/de\/wp-json\/wp\/v2\/pages\/1416\/revisions\/1611"}],"wp:attachment":[{"href":"https:\/\/slot-rize.org\/de\/wp-json\/wp\/v2\/media?parent=1416"}],"curies":[{"name":"wp","href":"https:\/\/api.w.org\/{rel}","templated":true}]}}