{"id":1457,"date":"2026-02-05T14:08:47","date_gmt":"2026-02-05T14:08:47","guid":{"rendered":"https:\/\/slot-rize.org\/login-and-registration\/"},"modified":"2026-02-06T07:46:59","modified_gmt":"2026-02-06T07:46:59","slug":"anmeldung-und-registrierung","status":"publish","type":"page","link":"https:\/\/slot-rize.org\/de\/anmeldung-und-registrierung\/","title":{"rendered":"Anmeldung und Registrierung"},"content":{"rendered":"<h1>Slotrize Kontoanmeldung und -Registrierung<\/h1>\n<p>Der Slotrize Login Prozess ist einfach und dauert nur wenige Sekunden. Spieler m\u00fcssen bei der Registrierung nicht zu viele pers\u00f6nliche Daten angeben oder ihre Identit\u00e4t \u00fcberpr\u00fcfen lassen. Mit nur wenigen Klicks k\u00f6nnen Sie Ihr Slotrize Konto erstellen und sofort mit dem Spielen von Online-Slots und anderen Casinospielen beginnen.<\/p>\n<p><div class=\"banner-wrap\" aria-label=\"Banner\"><img src=\"https:\/\/slot-rize.org\/wp-content\/uploads\/2026\/02\/Desktop-banner-scaled-1.webp\" class=\"w-100 d-none d-lg-block img-pc main-banner-img\" alt=\"Desktop banner scaled\" fetchpriority=\"high\" decoding=\"async\"><img src=\"https:\/\/slot-rize.org\/wp-content\/uploads\/2026\/02\/Mobile-banner.webp\" class=\"w-100 d-none d-md-block d-lg-none main-banner-img\" alt=\"Mobile banner\" fetchpriority=\"high\" decoding=\"async\"><img src=\"https:\/\/slot-rize.org\/wp-content\/uploads\/2026\/02\/Mobile-banner.webp\" class=\"w-100 d-md-none\" alt=\"Mobile banner\" fetchpriority=\"high\" decoding=\"async\"><div class=\"banner-description\">\n<div class=\"banner-title\">Willkommensboni<\/div>\n<p class=\"banner-header-title\">1500 \u20ac<\/p>\n<div class=\"banner-header-AdditionalText\">+ 250 Freispiele<\/div>\n<button data-item=\"homepage_banner_link\" class=\"goto m-button m-gradient-border m-button--primary m-button--large banner-button btn-orange\">\n            <div class=\"m-button-content\">\n                <span>Jetzt anmelden<\/span>\n                <span><\/span>\n            <\/div>\n        <\/button>\n<\/div>\n<div class=\"WelcomePack\">\n<p><img loading=\"lazy\" decoding=\"async\" class=\"alignnone size-full wp-image-1476\" src=\"https:\/\/slot-rize.org\/wp-content\/uploads\/welcome-crown.svg\" alt=\"welcome crown\" width=\"25\" height=\"26\" \/><\/p>\n<div class=\"WelcomePack-Info\">W\u00f6chentlicher Cashback von bis zu 25 %<\/div>\n<p><img loading=\"lazy\" decoding=\"async\" class=\"alignnone size-full wp-image-1476\" src=\"https:\/\/slot-rize.org\/wp-content\/uploads\/welcome-crown.svg\" alt=\"welcome crown\" width=\"25\" height=\"26\" \/><\/p>\n<\/div>\n<\/div><div class=\"scrollable-content-wrap my-5\"><div class=\"scrollable-content-inner\"><h2>Neuanmeldung bei Slot Rize<\/h2>\n<p>Die Registrierung bei Slotrize Casino bietet Spielern viele Vorteile. Zum einen k\u00f6nnen Sie einige der beliebtesten Slots kostenlos im Demo-Modus ausprobieren. Zum anderen bieten wir jedem neu registrierten Nutzer einen gro\u00dfz\u00fcgigen Willkommensbonus, der den Spielspa\u00df maximiert. Au\u00dferdem k\u00f6nnen Sie im Rahmen unseres Treueprogramms Punkte sammeln und erhalten so Zugang zu noch mehr Verg\u00fcnstigungen.<\/p>\n<h3>So erstellen Sie Ihr Konto<\/h3>\n<p>Die Erstellung Ihres Slotrize Casino Kontos erfolgt in nur sechs einfachen Schritten:<\/p>\n<ol>\n<li>Klicken Sie auf die Schaltfl\u00e4che \u201eAnmelden\u201c in der oberen rechten Ecke unserer Homepage.<\/li>\n<li>Geben Sie Ihre E-Mail-Adresse in das sich \u00f6ffnende Registrierungsformular ein.<\/li>\n<li>Erstellen Sie ein sicheres Passwort.<\/li>\n<li>Best\u00e4tigen Sie, dass Sie \u00fcber 18 Jahre alt sind, und akzeptieren Sie unsere Allgemeinen Gesch\u00e4ftsbedingungen.<\/li>\n<li>Tippen Sie auf die Schaltfl\u00e4che, um fortzufahren.<\/li>\n<li>F\u00fcllen Sie das zweite Formular mit weiteren Angaben aus: Ihrem Vornamen, Nachnamen und Ihrer Telefonnummer.<\/li>\n<\/ol>\n<p>Sie k\u00f6nnen nur dann im Slotrize Casino spielen, wenn Sie in einem Land wohnen, in dem Online-Gl\u00fccksspiele legal sind. Die Website erkennt Ihren aktuellen Standort und f\u00fcgt ihn automatisch Ihrem Konto hinzu. Sie k\u00f6nnen diese Informationen ohne die Hilfe unseres Kundensupport-Teams nicht bearbeiten. Benutzer haben auch nicht das Recht, ihr Geburtsdatum manuell zu \u00e4ndern. Daher ist es wichtig, dass Sie uns von Anfang an die richtigen pers\u00f6nlichen Daten zur Verf\u00fcgung stellen.<\/p>\n<p>Die Angaben, die Sie in Ihrem Slot Rize Konto frei bearbeiten k\u00f6nnen, sind Ihr Vor- und Nachname, Ihr Benutzername, Ihr Geschlecht und Ihre Kontaktdaten. Falls Sie Ihr Passwort aktualisieren m\u00fcssen, k\u00f6nnen Sie dies ebenfalls in den Sicherheitseinstellungen Ihres Profils tun.<\/p>\n<h2>Verwendung Ihres Slotrize Kontos<\/h2>\n<p>Der Anmeldevorgang bei Slotrize ist noch einfacher als die Registrierung auf unserer Website. Sie m\u00fcssen lediglich auf die Schaltfl\u00e4che \u201eAnmelden\u201c klicken, Ihre Anmeldedaten (d. h. E-Mail-Adresse und Passwort) eingeben und erneut auf den Bildschirm tippen, um den Vorgang abzuschlie\u00dfen.<\/p>\n<p>Nach der Anmeldung bei Slotrize k\u00f6nnen Sie Tausende von Casinospielen sowie die folgenden praktischen Kontooberfl\u00e4chen nutzen:<\/p>\n<table>\n<tbody>\n<tr>\n<td>Schnittstelle<\/td>\n<td>Beschreibung<\/td>\n<\/tr>\n<tr>\n<td>Geldb\u00f6rse<\/td>\n<td>Dies ist Ihr Zentrum f\u00fcr die Verwaltung Ihrer Gelder mit Schaltfl\u00e4chen f\u00fcr schnelle Ein- und Auszahlungen. Hier werden die Summen Ihres Echtgeldes und Ihres Bonusgeldes sowie Ihre aktuellen Auszahlungslimits angezeigt.<\/td>\n<\/tr>\n<tr>\n<td>Verlauf<\/td>\n<td>Hier finden Sie Berichte \u00fcber alle Ihre vergangenen und laufenden Aktivit\u00e4ten bei Slotrize Casino, einschlie\u00dflich Spielsitzungen, Finanztransaktionen, Bonusnutzung, Wetten usw.<\/td>\n<\/tr>\n<tr>\n<td>Profil<\/td>\n<td>Diese Oberfl\u00e4che enth\u00e4lt verschiedene Arten von Einstellungen: allgemeine Informationen, Sicherheit und Spiellimits.<\/td>\n<\/tr>\n<\/tbody>\n<\/table>\n<h3>Kontoverifizierungsprozess<\/h3>\n<p>Bei der Registrierung bei Slot Rize Casino ist keine ID-Verifizierung erforderlich. Wir bitten Sie jedoch, uns bei Ihrem ersten Auszahlungsversuch Kopien Ihrer Dokumente zur Verf\u00fcgung zu stellen. Zu diesen Dokumenten geh\u00f6ren:<\/p>\n<ul>\n<li>Reisepass oder F\u00fchrerschein<\/li>\n<li>Aktuelle Strom-, Gas- oder Wasserrechnungen<\/li>\n<li>Debitkarte, die f\u00fcr die Finanztransaktion verwendet wurde<\/li>\n<\/ul>\n<p>Das Verfahren zur Identit\u00e4tspr\u00fcfung hilft uns sicherzustellen, dass keine Partei absichtlich oder unabsichtlich gegen das Gesetz verst\u00f6\u00dft und dass Sie sich mit authentischen Zugangsdaten bei Slotrize angemeldet haben. Der gesamte Vorgang dauert etwa 48 Stunden. Nach erfolgreichem Abschluss k\u00f6nnen Sie Ihre Casino-Gewinne ohne weitere Identit\u00e4tspr\u00fcfungen auszahlen lassen.<\/p>\n<p>Es ist auch wichtig, dass Sie Ihre E-Mail-Adresse und Telefonnummer in Ihrem pers\u00f6nlichen Konto best\u00e4tigen. Diese einfache Ma\u00dfnahme erm\u00f6glicht eine bessere Kommunikation und Sicherheit. Au\u00dferdem k\u00f6nnen Sie durch die Best\u00e4tigung Ihrer Kontaktdaten zus\u00e4tzliche Slotrize Punkte sammeln und diese dann f\u00fcr Boni in unserem Casino-Shop ausgeben.<\/p>\n<h3>Sicherheitsma\u00dfnahmen<\/h3>\n<p>Wir \u00fcberwachen jede Slotrize Anmeldung, um verd\u00e4chtige Aktivit\u00e4ten fr\u00fchzeitig zu erkennen und Ihr Konto vor Missbrauch zu sch\u00fctzen. Um Ihre vertraulichen Daten zu sch\u00fctzen, empfehlen wir Ihnen au\u00dferdem, Ihr Passwort in den Sicherheitseinstellungen regelm\u00e4\u00dfig zu aktualisieren.<\/p>\n<p>Sie haben auch die M\u00f6glichkeit, die Zwei-Faktor-Authentifizierung (2FA) zu aktivieren. Diese einfache Ma\u00dfnahme erfordert, dass Sie bei jeder Anmeldung bei Slot Rize Casino einen einmaligen Einmalcode eingeben. Auf diese Weise wird das Risiko eines unbefugten Zugriffs auf null reduziert.<\/p>\n<h2>FAQ<\/h2>\n<h3>Ist die Registrierung in Ihrem Online-Casino kostenlos?<\/h3>\n<p>Ja, Sie k\u00f6nnen kostenlos ein Slotrize Casino Konto erstellen \u2013 wir erheben keine Geb\u00fchren f\u00fcr die Registrierung. Nach der Anmeldung k\u00f6nnen Sie sogar einige Online-Slots kostenlos spielen. Um jedoch Wetten zu platzieren und Geld zu verdienen, m\u00fcssen Sie entweder echtes Geld oder Bonusgeld einsetzen.<\/p>\n<h3>Wie kann ich mein Passwort oder meine E-Mail-Adresse aktualisieren?<\/h3>\n<p>Die Bearbeitung Ihrer pers\u00f6nlichen Daten und Kontaktdaten ist \u00fcber Ihr Slotrize Casino Profil m\u00f6glich. Klicken Sie einfach auf die Schaltfl\u00e4che \u201ePers\u00f6nliche Daten bearbeiten\u201c und suchen Sie das Feld \u201eKontakte\u201c, um Ihre E-Mail-Adresse zu \u00e4ndern. Um Ihr Passwort zu \u00e4ndern, \u00f6ffnen Sie die Sicherheitseinstellungen.<\/p>\n<h3>Was soll ich tun, wenn mein Konto gesperrt ist?<\/h3>\n<p>Benutzer werden aufgrund zu vieler fehlgeschlagener Slotrize Anmeldeversuche oder verd\u00e4chtiger Aktivit\u00e4ten aus ihren Konten ausgesperrt. Im ersten Fall m\u00fcssen Sie nur eine Weile warten, bevor Sie sich erneut anmelden (und Ihr Passwort zur\u00fccksetzen, um sicherzustellen, dass Sie das richtige verwenden). Im zweiten Fall oder bei einem unbekannten Grund k\u00f6nnen Sie sich gerne \u00fcber den Live Chat oder per E-Mail an unsere mehrsprachigen Support-Spezialisten wenden \u2013 wir finden eine optimale L\u00f6sung f\u00fcr Ihr Problem.<\/p>\n<\/div><\/div><\/p>\n","protected":false},"excerpt":{"rendered":"<p>Slotrize Kontoanmeldung und -Registrierung Der Slotrize Login Prozess ist einfach und dauert nur wenige Sekunden. Spieler m\u00fcssen bei der Registrierung nicht zu viele pers\u00f6nliche Daten angeben oder ihre Identit\u00e4t \u00fcberpr\u00fcfen lassen. Mit nur wenigen Klicks k\u00f6nnen Sie Ihr Slotrize Konto erstellen und sofort mit dem Spielen von Online-Slots und anderen Casinospielen beginnen.<\/p>\n","protected":false},"author":1,"featured_media":0,"parent":0,"menu_order":0,"comment_status":"closed","ping_status":"closed","template":"template-builder.php","meta":{"_acf_changed":false,"inline_featured_image":false,"footnotes":""},"class_list":["post-1457","page","type-page","status-publish","hentry"],"acf":[],"yoast_head":"<!-- This site is optimized with the Yoast SEO plugin v27.3 - https:\/\/yoast.com\/product\/yoast-seo-wordpress\/ -->\n<title>Slotrize Login and Registration<\/title>\n<meta name=\"description\" content=\"Effortlessly create, manage, and verify your Slotrize Casino account. Enjoy fast registration, easy account recovery, and secure closure with Slotrize Login, keeping your account protected around the clock.\" \/>\n<meta name=\"robots\" content=\"index, follow, max-snippet:-1, max-image-preview:large, max-video-preview:-1\" \/>\n<link rel=\"canonical\" href=\"https:\/\/slot-rize.org\/de\/anmeldung-und-registrierung\/\" \/>\n<meta property=\"og:locale\" content=\"de_DE\" \/>\n<meta property=\"og:type\" content=\"article\" \/>\n<meta property=\"og:title\" content=\"Slotrize Login and Registration\" \/>\n<meta property=\"og:description\" content=\"Effortlessly create, manage, and verify your Slotrize Casino account. Enjoy fast registration, easy account recovery, and secure closure with Slotrize Login, keeping your account protected around the clock.\" \/>\n<meta property=\"og:url\" content=\"https:\/\/slot-rize.org\/de\/anmeldung-und-registrierung\/\" \/>\n<meta property=\"og:site_name\" content=\"Slotrize\" \/>\n<meta property=\"article:modified_time\" content=\"2026-02-06T07:46:59+00:00\" \/>\n<meta name=\"twitter:card\" content=\"summary_large_image\" \/>\n<meta name=\"twitter:label1\" content=\"Gesch\u00e4tzte Lesezeit\" \/>\n\t<meta name=\"twitter:data1\" content=\"1\u00a0Minute\" \/>\n<script type=\"application\/ld+json\" class=\"yoast-schema-graph\">{\"@context\":\"https:\\\/\\\/schema.org\",\"@graph\":[{\"@type\":\"WebPage\",\"@id\":\"https:\\\/\\\/slot-rize.org\\\/de\\\/anmeldung-und-registrierung\\\/\",\"url\":\"https:\\\/\\\/slot-rize.org\\\/de\\\/anmeldung-und-registrierung\\\/\",\"name\":\"Slotrize Login and Registration\",\"isPartOf\":{\"@id\":\"https:\\\/\\\/slot-rize.org\\\/de\\\/#website\"},\"datePublished\":\"2026-02-05T14:08:47+00:00\",\"dateModified\":\"2026-02-06T07:46:59+00:00\",\"description\":\"Effortlessly create, manage, and verify your Slotrize Casino account. Enjoy fast registration, easy account recovery, and secure closure with Slotrize Login, keeping your account protected around the clock.\",\"breadcrumb\":{\"@id\":\"https:\\\/\\\/slot-rize.org\\\/de\\\/anmeldung-und-registrierung\\\/#breadcrumb\"},\"inLanguage\":\"de\",\"potentialAction\":[{\"@type\":\"ReadAction\",\"target\":[\"https:\\\/\\\/slot-rize.org\\\/de\\\/anmeldung-und-registrierung\\\/\"]}]},{\"@type\":\"BreadcrumbList\",\"@id\":\"https:\\\/\\\/slot-rize.org\\\/de\\\/anmeldung-und-registrierung\\\/#breadcrumb\",\"itemListElement\":[{\"@type\":\"ListItem\",\"position\":1,\"name\":\"Slotrize\",\"item\":\"https:\\\/\\\/slot-rize.org\\\/de\\\/\"},{\"@type\":\"ListItem\",\"position\":2,\"name\":\"Anmeldung und Registrierung\"}]},{\"@type\":\"WebSite\",\"@id\":\"https:\\\/\\\/slot-rize.org\\\/de\\\/#website\",\"url\":\"https:\\\/\\\/slot-rize.org\\\/de\\\/\",\"name\":\"Slotrize\",\"description\":\"\",\"publisher\":{\"@id\":\"https:\\\/\\\/slot-rize.org\\\/de\\\/#organization\"},\"potentialAction\":[{\"@type\":\"SearchAction\",\"target\":{\"@type\":\"EntryPoint\",\"urlTemplate\":\"https:\\\/\\\/slot-rize.org\\\/de\\\/?s={search_term_string}\"},\"query-input\":{\"@type\":\"PropertyValueSpecification\",\"valueRequired\":true,\"valueName\":\"search_term_string\"}}],\"inLanguage\":\"de\"},{\"@type\":\"Organization\",\"@id\":\"https:\\\/\\\/slot-rize.org\\\/de\\\/#organization\",\"name\":\"Slotrize\",\"url\":\"https:\\\/\\\/slot-rize.org\\\/de\\\/\",\"logo\":{\"@type\":\"ImageObject\",\"inLanguage\":\"de\",\"@id\":\"https:\\\/\\\/slot-rize.org\\\/de\\\/#\\\/schema\\\/logo\\\/image\\\/\",\"url\":\"https:\\\/\\\/slot-rize.org\\\/wp-content\\\/uploads\\\/2026\\\/02\\\/Slotrize-logo-1.svg\",\"contentUrl\":\"https:\\\/\\\/slot-rize.org\\\/wp-content\\\/uploads\\\/2026\\\/02\\\/Slotrize-logo-1.svg\",\"width\":54,\"height\":27,\"caption\":\"Slotrize\"},\"image\":{\"@id\":\"https:\\\/\\\/slot-rize.org\\\/de\\\/#\\\/schema\\\/logo\\\/image\\\/\"}}]}<\/script>\n<!-- \/ Yoast SEO plugin. -->","yoast_head_json":{"title":"Slotrize Login and Registration","description":"Effortlessly create, manage, and verify your Slotrize Casino account. Enjoy fast registration, easy account recovery, and secure closure with Slotrize Login, keeping your account protected around the clock.","robots":{"index":"index","follow":"follow","max-snippet":"max-snippet:-1","max-image-preview":"max-image-preview:large","max-video-preview":"max-video-preview:-1"},"canonical":"https:\/\/slot-rize.org\/de\/anmeldung-und-registrierung\/","og_locale":"de_DE","og_type":"article","og_title":"Slotrize Login and Registration","og_description":"Effortlessly create, manage, and verify your Slotrize Casino account. Enjoy fast registration, easy account recovery, and secure closure with Slotrize Login, keeping your account protected around the clock.","og_url":"https:\/\/slot-rize.org\/de\/anmeldung-und-registrierung\/","og_site_name":"Slotrize","article_modified_time":"2026-02-06T07:46:59+00:00","twitter_card":"summary_large_image","twitter_misc":{"Gesch\u00e4tzte Lesezeit":"1\u00a0Minute"},"schema":{"@context":"https:\/\/schema.org","@graph":[{"@type":"WebPage","@id":"https:\/\/slot-rize.org\/de\/anmeldung-und-registrierung\/","url":"https:\/\/slot-rize.org\/de\/anmeldung-und-registrierung\/","name":"Slotrize Login and Registration","isPartOf":{"@id":"https:\/\/slot-rize.org\/de\/#website"},"datePublished":"2026-02-05T14:08:47+00:00","dateModified":"2026-02-06T07:46:59+00:00","description":"Effortlessly create, manage, and verify your Slotrize Casino account. Enjoy fast registration, easy account recovery, and secure closure with Slotrize Login, keeping your account protected around the clock.","breadcrumb":{"@id":"https:\/\/slot-rize.org\/de\/anmeldung-und-registrierung\/#breadcrumb"},"inLanguage":"de","potentialAction":[{"@type":"ReadAction","target":["https:\/\/slot-rize.org\/de\/anmeldung-und-registrierung\/"]}]},{"@type":"BreadcrumbList","@id":"https:\/\/slot-rize.org\/de\/anmeldung-und-registrierung\/#breadcrumb","itemListElement":[{"@type":"ListItem","position":1,"name":"Slotrize","item":"https:\/\/slot-rize.org\/de\/"},{"@type":"ListItem","position":2,"name":"Anmeldung und Registrierung"}]},{"@type":"WebSite","@id":"https:\/\/slot-rize.org\/de\/#website","url":"https:\/\/slot-rize.org\/de\/","name":"Slotrize","description":"","publisher":{"@id":"https:\/\/slot-rize.org\/de\/#organization"},"potentialAction":[{"@type":"SearchAction","target":{"@type":"EntryPoint","urlTemplate":"https:\/\/slot-rize.org\/de\/?s={search_term_string}"},"query-input":{"@type":"PropertyValueSpecification","valueRequired":true,"valueName":"search_term_string"}}],"inLanguage":"de"},{"@type":"Organization","@id":"https:\/\/slot-rize.org\/de\/#organization","name":"Slotrize","url":"https:\/\/slot-rize.org\/de\/","logo":{"@type":"ImageObject","inLanguage":"de","@id":"https:\/\/slot-rize.org\/de\/#\/schema\/logo\/image\/","url":"https:\/\/slot-rize.org\/wp-content\/uploads\/2026\/02\/Slotrize-logo-1.svg","contentUrl":"https:\/\/slot-rize.org\/wp-content\/uploads\/2026\/02\/Slotrize-logo-1.svg","width":54,"height":27,"caption":"Slotrize"},"image":{"@id":"https:\/\/slot-rize.org\/de\/#\/schema\/logo\/image\/"}}]}},"_links":{"self":[{"href":"https:\/\/slot-rize.org\/de\/wp-json\/wp\/v2\/pages\/1457","targetHints":{"allow":["GET"]}}],"collection":[{"href":"https:\/\/slot-rize.org\/de\/wp-json\/wp\/v2\/pages"}],"about":[{"href":"https:\/\/slot-rize.org\/de\/wp-json\/wp\/v2\/types\/page"}],"author":[{"embeddable":true,"href":"https:\/\/slot-rize.org\/de\/wp-json\/wp\/v2\/users\/1"}],"replies":[{"embeddable":true,"href":"https:\/\/slot-rize.org\/de\/wp-json\/wp\/v2\/comments?post=1457"}],"version-history":[{"count":2,"href":"https:\/\/slot-rize.org\/de\/wp-json\/wp\/v2\/pages\/1457\/revisions"}],"predecessor-version":[{"id":1615,"href":"https:\/\/slot-rize.org\/de\/wp-json\/wp\/v2\/pages\/1457\/revisions\/1615"}],"wp:attachment":[{"href":"https:\/\/slot-rize.org\/de\/wp-json\/wp\/v2\/media?parent=1457"}],"curies":[{"name":"wp","href":"https:\/\/api.w.org\/{rel}","templated":true}]}}