{"id":1423,"date":"2026-02-05T13:56:34","date_gmt":"2026-02-05T13:56:34","guid":{"rendered":"https:\/\/slot-rize.org\/app\/"},"modified":"2026-02-06T10:00:10","modified_gmt":"2026-02-06T10:00:10","slug":"aplicacion","status":"publish","type":"page","link":"https:\/\/slot-rize.org\/es\/aplicacion\/","title":{"rendered":"Aplicaci\u00f3n"},"content":{"rendered":"<h1>Plataforma m\u00f3vil Slot Rize<\/h1>\n<p>La Slotrize app te permite acceder de forma f\u00e1cil y c\u00f3moda a tu cuenta del casino. Con su ayuda, puedes jugar a las tragamonedas online m\u00e1s modernas, unirte a mesas con crupier en vivo, ganar botes progresivos y disfrutar de un sinf\u00edn de otras actividades de nuestro amplio cat\u00e1logo cuando est\u00e9s fuera de casa. La aplicaci\u00f3n es de uso gratuito para los jugadores espa\u00f1oles y es compatible con cualquier tipo de dispositivo: iOS, Android e incluso Windows o macOS.<\/p>\n<div class=\"banner-wrap\" aria-label=\"Banner\"><img src=\"https:\/\/slot-rize.org\/wp-content\/uploads\/2026\/02\/Desktop-banner-scaled-1.webp\" class=\"w-100 d-none d-lg-block img-pc main-banner-img\" alt=\"Desktop banner scaled\" fetchpriority=\"high\" decoding=\"async\"><img src=\"https:\/\/slot-rize.org\/wp-content\/uploads\/2026\/02\/Mobile-banner.webp\" class=\"w-100 d-none d-md-block d-lg-none main-banner-img\" alt=\"Mobile banner\" fetchpriority=\"high\" decoding=\"async\"><img src=\"https:\/\/slot-rize.org\/wp-content\/uploads\/2026\/02\/Mobile-banner.webp\" class=\"w-100 d-md-none\" alt=\"Mobile banner\" fetchpriority=\"high\" decoding=\"async\"><div class=\"banner-description\">\n<div class=\"banner-title\">Bonos de bienvenida<\/div>\n<p class=\"banner-header-title\">1500 \u20ac<\/p>\n<div class=\"banner-header-AdditionalText\">+ 250 Tiradas gratis<\/div>\n<button data-item=\"homepage_banner_link\" class=\"goto m-button m-gradient-border m-button--primary m-button--large banner-button btn-orange\">\n            <div class=\"m-button-content\">\n                <span>Reg\u00edstrate ahora<\/span>\n                <span><\/span>\n            <\/div>\n        <\/button>\n<\/div>\n<div class=\"WelcomePack\">\n<p><img loading=\"lazy\" decoding=\"async\" class=\"alignnone size-full wp-image-1480\" src=\"https:\/\/slot-rize.org\/wp-content\/uploads\/welcome-crown.svg\" alt=\"welcome crown\" width=\"25\" height=\"26\" \/><\/p>\n<div class=\"WelcomePack-Info\">Reembolso semanal de hasta el 25 %<\/div>\n<p><img loading=\"lazy\" decoding=\"async\" class=\"alignnone size-full wp-image-1480\" src=\"https:\/\/slot-rize.org\/wp-content\/uploads\/welcome-crown.svg\" alt=\"welcome crown\" width=\"25\" height=\"26\" \/><\/p>\n<\/div>\n<\/div>\n<h2>Usar Slotrize en tu dispositivo m\u00f3vil<\/h2>\n<p>La aplicaci\u00f3n Slotrize tiene el formato de una aplicaci\u00f3n web progresiva (PWA), que sirve como acceso directo a nuestro sitio web oficial. Despu\u00e9s de instalarla en tu dispositivo Android o iOS, no volver\u00e1s a necesitar abrir nuestro casino a trav\u00e9s de un navegador: solo tendr\u00e1s que hacer clic en el icono de tu pantalla de inicio y podr\u00e1s empezar a jugar a las tragamonedas de inmediato.<\/p>\n<p>La versi\u00f3n m\u00f3vil de Slotrize Casino ofrece las mismas funciones e interfaces que el sitio web oficial. Sin embargo, es perfecta para aquellos que prefieren apostar utilizando sus tel\u00e9fonos inteligentes o tabletas en lugar de ordenadores.<\/p>\n<p>Estas son las principales ventajas de utilizar la Slot Rize app en lugar de jugar en tu ordenador:<\/p>\n<ul>\n<li>Mayor movilidad. No es necesario sentarse en casa frente al ordenador. Podr\u00e1s disfrutar f\u00e1cilmente de una experiencia de juego de primera categor\u00eda incluso mientras viajas.<\/li>\n<li>F\u00e1cil acceso. Iniciar sesi\u00f3n en tu cuenta de casino m\u00f3vil es m\u00e1s r\u00e1pido desde la pantalla de inicio de tu tel\u00e9fono que desde un navegador.<\/li>\n<li>Tiempo de carga m\u00e1s r\u00e1pido. La PWA utiliza activos clave de cach\u00e9 inteligente que hacen que las interfaces del casino aparezcan en tu pantalla de forma inmediata.<\/li>\n<li>Notificaciones push. Con tu permiso, nuestra PWA te mantendr\u00e1 informado de las nuevas campa\u00f1as promocionales y bonificaciones disponibles.<\/li>\n<li>Funcionalidad sin conexi\u00f3n. Puedes consultar la informaci\u00f3n de tu cuenta del casino incluso si no est\u00e1s conectado a Internet, ya que el contenido cargado previamente permanece visible a trav\u00e9s de una PWA.<\/li>\n<\/ul>\n<p>Adem\u00e1s, tambi\u00e9n puedes instalar la aplicaci\u00f3n Slotrize en el escritorio de tu ordenador. As\u00ed, independientemente del dispositivo que decidas utilizar para jugar en nuestro casino, tus datos de actividad se sincronizar\u00e1n perfectamente entre todas las plataformas.<\/p>\n<p><div class=\"scrollable-content-wrap my-5\"><div class=\"scrollable-content-inner\"><h2>Aplicaci\u00f3n m\u00f3vil Slotrize para iOS<\/h2>\n<p>Para los usuarios de iPhone e iPad, el proceso de instalaci\u00f3n de la aplicaci\u00f3n Slotrize es igual de sencillo:<\/p>\n<ol>\n<li>Abre nuestro sitio web en el navegador de tu m\u00f3vil.<\/li>\n<li>Ve a la configuraci\u00f3n del navegador y selecciona la opci\u00f3n \u00abA\u00f1adir a la pantalla de inicio\u00bb.<\/li>\n<li>Inicie el proceso de instalaci\u00f3n con un clic en un bot\u00f3n.<\/li>\n<li>Espere unos segundos a que aparezca el icono del casino en la pantalla de su dispositivo.<\/li>\n<\/ol>\n<p>Una vez hecho esto, podr\u00e1s iniciar sesi\u00f3n en tu cuenta, realizar dep\u00f3sitos, jugar a las tragaperras y participar en juegos con crupier en vivo c\u00f3modamente, incluso mientras te desplazas.<\/p>\n<p><img loading=\"lazy\" decoding=\"async\" src=\"https:\/\/slot-rize.org\/wp-content\/uploads\/2026\/02\/Slotrize-iOS.webp\" alt=\"Slotrize iOS\" width=\"1248\" height=\"536\" \/><\/p>\n<\/div><\/div><div style=\"clear: both\"><\/div><div class=\"d-flex justify-content-center\"><button data-item=\"decouvrez_link\" data-group=\"website_links\" class=\"goto fw-bold rounded-pill btn btn-orange\" aria-label=\"Descarga la aplicaci\u00f3n Slotrize\" >Descarga la aplicaci\u00f3n Slotrize<\/button><\/div><div class=\"scrollable-content-wrap my-5\"><div class=\"scrollable-content-inner\"><h2>Aplicaci\u00f3n m\u00f3vil Slotrize para Android<\/h2>\n<p>Aunque el paquete de aplicaciones Android (APK) es uno de los tipos de aplicaciones m\u00e1s comunes para dispositivos Android, tiene varias desventajas en comparaci\u00f3n con las PWA:<\/p>\n<table>\n<tbody>\n<tr>\n<td>Aspecto<\/td>\n<td>APK<\/td>\n<td>PWA<\/td>\n<\/tr>\n<tr>\n<td>Memoria del dispositivo<\/td>\n<td>Ocupa mucho espacio de almacenamiento<\/td>\n<td>Ligero y no consume mucha RAM ni bater\u00eda<\/td>\n<\/tr>\n<tr>\n<td>Actualizaciones<\/td>\n<td>Puede requerir la reinstalaci\u00f3n manual por parte de los usuarios<\/td>\n<td>Se actualiza autom\u00e1ticamente<\/td>\n<\/tr>\n<tr>\n<td>Descarga<\/td>\n<td>Si el APK no est\u00e1 disponible en Google Play Store, es posible que tengas que descargarlo de fuentes no verificadas<\/td>\n<td>No es necesario descargar ning\u00fan archivo sospechoso<\/td>\n<\/tr>\n<tr>\n<td>Tiempo de inicio<\/td>\n<td>Puede tardar un poco, dependiendo de la complejidad y el peso de la aplicaci\u00f3n<\/td>\n<td>Instant\u00e1neo<\/td>\n<\/tr>\n<\/tbody>\n<\/table>\n<p>Instalar la PWA de Slotrize Casino en tu tel\u00e9fono o tableta Android solo requiere unos sencillos pasos:<\/p>\n<ol>\n<li>Ve a nuestro sitio web oficial en el navegador m\u00f3vil que prefieras.<\/li>\n<li>Haz clic en el icono de tres puntos de la barra de direcciones para abrir el men\u00fa.<\/li>\n<li>Seleccione la opci\u00f3n \u00abA\u00f1adir a la pantalla de inicio\u00bb en la lista.<\/li>\n<li>Pulsa el bot\u00f3n para iniciar el proceso de instalaci\u00f3n.<\/li>\n<\/ol>\n<p>A continuaci\u00f3n, el icono de Slot Rize aparecer\u00e1 en tu pantalla en cuesti\u00f3n de segundos. Y cada vez que quieras jugar a nuestros juegos o consultar alguna informaci\u00f3n en tu cuenta personal, solo tendr\u00e1s que hacer clic en \u00e9l para acceder r\u00e1pidamente a Slotrize Casino.<\/p>\n<p><img loading=\"lazy\" decoding=\"async\" src=\"https:\/\/slot-rize.org\/wp-content\/uploads\/2026\/02\/Slotrize-Android.webp\" alt=\"Slotrize Android\" width=\"1248\" height=\"536\" \/><\/p>\n<\/div><\/div><div style=\"clear: both\"><\/div><div class=\"d-flex justify-content-center\"><button data-item=\"decouvrez_link\" data-group=\"website_links\" class=\"goto fw-bold rounded-pill btn btn-orange\" aria-label=\"Descarga la aplicaci\u00f3n Slotrize\" >Descarga la aplicaci\u00f3n Slotrize<\/button><\/div><div class=\"scrollable-content-wrap my-5\"><div class=\"scrollable-content-inner\"><h2>Aplicaciones para Windows y macOS<\/h2>\n<p>El uso de la Slotrize app no se limita solo a los dispositivos m\u00f3viles: nuestra PWA funciona perfectamente en todas las plataformas, incluidos los ordenadores con Windows o macOS. La raz\u00f3n principal para a\u00f1adirla tambi\u00e9n a tu escritorio es que te permite acceder a nuestro casino de forma mucho m\u00e1s r\u00e1pida y c\u00f3moda.<\/p>\n<p>Para instalar la aplicaci\u00f3n en tu ordenador, solo tienes que abrir nuestra p\u00e1gina web oficial y hacer clic en el bot\u00f3n de instalaci\u00f3n de la barra de direcciones (parece una pantalla de ordenador con una flecha). A continuaci\u00f3n, vuelve a pulsar el bot\u00f3n de instalaci\u00f3n y ya est\u00e1. El icono de Slot Rize Casino aparecer\u00e1 en tu escritorio en breve.<\/p>\n<p><img loading=\"lazy\" decoding=\"async\" src=\"https:\/\/slot-rize.org\/wp-content\/uploads\/2026\/02\/Slotrize-Desktop.webp\" alt=\"Slotrize Desktop\" width=\"1248\" height=\"536\" \/><\/p>\n<\/div><\/div><div style=\"clear: both\"><\/div><div class=\"d-flex justify-content-center\"><button data-item=\"decouvrez_link\" data-group=\"website_links\" class=\"goto fw-bold rounded-pill btn btn-orange\" aria-label=\"Descarga la aplicaci\u00f3n Slotrize\" >Descarga la aplicaci\u00f3n Slotrize<\/button><\/div><div class=\"scrollable-content-wrap my-5\"><div class=\"scrollable-content-inner\"><h2>Preguntas frecuentes<\/h2>\n<h3>\u00bfTengo que crear una cuenta en el casino para usar la Slot Rize app?<\/h3>\n<p>Puede instalar la aplicaci\u00f3n Slotrize en su smartphone o ordenador, incluso sin tener una cuenta. Sin embargo, para empezar a jugar a nuestras tragaperras online y utilizar muchas otras interfaces del casino, tiene que registrarse e iniciar sesi\u00f3n. El proceso de registro y verificaci\u00f3n es el mismo independientemente del dispositivo que utilice.<\/p>\n<h3>\u00bfLa aplicaci\u00f3n Slot Rize Casino ofrece atenci\u00f3n al cliente?<\/h3>\n<p>S\u00ed, la Slotrize app permite acceder r\u00e1pidamente a nuestra funci\u00f3n de chat en vivo. El chatbot proporciona respuestas detalladas a cualquier pregunta sobre nuestro casino al instante. Tambi\u00e9n puede ponerse en contacto con nuestro equipo de asistencia por correo electr\u00f3nico. El tiempo de respuesta para este m\u00e9todo de comunicaci\u00f3n est\u00e1 limitado a 24 horas.<\/p>\n<h3>\u00bfC\u00f3mo puedo actualizar la aplicaci\u00f3n Slotrize Casino?<\/h3>\n<p>No es necesario realizar actualizaciones manuales cuando se utiliza nuestra PWA. Cada vez que a\u00f1adimos nuevos juegos de casino a nuestro cat\u00e1logo o introducimos nuevas funciones en el sitio web, la aplicaci\u00f3n tambi\u00e9n se actualiza autom\u00e1ticamente, sin que usted tenga que hacer nada.<\/p>\n<\/div><\/div><\/p>\n","protected":false},"excerpt":{"rendered":"<p>Plataforma m\u00f3vil Slot Rize La Slotrize app te permite acceder de forma f\u00e1cil y c\u00f3moda a tu cuenta del casino. Con su ayuda, puedes jugar a las tragamonedas online m\u00e1s modernas, unirte a mesas con crupier en vivo, ganar botes progresivos y disfrutar de un sinf\u00edn de otras actividades de nuestro amplio cat\u00e1logo cuando est\u00e9s [&hellip;]<\/p>\n","protected":false},"author":1,"featured_media":0,"parent":0,"menu_order":0,"comment_status":"closed","ping_status":"closed","template":"template-builder.php","meta":{"_acf_changed":false,"inline_featured_image":false,"footnotes":""},"class_list":["post-1423","page","type-page","status-publish","hentry"],"acf":[],"yoast_head":"<!-- This site is optimized with the Yoast SEO plugin v27.3 - https:\/\/yoast.com\/product\/yoast-seo-wordpress\/ -->\n<title>Slotrize App | Plataformas iOS y Android<\/title>\n<meta name=\"description\" content=\"La aplicaci\u00f3n Slotrize ofrece una experiencia de juego fluida en casinos para Android, iOS, Windows y macOS, con cuentas sincronizadas, actualizaciones peri\u00f3dicas y asistencia al cliente integrada para una experiencia sin complicaciones.\" \/>\n<meta name=\"robots\" content=\"index, follow, max-snippet:-1, max-image-preview:large, max-video-preview:-1\" \/>\n<link rel=\"canonical\" href=\"https:\/\/slot-rize.org\/es\/aplicacion\/\" \/>\n<meta property=\"og:locale\" content=\"es_ES\" \/>\n<meta property=\"og:type\" content=\"article\" \/>\n<meta property=\"og:title\" content=\"Slotrize App | Plataformas iOS y Android\" \/>\n<meta property=\"og:description\" content=\"La aplicaci\u00f3n Slotrize ofrece una experiencia de juego fluida en casinos para Android, iOS, Windows y macOS, con cuentas sincronizadas, actualizaciones peri\u00f3dicas y asistencia al cliente integrada para una experiencia sin complicaciones.\" \/>\n<meta property=\"og:url\" content=\"https:\/\/slot-rize.org\/es\/aplicacion\/\" \/>\n<meta property=\"og:site_name\" content=\"Slotrize\" \/>\n<meta property=\"article:modified_time\" content=\"2026-02-06T10:00:10+00:00\" \/>\n<meta name=\"twitter:card\" content=\"summary_large_image\" \/>\n<meta name=\"twitter:label1\" content=\"Est. reading time\" \/>\n\t<meta name=\"twitter:data1\" content=\"2 minutos\" \/>\n<script type=\"application\/ld+json\" class=\"yoast-schema-graph\">{\"@context\":\"https:\\\/\\\/schema.org\",\"@graph\":[{\"@type\":\"WebPage\",\"@id\":\"https:\\\/\\\/slot-rize.org\\\/es\\\/aplicacion\\\/\",\"url\":\"https:\\\/\\\/slot-rize.org\\\/es\\\/aplicacion\\\/\",\"name\":\"Slotrize App | Plataformas iOS y Android\",\"isPartOf\":{\"@id\":\"https:\\\/\\\/slot-rize.org\\\/es\\\/#website\"},\"datePublished\":\"2026-02-05T13:56:34+00:00\",\"dateModified\":\"2026-02-06T10:00:10+00:00\",\"description\":\"La aplicaci\u00f3n Slotrize ofrece una experiencia de juego fluida en casinos para Android, iOS, Windows y macOS, con cuentas sincronizadas, actualizaciones peri\u00f3dicas y asistencia al cliente integrada para una experiencia sin complicaciones.\",\"breadcrumb\":{\"@id\":\"https:\\\/\\\/slot-rize.org\\\/es\\\/aplicacion\\\/#breadcrumb\"},\"inLanguage\":\"es\",\"potentialAction\":[{\"@type\":\"ReadAction\",\"target\":[\"https:\\\/\\\/slot-rize.org\\\/es\\\/aplicacion\\\/\"]}]},{\"@type\":\"BreadcrumbList\",\"@id\":\"https:\\\/\\\/slot-rize.org\\\/es\\\/aplicacion\\\/#breadcrumb\",\"itemListElement\":[{\"@type\":\"ListItem\",\"position\":1,\"name\":\"Slotrize\",\"item\":\"https:\\\/\\\/slot-rize.org\\\/es\\\/\"},{\"@type\":\"ListItem\",\"position\":2,\"name\":\"Aplicaci\u00f3n\"}]},{\"@type\":\"WebSite\",\"@id\":\"https:\\\/\\\/slot-rize.org\\\/es\\\/#website\",\"url\":\"https:\\\/\\\/slot-rize.org\\\/es\\\/\",\"name\":\"Slotrize\",\"description\":\"\",\"publisher\":{\"@id\":\"https:\\\/\\\/slot-rize.org\\\/es\\\/#organization\"},\"potentialAction\":[{\"@type\":\"SearchAction\",\"target\":{\"@type\":\"EntryPoint\",\"urlTemplate\":\"https:\\\/\\\/slot-rize.org\\\/es\\\/?s={search_term_string}\"},\"query-input\":{\"@type\":\"PropertyValueSpecification\",\"valueRequired\":true,\"valueName\":\"search_term_string\"}}],\"inLanguage\":\"es\"},{\"@type\":\"Organization\",\"@id\":\"https:\\\/\\\/slot-rize.org\\\/es\\\/#organization\",\"name\":\"Slotrize\",\"url\":\"https:\\\/\\\/slot-rize.org\\\/es\\\/\",\"logo\":{\"@type\":\"ImageObject\",\"inLanguage\":\"es\",\"@id\":\"https:\\\/\\\/slot-rize.org\\\/es\\\/#\\\/schema\\\/logo\\\/image\\\/\",\"url\":\"https:\\\/\\\/slot-rize.org\\\/wp-content\\\/uploads\\\/2026\\\/02\\\/Slotrize-logo-1.svg\",\"contentUrl\":\"https:\\\/\\\/slot-rize.org\\\/wp-content\\\/uploads\\\/2026\\\/02\\\/Slotrize-logo-1.svg\",\"width\":54,\"height\":27,\"caption\":\"Slotrize\"},\"image\":{\"@id\":\"https:\\\/\\\/slot-rize.org\\\/es\\\/#\\\/schema\\\/logo\\\/image\\\/\"}}]}<\/script>\n<!-- \/ Yoast SEO plugin. -->","yoast_head_json":{"title":"Slotrize App | Plataformas iOS y Android","description":"La aplicaci\u00f3n Slotrize ofrece una experiencia de juego fluida en casinos para Android, iOS, Windows y macOS, con cuentas sincronizadas, actualizaciones peri\u00f3dicas y asistencia al cliente integrada para una experiencia sin complicaciones.","robots":{"index":"index","follow":"follow","max-snippet":"max-snippet:-1","max-image-preview":"max-image-preview:large","max-video-preview":"max-video-preview:-1"},"canonical":"https:\/\/slot-rize.org\/es\/aplicacion\/","og_locale":"es_ES","og_type":"article","og_title":"Slotrize App | Plataformas iOS y Android","og_description":"La aplicaci\u00f3n Slotrize ofrece una experiencia de juego fluida en casinos para Android, iOS, Windows y macOS, con cuentas sincronizadas, actualizaciones peri\u00f3dicas y asistencia al cliente integrada para una experiencia sin complicaciones.","og_url":"https:\/\/slot-rize.org\/es\/aplicacion\/","og_site_name":"Slotrize","article_modified_time":"2026-02-06T10:00:10+00:00","twitter_card":"summary_large_image","twitter_misc":{"Est. reading time":"2 minutos"},"schema":{"@context":"https:\/\/schema.org","@graph":[{"@type":"WebPage","@id":"https:\/\/slot-rize.org\/es\/aplicacion\/","url":"https:\/\/slot-rize.org\/es\/aplicacion\/","name":"Slotrize App | Plataformas iOS y Android","isPartOf":{"@id":"https:\/\/slot-rize.org\/es\/#website"},"datePublished":"2026-02-05T13:56:34+00:00","dateModified":"2026-02-06T10:00:10+00:00","description":"La aplicaci\u00f3n Slotrize ofrece una experiencia de juego fluida en casinos para Android, iOS, Windows y macOS, con cuentas sincronizadas, actualizaciones peri\u00f3dicas y asistencia al cliente integrada para una experiencia sin complicaciones.","breadcrumb":{"@id":"https:\/\/slot-rize.org\/es\/aplicacion\/#breadcrumb"},"inLanguage":"es","potentialAction":[{"@type":"ReadAction","target":["https:\/\/slot-rize.org\/es\/aplicacion\/"]}]},{"@type":"BreadcrumbList","@id":"https:\/\/slot-rize.org\/es\/aplicacion\/#breadcrumb","itemListElement":[{"@type":"ListItem","position":1,"name":"Slotrize","item":"https:\/\/slot-rize.org\/es\/"},{"@type":"ListItem","position":2,"name":"Aplicaci\u00f3n"}]},{"@type":"WebSite","@id":"https:\/\/slot-rize.org\/es\/#website","url":"https:\/\/slot-rize.org\/es\/","name":"Slotrize","description":"","publisher":{"@id":"https:\/\/slot-rize.org\/es\/#organization"},"potentialAction":[{"@type":"SearchAction","target":{"@type":"EntryPoint","urlTemplate":"https:\/\/slot-rize.org\/es\/?s={search_term_string}"},"query-input":{"@type":"PropertyValueSpecification","valueRequired":true,"valueName":"search_term_string"}}],"inLanguage":"es"},{"@type":"Organization","@id":"https:\/\/slot-rize.org\/es\/#organization","name":"Slotrize","url":"https:\/\/slot-rize.org\/es\/","logo":{"@type":"ImageObject","inLanguage":"es","@id":"https:\/\/slot-rize.org\/es\/#\/schema\/logo\/image\/","url":"https:\/\/slot-rize.org\/wp-content\/uploads\/2026\/02\/Slotrize-logo-1.svg","contentUrl":"https:\/\/slot-rize.org\/wp-content\/uploads\/2026\/02\/Slotrize-logo-1.svg","width":54,"height":27,"caption":"Slotrize"},"image":{"@id":"https:\/\/slot-rize.org\/es\/#\/schema\/logo\/image\/"}}]}},"_links":{"self":[{"href":"https:\/\/slot-rize.org\/es\/wp-json\/wp\/v2\/pages\/1423","targetHints":{"allow":["GET"]}}],"collection":[{"href":"https:\/\/slot-rize.org\/es\/wp-json\/wp\/v2\/pages"}],"about":[{"href":"https:\/\/slot-rize.org\/es\/wp-json\/wp\/v2\/types\/page"}],"author":[{"embeddable":true,"href":"https:\/\/slot-rize.org\/es\/wp-json\/wp\/v2\/users\/1"}],"replies":[{"embeddable":true,"href":"https:\/\/slot-rize.org\/es\/wp-json\/wp\/v2\/comments?post=1423"}],"version-history":[{"count":2,"href":"https:\/\/slot-rize.org\/es\/wp-json\/wp\/v2\/pages\/1423\/revisions"}],"predecessor-version":[{"id":1819,"href":"https:\/\/slot-rize.org\/es\/wp-json\/wp\/v2\/pages\/1423\/revisions\/1819"}],"wp:attachment":[{"href":"https:\/\/slot-rize.org\/es\/wp-json\/wp\/v2\/media?parent=1423"}],"curies":[{"name":"wp","href":"https:\/\/api.w.org\/{rel}","templated":true}]}}