{"id":1461,"date":"2026-02-05T14:08:47","date_gmt":"2026-02-05T14:08:47","guid":{"rendered":"https:\/\/slot-rize.org\/login-and-registration\/"},"modified":"2026-02-06T10:19:08","modified_gmt":"2026-02-06T10:19:08","slug":"inicio-de-sesion-y-registro","status":"publish","type":"page","link":"https:\/\/slot-rize.org\/es\/inicio-de-sesion-y-registro\/","title":{"rendered":"Inicio de sesi\u00f3n y Registro"},"content":{"rendered":"<h1>Inicio de sesi\u00f3n y registro en la cuenta de Slotrize<\/h1>\n<p>El proceso de Slotrize login es sencillo y no lleva m\u00e1s de unos segundos. Los jugadores espa\u00f1oles no tienen que proporcionarnos demasiados datos personales ni verificar su identidad al registrarse. Con solo unos clics, puedes crear tu cuenta de Slotrize y empezar a jugar a las tragamonedas online y otros juegos de casino de inmediato.<\/p>\n<p><div class=\"banner-wrap\" aria-label=\"Banner\"><img src=\"https:\/\/slot-rize.org\/wp-content\/uploads\/2026\/02\/Desktop-banner-scaled-1.webp\" class=\"w-100 d-none d-lg-block img-pc main-banner-img\" alt=\"Desktop banner scaled\" fetchpriority=\"high\" decoding=\"async\"><img src=\"https:\/\/slot-rize.org\/wp-content\/uploads\/2026\/02\/Mobile-banner.webp\" class=\"w-100 d-none d-md-block d-lg-none main-banner-img\" alt=\"Mobile banner\" fetchpriority=\"high\" decoding=\"async\"><img src=\"https:\/\/slot-rize.org\/wp-content\/uploads\/2026\/02\/Mobile-banner.webp\" class=\"w-100 d-md-none\" alt=\"Mobile banner\" fetchpriority=\"high\" decoding=\"async\"><div class=\"banner-description\">\n<div class=\"banner-title\">Bonos de bienvenida<\/div>\n<p class=\"banner-header-title\">1500 \u20ac<\/p>\n<div class=\"banner-header-AdditionalText\">+ 250 Tiradas gratis<\/div>\n<button data-item=\"homepage_banner_link\" class=\"goto m-button m-gradient-border m-button--primary m-button--large banner-button btn-orange\">\n            <div class=\"m-button-content\">\n                <span>Reg\u00edstrate ahora<\/span>\n                <span><\/span>\n            <\/div>\n        <\/button>\n<\/div>\n<div class=\"WelcomePack\">\n<p><img loading=\"lazy\" decoding=\"async\" class=\"alignnone size-full wp-image-1480\" src=\"https:\/\/slot-rize.org\/wp-content\/uploads\/welcome-crown.svg\" alt=\"welcome crown\" width=\"25\" height=\"26\" \/><\/p>\n<div class=\"WelcomePack-Info\">Reembolso semanal de hasta el 25 %<\/div>\n<p><img loading=\"lazy\" decoding=\"async\" class=\"alignnone size-full wp-image-1480\" src=\"https:\/\/slot-rize.org\/wp-content\/uploads\/welcome-crown.svg\" alt=\"welcome crown\" width=\"25\" height=\"26\" \/><\/p>\n<\/div>\n<\/div><div class=\"scrollable-content-wrap my-5\"><div class=\"scrollable-content-inner\"><h2>Registro de nuevos usuarios en Slot Rize<\/h2>\n<p>El registro en Slotrize Casino ofrece muchas ventajas a los jugadores. Por un lado, te permite probar algunas de las tragamonedas m\u00e1s populares en modo demo de forma gratuita. En segundo lugar, ofrecemos a todos los usuarios reci\u00e9n registrados un generoso bono de bienvenida que maximiza la diversi\u00f3n del juego. Adem\u00e1s, puedes empezar a ganar puntos como parte de nuestro programa de fidelidad y acceder a a\u00fan m\u00e1s ventajas.<\/p>\n<h3>C\u00f3mo crear tu cuenta<\/h3>\n<p>Crear tu cuenta en Slotrize Casino solo requiere seis sencillos pasos:<\/p>\n<ol>\n<li>Haz clic en el bot\u00f3n de registro situado en la esquina superior derecha de nuestra p\u00e1gina de inicio.<\/li>\n<li>Introduce tu direcci\u00f3n de correo electr\u00f3nico en el formulario de registro que se abre.<\/li>\n<li>Crea una contrase\u00f1a segura.<\/li>\n<li>Confirma que eres mayor de 18 a\u00f1os y acepta nuestros t\u00e9rminos y condiciones.<\/li>\n<li>Pulsa el bot\u00f3n para continuar.<\/li>\n<li>Rellene el segundo formulario con datos adicionales: su nombre, apellidos y n\u00famero de tel\u00e9fono.<\/li>\n<\/ol>\n<p>Solo es posible jugar en Slotrize Casino si resides en un pa\u00eds donde el juego online es legal. Por lo tanto, el sitio web detecta tu ubicaci\u00f3n actual y la a\u00f1ade autom\u00e1ticamente a tu cuenta, y no se te permite editar esta informaci\u00f3n sin la ayuda de nuestro equipo de atenci\u00f3n al cliente. Los usuarios tampoco tienen derecho a modificar manualmente su fecha de nacimiento. Por lo tanto, es fundamental que nos proporciones datos personales correctos desde el principio.<\/p>\n<p>Los datos que puedes editar libremente en tu cuenta de Slot Rize son tu nombre y apellidos, nombre de usuario, sexo y datos de contacto. Si necesitas actualizar tu contrase\u00f1a, tambi\u00e9n puedes hacerlo en la configuraci\u00f3n de seguridad de tu perfil.<\/p>\n<h2>Uso de su cuenta de Slotrize<\/h2>\n<p>El proceso de inicio de sesi\u00f3n en Slotrize es a\u00fan m\u00e1s sencillo que registrarse en nuestro sitio web. Todo lo que tienes que hacer es hacer clic en el bot\u00f3n de inicio de sesi\u00f3n, introducir tus credenciales (es decir, tu correo electr\u00f3nico y contrase\u00f1a) y tocar la pantalla una vez m\u00e1s para finalizar el proceso.<\/p>\n<p>Despu\u00e9s de iniciar sesi\u00f3n en Slotrize, podr\u00e1s disfrutar de miles de juegos de casino junto con las siguientes pr\u00e1cticas interfaces de cuenta:<\/p>\n<table>\n<tbody>\n<tr>\n<td>Interfaz<\/td>\n<td>Descripci\u00f3n<\/td>\n<\/tr>\n<tr>\n<td>Cartera<\/td>\n<td>Este es tu centro de gesti\u00f3n de fondos con botones de dep\u00f3sito y retirada r\u00e1pidos. Muestra los totales de tu dinero real y de bonificaci\u00f3n, as\u00ed como tus l\u00edmites de retirada actuales.<\/td>\n<\/tr>\n<tr>\n<td>Historial<\/td>\n<td>Aqu\u00ed puedes encontrar informes sobre todas tus actividades pasadas y actuales en Slotrize Casino, incluyendo sesiones de juego, transacciones financieras, uso de bonificaciones, apuestas, etc.<\/td>\n<\/tr>\n<tr>\n<td>Perfil<\/td>\n<td>Esta interfaz contiene diferentes tipos de ajustes: informaci\u00f3n general, seguridad y l\u00edmites de juego.<\/td>\n<\/tr>\n<\/tbody>\n<\/table>\n<h3>Proceso de verificaci\u00f3n de la cuenta<\/h3>\n<p>No es necesario verificar la identidad al registrarse en Slot Rize Casino. Sin embargo, le pediremos que nos proporcione copias de sus documentos la primera vez que intente retirar fondos. Los documentos incluyen:<\/p>\n<ul>\n<li>Pasaporte o permiso de conducir<\/li>\n<li>Facturas recientes de servicios p\u00fablicos<\/li>\n<li>Tarjeta de d\u00e9bito utilizada para procesar la transacci\u00f3n financiera<\/li>\n<\/ul>\n<p>El procedimiento de verificaci\u00f3n de identidad nos ayudar\u00e1 a asegurarnos de que ninguna de las partes incumpla la ley, ya sea de forma intencionada o no, y de que ha utilizado credenciales aut\u00e9nticas para registrarse en Slotrize. El proceso completo durar\u00e1 unas 48 horas. Una vez finalizado con \u00e9xito, podr\u00e1 retirar sus ganancias del casino sin necesidad de realizar comprobaciones de identidad adicionales.<\/p>\n<p>Tambi\u00e9n es importante que verifique su correo electr\u00f3nico y n\u00famero de tel\u00e9fono en su cuenta personal. Esta sencilla medida permite una mejor comunicaci\u00f3n y seguridad. Adem\u00e1s, al verificar sus datos de contacto, puede ganar puntos Slotrize adicionales y luego gastarlos en bonificaciones en nuestra tienda del casino.<\/p>\n<h3>Medidas de seguridad<\/h3>\n<p>Supervisamos cada inicio de sesi\u00f3n en Slotrize para detectar actividades sospechosas de forma temprana y proteger su cuenta contra usos indebidos. Adem\u00e1s, para proteger su informaci\u00f3n confidencial, le recomendamos que actualice su contrase\u00f1a en la configuraci\u00f3n de seguridad con regularidad.<\/p>\n<p>Tambi\u00e9n tiene la opci\u00f3n de activar la autenticaci\u00f3n de dos factores (2FA). Esta sencilla medida requiere que introduzca un c\u00f3digo \u00fanico de un solo uso cada vez que inicie sesi\u00f3n en Slot Rize Casino. De esta forma, se reduce a cero el riesgo de acceso no autorizado.<\/p>\n<h2>Preguntas frecuentes<\/h2>\n<h3>\u00bfEl registro en su casino online es gratuito?<\/h3>\n<p>S\u00ed, puede crear una cuenta en Slotrize Casino sin coste alguno; no cobramos ninguna tarifa por el registro. Una vez registrado, incluso puede jugar a algunas tragamonedas en l\u00ednea de forma gratuita. Sin embargo, para empezar a realizar apuestas y ganar dinero, tendr\u00e1 que gastar dinero real o dinero de bonificaci\u00f3n.<\/p>\n<h3>\u00bfC\u00f3mo puedo actualizar mi contrase\u00f1a o mi direcci\u00f3n de correo electr\u00f3nico?<\/h3>\n<p>Es posible editar la informaci\u00f3n personal y los datos de contacto a trav\u00e9s de su perfil de Slotrize Casino. Solo tiene que hacer clic en el bot\u00f3n \u00abEditar datos personales\u00bb y localizar el campo de contactos para modificar su direcci\u00f3n de correo electr\u00f3nico. Para cambiar su contrase\u00f1a, abra la configuraci\u00f3n de seguridad.<\/p>\n<h3>\u00bfQu\u00e9 debo hacer si mi cuenta est\u00e1 bloqueada?<\/h3>\n<p>Los usuarios quedan bloqueados fuera de sus cuentas debido a demasiados intentos fallidos de inicio de sesi\u00f3n en Slotrize o a actividades sospechosas. En el primer caso, solo tienes que esperar un tiempo antes de volver a intentar iniciar sesi\u00f3n (y restablecer tu contrase\u00f1a para asegurarte de que utilizas la correcta). En el segundo caso o si se trata de una raz\u00f3n desconocida, no dudes en ponerte en contacto con nuestros especialistas de asistencia multiling\u00fce a trav\u00e9s del chat en vivo o del correo electr\u00f3nico: encontraremos la soluci\u00f3n \u00f3ptima a tu problema.<\/p>\n<\/div><\/div><\/p>\n","protected":false},"excerpt":{"rendered":"<p>Inicio de sesi\u00f3n y registro en la cuenta de Slotrize El proceso de Slotrize login es sencillo y no lleva m\u00e1s de unos segundos. Los jugadores espa\u00f1oles no tienen que proporcionarnos demasiados datos personales ni verificar su identidad al registrarse. Con solo unos clics, puedes crear tu cuenta de Slotrize y empezar a jugar a [&hellip;]<\/p>\n","protected":false},"author":1,"featured_media":0,"parent":0,"menu_order":0,"comment_status":"closed","ping_status":"closed","template":"template-builder.php","meta":{"_acf_changed":false,"inline_featured_image":false,"footnotes":""},"class_list":["post-1461","page","type-page","status-publish","hentry"],"acf":[],"yoast_head":"<!-- This site is optimized with the Yoast SEO plugin v27.3 - https:\/\/yoast.com\/product\/yoast-seo-wordpress\/ -->\n<title>Slotrize Inicio de sesi\u00f3n y registro<\/title>\n<meta name=\"description\" content=\"Crea, gestiona y verifica tu cuenta de Slotrize Casino sin esfuerzo. Disfruta de un registro r\u00e1pido, una recuperaci\u00f3n de cuenta sencilla y un cierre seguro con Slotrize Login, que mantiene tu cuenta protegida las 24 horas del d\u00eda.\" \/>\n<meta name=\"robots\" content=\"index, follow, max-snippet:-1, max-image-preview:large, max-video-preview:-1\" \/>\n<link rel=\"canonical\" href=\"https:\/\/slot-rize.org\/es\/inicio-de-sesion-y-registro\/\" \/>\n<meta property=\"og:locale\" content=\"es_ES\" \/>\n<meta property=\"og:type\" content=\"article\" \/>\n<meta property=\"og:title\" content=\"Slotrize Inicio de sesi\u00f3n y registro\" \/>\n<meta property=\"og:description\" content=\"Crea, gestiona y verifica tu cuenta de Slotrize Casino sin esfuerzo. Disfruta de un registro r\u00e1pido, una recuperaci\u00f3n de cuenta sencilla y un cierre seguro con Slotrize Login, que mantiene tu cuenta protegida las 24 horas del d\u00eda.\" \/>\n<meta property=\"og:url\" content=\"https:\/\/slot-rize.org\/es\/inicio-de-sesion-y-registro\/\" \/>\n<meta property=\"og:site_name\" content=\"Slotrize\" \/>\n<meta property=\"article:modified_time\" content=\"2026-02-06T10:19:08+00:00\" \/>\n<meta name=\"twitter:card\" content=\"summary_large_image\" \/>\n<meta name=\"twitter:label1\" content=\"Est. reading time\" \/>\n\t<meta name=\"twitter:data1\" content=\"5 minutos\" \/>\n<script type=\"application\/ld+json\" class=\"yoast-schema-graph\">{\"@context\":\"https:\\\/\\\/schema.org\",\"@graph\":[{\"@type\":\"WebPage\",\"@id\":\"https:\\\/\\\/slot-rize.org\\\/es\\\/inicio-de-sesion-y-registro\\\/\",\"url\":\"https:\\\/\\\/slot-rize.org\\\/es\\\/inicio-de-sesion-y-registro\\\/\",\"name\":\"Slotrize Inicio de sesi\u00f3n y registro\",\"isPartOf\":{\"@id\":\"https:\\\/\\\/slot-rize.org\\\/es\\\/#website\"},\"datePublished\":\"2026-02-05T14:08:47+00:00\",\"dateModified\":\"2026-02-06T10:19:08+00:00\",\"description\":\"Crea, gestiona y verifica tu cuenta de Slotrize Casino sin esfuerzo. Disfruta de un registro r\u00e1pido, una recuperaci\u00f3n de cuenta sencilla y un cierre seguro con Slotrize Login, que mantiene tu cuenta protegida las 24 horas del d\u00eda.\",\"breadcrumb\":{\"@id\":\"https:\\\/\\\/slot-rize.org\\\/es\\\/inicio-de-sesion-y-registro\\\/#breadcrumb\"},\"inLanguage\":\"es\",\"potentialAction\":[{\"@type\":\"ReadAction\",\"target\":[\"https:\\\/\\\/slot-rize.org\\\/es\\\/inicio-de-sesion-y-registro\\\/\"]}]},{\"@type\":\"BreadcrumbList\",\"@id\":\"https:\\\/\\\/slot-rize.org\\\/es\\\/inicio-de-sesion-y-registro\\\/#breadcrumb\",\"itemListElement\":[{\"@type\":\"ListItem\",\"position\":1,\"name\":\"Slotrize\",\"item\":\"https:\\\/\\\/slot-rize.org\\\/es\\\/\"},{\"@type\":\"ListItem\",\"position\":2,\"name\":\"Inicio de sesi\u00f3n y Registro\"}]},{\"@type\":\"WebSite\",\"@id\":\"https:\\\/\\\/slot-rize.org\\\/es\\\/#website\",\"url\":\"https:\\\/\\\/slot-rize.org\\\/es\\\/\",\"name\":\"Slotrize\",\"description\":\"\",\"publisher\":{\"@id\":\"https:\\\/\\\/slot-rize.org\\\/es\\\/#organization\"},\"potentialAction\":[{\"@type\":\"SearchAction\",\"target\":{\"@type\":\"EntryPoint\",\"urlTemplate\":\"https:\\\/\\\/slot-rize.org\\\/es\\\/?s={search_term_string}\"},\"query-input\":{\"@type\":\"PropertyValueSpecification\",\"valueRequired\":true,\"valueName\":\"search_term_string\"}}],\"inLanguage\":\"es\"},{\"@type\":\"Organization\",\"@id\":\"https:\\\/\\\/slot-rize.org\\\/es\\\/#organization\",\"name\":\"Slotrize\",\"url\":\"https:\\\/\\\/slot-rize.org\\\/es\\\/\",\"logo\":{\"@type\":\"ImageObject\",\"inLanguage\":\"es\",\"@id\":\"https:\\\/\\\/slot-rize.org\\\/es\\\/#\\\/schema\\\/logo\\\/image\\\/\",\"url\":\"https:\\\/\\\/slot-rize.org\\\/wp-content\\\/uploads\\\/2026\\\/02\\\/Slotrize-logo-1.svg\",\"contentUrl\":\"https:\\\/\\\/slot-rize.org\\\/wp-content\\\/uploads\\\/2026\\\/02\\\/Slotrize-logo-1.svg\",\"width\":54,\"height\":27,\"caption\":\"Slotrize\"},\"image\":{\"@id\":\"https:\\\/\\\/slot-rize.org\\\/es\\\/#\\\/schema\\\/logo\\\/image\\\/\"}}]}<\/script>\n<!-- \/ Yoast SEO plugin. -->","yoast_head_json":{"title":"Slotrize Inicio de sesi\u00f3n y registro","description":"Crea, gestiona y verifica tu cuenta de Slotrize Casino sin esfuerzo. Disfruta de un registro r\u00e1pido, una recuperaci\u00f3n de cuenta sencilla y un cierre seguro con Slotrize Login, que mantiene tu cuenta protegida las 24 horas del d\u00eda.","robots":{"index":"index","follow":"follow","max-snippet":"max-snippet:-1","max-image-preview":"max-image-preview:large","max-video-preview":"max-video-preview:-1"},"canonical":"https:\/\/slot-rize.org\/es\/inicio-de-sesion-y-registro\/","og_locale":"es_ES","og_type":"article","og_title":"Slotrize Inicio de sesi\u00f3n y registro","og_description":"Crea, gestiona y verifica tu cuenta de Slotrize Casino sin esfuerzo. Disfruta de un registro r\u00e1pido, una recuperaci\u00f3n de cuenta sencilla y un cierre seguro con Slotrize Login, que mantiene tu cuenta protegida las 24 horas del d\u00eda.","og_url":"https:\/\/slot-rize.org\/es\/inicio-de-sesion-y-registro\/","og_site_name":"Slotrize","article_modified_time":"2026-02-06T10:19:08+00:00","twitter_card":"summary_large_image","twitter_misc":{"Est. reading time":"5 minutos"},"schema":{"@context":"https:\/\/schema.org","@graph":[{"@type":"WebPage","@id":"https:\/\/slot-rize.org\/es\/inicio-de-sesion-y-registro\/","url":"https:\/\/slot-rize.org\/es\/inicio-de-sesion-y-registro\/","name":"Slotrize Inicio de sesi\u00f3n y registro","isPartOf":{"@id":"https:\/\/slot-rize.org\/es\/#website"},"datePublished":"2026-02-05T14:08:47+00:00","dateModified":"2026-02-06T10:19:08+00:00","description":"Crea, gestiona y verifica tu cuenta de Slotrize Casino sin esfuerzo. Disfruta de un registro r\u00e1pido, una recuperaci\u00f3n de cuenta sencilla y un cierre seguro con Slotrize Login, que mantiene tu cuenta protegida las 24 horas del d\u00eda.","breadcrumb":{"@id":"https:\/\/slot-rize.org\/es\/inicio-de-sesion-y-registro\/#breadcrumb"},"inLanguage":"es","potentialAction":[{"@type":"ReadAction","target":["https:\/\/slot-rize.org\/es\/inicio-de-sesion-y-registro\/"]}]},{"@type":"BreadcrumbList","@id":"https:\/\/slot-rize.org\/es\/inicio-de-sesion-y-registro\/#breadcrumb","itemListElement":[{"@type":"ListItem","position":1,"name":"Slotrize","item":"https:\/\/slot-rize.org\/es\/"},{"@type":"ListItem","position":2,"name":"Inicio de sesi\u00f3n y Registro"}]},{"@type":"WebSite","@id":"https:\/\/slot-rize.org\/es\/#website","url":"https:\/\/slot-rize.org\/es\/","name":"Slotrize","description":"","publisher":{"@id":"https:\/\/slot-rize.org\/es\/#organization"},"potentialAction":[{"@type":"SearchAction","target":{"@type":"EntryPoint","urlTemplate":"https:\/\/slot-rize.org\/es\/?s={search_term_string}"},"query-input":{"@type":"PropertyValueSpecification","valueRequired":true,"valueName":"search_term_string"}}],"inLanguage":"es"},{"@type":"Organization","@id":"https:\/\/slot-rize.org\/es\/#organization","name":"Slotrize","url":"https:\/\/slot-rize.org\/es\/","logo":{"@type":"ImageObject","inLanguage":"es","@id":"https:\/\/slot-rize.org\/es\/#\/schema\/logo\/image\/","url":"https:\/\/slot-rize.org\/wp-content\/uploads\/2026\/02\/Slotrize-logo-1.svg","contentUrl":"https:\/\/slot-rize.org\/wp-content\/uploads\/2026\/02\/Slotrize-logo-1.svg","width":54,"height":27,"caption":"Slotrize"},"image":{"@id":"https:\/\/slot-rize.org\/es\/#\/schema\/logo\/image\/"}}]}},"_links":{"self":[{"href":"https:\/\/slot-rize.org\/es\/wp-json\/wp\/v2\/pages\/1461","targetHints":{"allow":["GET"]}}],"collection":[{"href":"https:\/\/slot-rize.org\/es\/wp-json\/wp\/v2\/pages"}],"about":[{"href":"https:\/\/slot-rize.org\/es\/wp-json\/wp\/v2\/types\/page"}],"author":[{"embeddable":true,"href":"https:\/\/slot-rize.org\/es\/wp-json\/wp\/v2\/users\/1"}],"replies":[{"embeddable":true,"href":"https:\/\/slot-rize.org\/es\/wp-json\/wp\/v2\/comments?post=1461"}],"version-history":[{"count":2,"href":"https:\/\/slot-rize.org\/es\/wp-json\/wp\/v2\/pages\/1461\/revisions"}],"predecessor-version":[{"id":1852,"href":"https:\/\/slot-rize.org\/es\/wp-json\/wp\/v2\/pages\/1461\/revisions\/1852"}],"wp:attachment":[{"href":"https:\/\/slot-rize.org\/es\/wp-json\/wp\/v2\/media?parent=1461"}],"curies":[{"name":"wp","href":"https:\/\/api.w.org\/{rel}","templated":true}]}}