{"id":1414,"date":"2026-02-05T13:56:34","date_gmt":"2026-02-05T13:56:34","guid":{"rendered":"https:\/\/slot-rize.org\/app\/"},"modified":"2026-02-05T17:07:31","modified_gmt":"2026-02-05T17:07:31","slug":"app","status":"publish","type":"page","link":"https:\/\/slot-rize.org\/fr\/app\/","title":{"rendered":"App"},"content":{"rendered":"<h1>Plateforme mobile Slot Rize<\/h1>\n<p>La Slotrize app vous permet d&rsquo;acc\u00e9der facilement et commod\u00e9ment \u00e0 votre compte casino. Gr\u00e2ce \u00e0 elle, vous pouvez jouer aux machines \u00e0 sous en ligne les plus tendance, rejoindre des tables avec croupier en direct, gagner des jackpots progressifs et profiter d&rsquo;une multitude d&rsquo;autres activit\u00e9s issues de notre vaste catalogue lorsque vous \u00eates en d\u00e9placement. L&rsquo;application est gratuite pour les joueurs et compatible avec tout type d&rsquo;appareil : iOS, Android et m\u00eame Windows ou macOS.<\/p>\n<div class=\"banner-wrap\" aria-label=\"Banner\"><img src=\"https:\/\/slot-rize.org\/wp-content\/uploads\/2026\/02\/Desktop-banner-scaled-1.webp\" class=\"w-100 d-none d-lg-block img-pc main-banner-img\" alt=\"Desktop banner scaled\" fetchpriority=\"high\" decoding=\"async\"><img src=\"https:\/\/slot-rize.org\/wp-content\/uploads\/2026\/02\/Mobile-banner.webp\" class=\"w-100 d-none d-md-block d-lg-none main-banner-img\" alt=\"Mobile banner\" fetchpriority=\"high\" decoding=\"async\"><img src=\"https:\/\/slot-rize.org\/wp-content\/uploads\/2026\/02\/Mobile-banner.webp\" class=\"w-100 d-md-none\" alt=\"Mobile banner\" fetchpriority=\"high\" decoding=\"async\"><div class=\"banner-description\">\n<div class=\"banner-title\">Bonus de bienvenue<\/div>\n<p class=\"banner-header-title\">1500 \u20ac<\/p>\n<div class=\"banner-header-AdditionalText\">+ 250 Tours gratuits<\/div>\n<button data-item=\"homepage_banner_link\" class=\"goto m-button m-gradient-border m-button--primary m-button--large banner-button btn-orange\">\n            <div class=\"m-button-content\">\n                <span>Inscrivez-vous d\u00e8s maintenant<\/span>\n                <span><\/span>\n            <\/div>\n        <\/button>\n<\/div>\n<div class=\"WelcomePack\">\n<p><img loading=\"lazy\" decoding=\"async\" class=\"alignnone size-full wp-image-1329\" src=\"https:\/\/theslotrize.net\/wp-content\/uploads\/2026\/01\/welcome-crown.svg\" alt=\"crown\" width=\"25\" height=\"26\" \/><\/p>\n<div class=\"WelcomePack-Info\">Cashback hebdomadaire jusqu&rsquo;\u00e0 25 %<\/div>\n<p><img loading=\"lazy\" decoding=\"async\" class=\"alignnone size-full wp-image-1475\" src=\"https:\/\/slot-rize.org\/wp-content\/uploads\/welcome-crown.svg\" alt=\"welcome crown\" width=\"25\" height=\"26\" \/><\/p>\n<\/div>\n<\/div>\n<h2>Utilisation de Slotrize sur votre appareil mobile<\/h2>\n<p>L&rsquo;app Slotrize se pr\u00e9sente sous la forme d&rsquo;une application web progressive (PWA), qui sert de raccourci vers notre site web officiel. Apr\u00e8s l&rsquo;avoir install\u00e9e sur votre appareil Android ou iOS, vous n&rsquo;aurez plus jamais besoin d&rsquo;ouvrir notre casino via un navigateur : il vous suffira de cliquer sur l&rsquo;ic\u00f4ne de votre \u00e9cran d&rsquo;accueil pour commencer \u00e0 jouer aux machines \u00e0 sous imm\u00e9diatement.<\/p>\n<p>La version mobile de Slotrize Casino offre les m\u00eames fonctionnalit\u00e9s et interfaces que le site web officiel. Elle est toutefois parfaite pour ceux qui pr\u00e9f\u00e8rent jouer sur leur smartphone ou leur tablette plut\u00f4t que sur leur PC.<\/p>\n<p>Voici les principaux avantages de l&rsquo;application Slot Rize par rapport au jeu sur ordinateur :<\/p>\n<ul>\n<li>Une plus grande mobilit\u00e9. Vous n&rsquo;avez plus besoin de rester assis chez vous devant votre ordinateur. Vous pouvez facilement profiter d&rsquo;une exp\u00e9rience de jeu de premier ordre, m\u00eame lorsque vous \u00eates en d\u00e9placement.<\/li>\n<li>Acc\u00e8s facile. La connexion \u00e0 votre compte de casino mobile est plus rapide depuis l&rsquo;\u00e9cran d&rsquo;accueil de votre t\u00e9l\u00e9phone que depuis un navigateur.<\/li>\n<li>Temps de chargement plus rapide. La PWA utilise des \u00e9l\u00e9ments cl\u00e9s de cache intelligents qui permettent aux interfaces du casino d&rsquo;appara\u00eetre imm\u00e9diatement sur votre \u00e9cran.<\/li>\n<li>Notifications push. Avec votre autorisation, notre PWA vous tiendra inform\u00e9 des nouvelles campagnes promotionnelles et des bonus disponibles.<\/li>\n<li>Fonctionnalit\u00e9 hors ligne. Vous pouvez consulter les informations de votre compte casino m\u00eame si vous n&rsquo;\u00eates pas connect\u00e9 \u00e0 Internet, car le contenu pr\u00e9c\u00e9demment charg\u00e9 reste visible via une PWA.<\/li>\n<\/ul>\n<p>En outre, vous pouvez \u00e9galement installer l&rsquo;app Slotrize sur le bureau de votre ordinateur. Ainsi, quel que soit l&rsquo;appareil que vous d\u00e9cidez d&rsquo;utiliser pour jouer dans notre casino, vos donn\u00e9es d&rsquo;activit\u00e9 seront synchronis\u00e9es de mani\u00e8re transparente sur toutes les plateformes.<\/p>\n<p><div class=\"scrollable-content-wrap my-5\"><div class=\"scrollable-content-inner\"><h2>Application mobile Slotrize pour iOS<\/h2>\n<p>Pour les utilisateurs d&rsquo;iPhone et d&rsquo;iPad, le processus d&rsquo;installation de l&rsquo;application Slotrize est tout aussi simple :<\/p>\n<ol>\n<li>Ouvrez notre site web dans le navigateur de votre mobile.<\/li>\n<li>Acc\u00e9dez aux param\u00e8tres du navigateur et s\u00e9lectionnez l&rsquo;option \u00ab Ajouter \u00e0 l&rsquo;\u00e9cran d&rsquo;accueil \u00bb.<\/li>\n<li>Lancez le processus d&rsquo;installation en cliquant sur un bouton.<\/li>\n<li>Attendez quelques secondes que l&rsquo;ic\u00f4ne du casino apparaisse sur l&rsquo;\u00e9cran de votre appareil.<\/li>\n<\/ol>\n<p>Une fois cela fait, vous pouvez facilement vous connecter \u00e0 votre compte, effectuer des d\u00e9p\u00f4ts, jouer aux machines \u00e0 sous et participer \u00e0 des jeux avec croupier en direct, m\u00eame lorsque vous \u00eates en d\u00e9placement.<\/p>\n<p><img loading=\"lazy\" decoding=\"async\" src=\"https:\/\/slot-rize.org\/wp-content\/uploads\/2026\/02\/Slotrize-iOS.webp\" alt=\"Slotrize iOS\" width=\"1248\" height=\"536\" \/><\/p>\n<\/div><\/div><div style=\"clear: both\"><\/div><div class=\"d-flex justify-content-center\"><button data-item=\"decouvrez_link\" data-group=\"website_links\" class=\"goto fw-bold rounded-pill btn btn-orange\" aria-label=\"T\u00e9l\u00e9chargez l&#039;application Slotrize\" >T\u00e9l\u00e9chargez l&#039;application Slotrize<\/button><\/div><div class=\"scrollable-content-wrap my-5\"><div class=\"scrollable-content-inner\"><h2>Application mobile Slotrize pour Android<\/h2>\n<p>M\u00eame si les fichiers APK (Android Package Kit) sont l&rsquo;un des types d&rsquo;applications les plus courants pour les appareils Android, ils pr\u00e9sentent plusieurs inconv\u00e9nients par rapport aux PWA :<\/p>\n<table>\n<tbody>\n<tr>\n<td>Aspect<\/td>\n<td>APK<\/td>\n<td>PWA<\/td>\n<\/tr>\n<tr>\n<td>M\u00e9moire de l&rsquo;appareil<\/td>\n<td>Encombrement important<\/td>\n<td>L\u00e9ger et ne consomme pas beaucoup de RAM ni de batterie<\/td>\n<\/tr>\n<tr>\n<td>Mises \u00e0 jour<\/td>\n<td>Peut n\u00e9cessiter une r\u00e9installation manuelle par les utilisateurs<\/td>\n<td>Se met \u00e0 jour automatiquement<\/td>\n<\/tr>\n<tr>\n<td>T\u00e9l\u00e9chargement<\/td>\n<td>Si l&rsquo;APK n&rsquo;est pas disponible dans le Google Play Store, vous devrez peut-\u00eatre le t\u00e9l\u00e9charger \u00e0 partir de sources non v\u00e9rifi\u00e9es<\/td>\n<td>Pas besoin de t\u00e9l\u00e9charger des fichiers suspects<\/td>\n<\/tr>\n<tr>\n<td>Temps de lancement<\/td>\n<td>Peut prendre du temps, selon la complexit\u00e9 et le poids de l&rsquo;application<\/td>\n<td>Instantan\u00e9<\/td>\n<\/tr>\n<\/tbody>\n<\/table>\n<p>L&rsquo;installation de l&rsquo;application PWA Slotrize Casino sur votre t\u00e9l\u00e9phone ou tablette Android ne n\u00e9cessite que quelques \u00e9tapes simples :<\/p>\n<ol>\n<li>Rendez-vous sur notre site officiel dans le navigateur mobile de votre choix.<\/li>\n<li>Cliquez sur l&rsquo;ic\u00f4ne \u00e0 trois points dans la barre d&rsquo;adresse pour ouvrir le menu.<\/li>\n<li>S\u00e9lectionnez l&rsquo;option \u00ab Ajouter \u00e0 l&rsquo;\u00e9cran d&rsquo;accueil \u00bb dans la liste.<\/li>\n<li>Appuyez sur le bouton pour lancer le processus d&rsquo;installation.<\/li>\n<\/ol>\n<p>L&rsquo;ic\u00f4ne Slot Rize appara\u00eetra alors sur votre \u00e9cran en quelques secondes. Et chaque fois que vous voudrez jouer \u00e0 nos jeux ou consulter certaines informations dans votre compte personnel, il vous suffira de cliquer dessus pour acc\u00e9der rapidement \u00e0 Slotrize Casino.<\/p>\n<p><img loading=\"lazy\" decoding=\"async\" src=\"https:\/\/slot-rize.org\/wp-content\/uploads\/2026\/02\/Slotrize-Android.webp\" alt=\"Slotrize Android\" width=\"1248\" height=\"536\" \/><\/p>\n<\/div><\/div><div style=\"clear: both\"><\/div><div class=\"d-flex justify-content-center\"><button data-item=\"decouvrez_link\" data-group=\"website_links\" class=\"goto fw-bold rounded-pill btn btn-orange\" aria-label=\"T\u00e9l\u00e9chargez l&#039;application Slotrize\" >T\u00e9l\u00e9chargez l&#039;application Slotrize<\/button><\/div><div class=\"scrollable-content-wrap my-5\"><div class=\"scrollable-content-inner\"><h2>Applications Windows et macOS<\/h2>\n<p>L&rsquo;utilisation de l&rsquo;application Slotrize ne se limite pas aux appareils mobiles : notre PWA fonctionne parfaitement sur toutes les plateformes, y compris les ordinateurs \u00e9quip\u00e9s de Windows ou macOS. La principale raison de l&rsquo;ajouter \u00e0 votre bureau est qu&rsquo;elle vous permet d&rsquo;acc\u00e9der beaucoup plus rapidement et facilement \u00e0 notre casino.<\/p>\n<p>Pour installer l&rsquo;application sur votre ordinateur, il vous suffit d&rsquo;ouvrir notre site web officiel et de cliquer sur le bouton d&rsquo;installation dans la barre d&rsquo;adresse (il ressemble \u00e0 un \u00e9cran d&rsquo;ordinateur avec une fl\u00e8che). Ensuite, appuyez une nouvelle fois sur le bouton d&rsquo;installation, et le tour est jou\u00e9. L&rsquo;ic\u00f4ne Slot Rize Casino appara\u00eetra rapidement sur votre bureau.<\/p>\n<p><img loading=\"lazy\" decoding=\"async\" src=\"https:\/\/slot-rize.org\/wp-content\/uploads\/2026\/02\/Slotrize-Desktop.webp\" alt=\"Slotrize Desktop\" width=\"1248\" height=\"536\" \/><\/p>\n<\/div><\/div><div style=\"clear: both\"><\/div><div class=\"d-flex justify-content-center\"><button data-item=\"decouvrez_link\" data-group=\"website_links\" class=\"goto fw-bold rounded-pill btn btn-orange\" aria-label=\"T\u00e9l\u00e9chargez l&#039;application Slotrize\" >T\u00e9l\u00e9chargez l&#039;application Slotrize<\/button><\/div><div class=\"scrollable-content-wrap my-5\"><div class=\"scrollable-content-inner\"><h2>FAQ<\/h2>\n<h3>Dois-je cr\u00e9er un compte de casino pour utiliser l&rsquo;app Slot Rize ?<\/h3>\n<p>Vous pouvez installer l&rsquo;application Slotrize sur votre smartphone ou votre ordinateur, m\u00eame sans compte. Cependant, pour commencer \u00e0 jouer \u00e0 nos machines \u00e0 sous en ligne et utiliser de nombreuses autres interfaces du casino, vous devez vous inscrire et vous connecter. Le processus d&rsquo;inscription et de v\u00e9rification est le m\u00eame quel que soit l&rsquo;appareil que vous utilisez.<\/p>\n<h3>L&rsquo;application Slot Rize Casino offre-t-elle un service client ?<\/h3>\n<p>Oui, l&rsquo;app Slotrize permet d&rsquo;acc\u00e9der rapidement \u00e0 notre fonctionnalit\u00e9 de chat en direct. Le chatbot fournit instantan\u00e9ment des r\u00e9ponses d\u00e9taill\u00e9es \u00e0 toutes vos questions sur notre casino. Vous pouvez \u00e9galement contacter notre \u00e9quipe d&rsquo;assistance par e-mail. Le d\u00e9lai de r\u00e9ponse pour ce mode de communication est limit\u00e9 \u00e0 24 heures.<\/p>\n<h3>Comment puis-je mettre \u00e0 jour l&rsquo;app Slotrize Casino ?<\/h3>\n<p>Vous n&rsquo;avez pas besoin d&rsquo;effectuer de mises \u00e0 jour manuelles lorsque vous utilisez notre PWA. Chaque fois que nous ajoutons de nouveaux jeux de casino \u00e0 notre catalogue ou que nous introduisons de nouvelles fonctionnalit\u00e9s sur le site web, l&rsquo;application est \u00e9galement mise \u00e0 jour automatiquement, sans aucune intervention de votre part.<\/p>\n<\/div><\/div><\/p>\n","protected":false},"excerpt":{"rendered":"<p>Plateforme mobile Slot Rize La Slotrize app vous permet d&rsquo;acc\u00e9der facilement et commod\u00e9ment \u00e0 votre compte casino. Gr\u00e2ce \u00e0 elle, vous pouvez jouer aux machines \u00e0 sous en ligne les plus tendance, rejoindre des tables avec croupier en direct, gagner des jackpots progressifs et profiter d&rsquo;une multitude d&rsquo;autres activit\u00e9s issues de notre vaste catalogue lorsque [&hellip;]<\/p>\n","protected":false},"author":1,"featured_media":0,"parent":0,"menu_order":0,"comment_status":"closed","ping_status":"closed","template":"template-builder.php","meta":{"_acf_changed":false,"inline_featured_image":false,"footnotes":""},"class_list":["post-1414","page","type-page","status-publish","hentry"],"acf":[],"yoast_head":"<!-- This site is optimized with the Yoast SEO plugin v27.3 - https:\/\/yoast.com\/product\/yoast-seo-wordpress\/ -->\n<title>Slotrize App | Plateformes iOS et Android<\/title>\n<meta name=\"description\" content=\"L&#039;application Slotrize offre une exp\u00e9rience de jeu fluide sur Android, iOS, Windows et macOS, avec des comptes synchronis\u00e9s, des mises \u00e0 jour r\u00e9guli\u00e8res et un service client int\u00e9gr\u00e9 pour une exp\u00e9rience sans souci.\" \/>\n<meta name=\"robots\" content=\"index, follow, max-snippet:-1, max-image-preview:large, max-video-preview:-1\" \/>\n<link rel=\"canonical\" href=\"https:\/\/slot-rize.org\/fr\/app\/\" \/>\n<meta property=\"og:locale\" content=\"fr_FR\" \/>\n<meta property=\"og:type\" content=\"article\" \/>\n<meta property=\"og:title\" content=\"Slotrize App | Plateformes iOS et Android\" \/>\n<meta property=\"og:description\" content=\"L&#039;application Slotrize offre une exp\u00e9rience de jeu fluide sur Android, iOS, Windows et macOS, avec des comptes synchronis\u00e9s, des mises \u00e0 jour r\u00e9guli\u00e8res et un service client int\u00e9gr\u00e9 pour une exp\u00e9rience sans souci.\" \/>\n<meta property=\"og:url\" content=\"https:\/\/slot-rize.org\/fr\/app\/\" \/>\n<meta property=\"og:site_name\" content=\"Slotrize\" \/>\n<meta property=\"article:modified_time\" content=\"2026-02-05T17:07:31+00:00\" \/>\n<meta name=\"twitter:card\" content=\"summary_large_image\" \/>\n<meta name=\"twitter:label1\" content=\"Dur\u00e9e de lecture estim\u00e9e\" \/>\n\t<meta name=\"twitter:data1\" content=\"2 minutes\" \/>\n<script type=\"application\/ld+json\" class=\"yoast-schema-graph\">{\"@context\":\"https:\\\/\\\/schema.org\",\"@graph\":[{\"@type\":\"WebPage\",\"@id\":\"https:\\\/\\\/slot-rize.org\\\/fr\\\/app\\\/\",\"url\":\"https:\\\/\\\/slot-rize.org\\\/fr\\\/app\\\/\",\"name\":\"Slotrize App | Plateformes iOS et Android\",\"isPartOf\":{\"@id\":\"https:\\\/\\\/slot-rize.org\\\/fr\\\/#website\"},\"datePublished\":\"2026-02-05T13:56:34+00:00\",\"dateModified\":\"2026-02-05T17:07:31+00:00\",\"description\":\"L'application Slotrize offre une exp\u00e9rience de jeu fluide sur Android, iOS, Windows et macOS, avec des comptes synchronis\u00e9s, des mises \u00e0 jour r\u00e9guli\u00e8res et un service client int\u00e9gr\u00e9 pour une exp\u00e9rience sans souci.\",\"breadcrumb\":{\"@id\":\"https:\\\/\\\/slot-rize.org\\\/fr\\\/app\\\/#breadcrumb\"},\"inLanguage\":\"fr-FR\",\"potentialAction\":[{\"@type\":\"ReadAction\",\"target\":[\"https:\\\/\\\/slot-rize.org\\\/fr\\\/app\\\/\"]}]},{\"@type\":\"BreadcrumbList\",\"@id\":\"https:\\\/\\\/slot-rize.org\\\/fr\\\/app\\\/#breadcrumb\",\"itemListElement\":[{\"@type\":\"ListItem\",\"position\":1,\"name\":\"Slotrize\",\"item\":\"https:\\\/\\\/slot-rize.org\\\/fr\\\/\"},{\"@type\":\"ListItem\",\"position\":2,\"name\":\"App\"}]},{\"@type\":\"WebSite\",\"@id\":\"https:\\\/\\\/slot-rize.org\\\/fr\\\/#website\",\"url\":\"https:\\\/\\\/slot-rize.org\\\/fr\\\/\",\"name\":\"Slotrize\",\"description\":\"\",\"publisher\":{\"@id\":\"https:\\\/\\\/slot-rize.org\\\/fr\\\/#organization\"},\"potentialAction\":[{\"@type\":\"SearchAction\",\"target\":{\"@type\":\"EntryPoint\",\"urlTemplate\":\"https:\\\/\\\/slot-rize.org\\\/fr\\\/?s={search_term_string}\"},\"query-input\":{\"@type\":\"PropertyValueSpecification\",\"valueRequired\":true,\"valueName\":\"search_term_string\"}}],\"inLanguage\":\"fr-FR\"},{\"@type\":\"Organization\",\"@id\":\"https:\\\/\\\/slot-rize.org\\\/fr\\\/#organization\",\"name\":\"Slotrize\",\"url\":\"https:\\\/\\\/slot-rize.org\\\/fr\\\/\",\"logo\":{\"@type\":\"ImageObject\",\"inLanguage\":\"fr-FR\",\"@id\":\"https:\\\/\\\/slot-rize.org\\\/fr\\\/#\\\/schema\\\/logo\\\/image\\\/\",\"url\":\"https:\\\/\\\/slot-rize.org\\\/wp-content\\\/uploads\\\/2026\\\/02\\\/Slotrize-logo-1.svg\",\"contentUrl\":\"https:\\\/\\\/slot-rize.org\\\/wp-content\\\/uploads\\\/2026\\\/02\\\/Slotrize-logo-1.svg\",\"width\":54,\"height\":27,\"caption\":\"Slotrize\"},\"image\":{\"@id\":\"https:\\\/\\\/slot-rize.org\\\/fr\\\/#\\\/schema\\\/logo\\\/image\\\/\"}}]}<\/script>\n<!-- \/ Yoast SEO plugin. -->","yoast_head_json":{"title":"Slotrize App | Plateformes iOS et Android","description":"L'application Slotrize offre une exp\u00e9rience de jeu fluide sur Android, iOS, Windows et macOS, avec des comptes synchronis\u00e9s, des mises \u00e0 jour r\u00e9guli\u00e8res et un service client int\u00e9gr\u00e9 pour une exp\u00e9rience sans souci.","robots":{"index":"index","follow":"follow","max-snippet":"max-snippet:-1","max-image-preview":"max-image-preview:large","max-video-preview":"max-video-preview:-1"},"canonical":"https:\/\/slot-rize.org\/fr\/app\/","og_locale":"fr_FR","og_type":"article","og_title":"Slotrize App | Plateformes iOS et Android","og_description":"L'application Slotrize offre une exp\u00e9rience de jeu fluide sur Android, iOS, Windows et macOS, avec des comptes synchronis\u00e9s, des mises \u00e0 jour r\u00e9guli\u00e8res et un service client int\u00e9gr\u00e9 pour une exp\u00e9rience sans souci.","og_url":"https:\/\/slot-rize.org\/fr\/app\/","og_site_name":"Slotrize","article_modified_time":"2026-02-05T17:07:31+00:00","twitter_card":"summary_large_image","twitter_misc":{"Dur\u00e9e de lecture estim\u00e9e":"2 minutes"},"schema":{"@context":"https:\/\/schema.org","@graph":[{"@type":"WebPage","@id":"https:\/\/slot-rize.org\/fr\/app\/","url":"https:\/\/slot-rize.org\/fr\/app\/","name":"Slotrize App | Plateformes iOS et Android","isPartOf":{"@id":"https:\/\/slot-rize.org\/fr\/#website"},"datePublished":"2026-02-05T13:56:34+00:00","dateModified":"2026-02-05T17:07:31+00:00","description":"L'application Slotrize offre une exp\u00e9rience de jeu fluide sur Android, iOS, Windows et macOS, avec des comptes synchronis\u00e9s, des mises \u00e0 jour r\u00e9guli\u00e8res et un service client int\u00e9gr\u00e9 pour une exp\u00e9rience sans souci.","breadcrumb":{"@id":"https:\/\/slot-rize.org\/fr\/app\/#breadcrumb"},"inLanguage":"fr-FR","potentialAction":[{"@type":"ReadAction","target":["https:\/\/slot-rize.org\/fr\/app\/"]}]},{"@type":"BreadcrumbList","@id":"https:\/\/slot-rize.org\/fr\/app\/#breadcrumb","itemListElement":[{"@type":"ListItem","position":1,"name":"Slotrize","item":"https:\/\/slot-rize.org\/fr\/"},{"@type":"ListItem","position":2,"name":"App"}]},{"@type":"WebSite","@id":"https:\/\/slot-rize.org\/fr\/#website","url":"https:\/\/slot-rize.org\/fr\/","name":"Slotrize","description":"","publisher":{"@id":"https:\/\/slot-rize.org\/fr\/#organization"},"potentialAction":[{"@type":"SearchAction","target":{"@type":"EntryPoint","urlTemplate":"https:\/\/slot-rize.org\/fr\/?s={search_term_string}"},"query-input":{"@type":"PropertyValueSpecification","valueRequired":true,"valueName":"search_term_string"}}],"inLanguage":"fr-FR"},{"@type":"Organization","@id":"https:\/\/slot-rize.org\/fr\/#organization","name":"Slotrize","url":"https:\/\/slot-rize.org\/fr\/","logo":{"@type":"ImageObject","inLanguage":"fr-FR","@id":"https:\/\/slot-rize.org\/fr\/#\/schema\/logo\/image\/","url":"https:\/\/slot-rize.org\/wp-content\/uploads\/2026\/02\/Slotrize-logo-1.svg","contentUrl":"https:\/\/slot-rize.org\/wp-content\/uploads\/2026\/02\/Slotrize-logo-1.svg","width":54,"height":27,"caption":"Slotrize"},"image":{"@id":"https:\/\/slot-rize.org\/fr\/#\/schema\/logo\/image\/"}}]}},"_links":{"self":[{"href":"https:\/\/slot-rize.org\/fr\/wp-json\/wp\/v2\/pages\/1414","targetHints":{"allow":["GET"]}}],"collection":[{"href":"https:\/\/slot-rize.org\/fr\/wp-json\/wp\/v2\/pages"}],"about":[{"href":"https:\/\/slot-rize.org\/fr\/wp-json\/wp\/v2\/types\/page"}],"author":[{"embeddable":true,"href":"https:\/\/slot-rize.org\/fr\/wp-json\/wp\/v2\/users\/1"}],"replies":[{"embeddable":true,"href":"https:\/\/slot-rize.org\/fr\/wp-json\/wp\/v2\/comments?post=1414"}],"version-history":[{"count":3,"href":"https:\/\/slot-rize.org\/fr\/wp-json\/wp\/v2\/pages\/1414\/revisions"}],"predecessor-version":[{"id":1576,"href":"https:\/\/slot-rize.org\/fr\/wp-json\/wp\/v2\/pages\/1414\/revisions\/1576"}],"wp:attachment":[{"href":"https:\/\/slot-rize.org\/fr\/wp-json\/wp\/v2\/media?parent=1414"}],"curies":[{"name":"wp","href":"https:\/\/api.w.org\/{rel}","templated":true}]}}