{"id":1456,"date":"2026-02-05T14:08:47","date_gmt":"2026-02-05T14:08:47","guid":{"rendered":"https:\/\/slot-rize.org\/login-and-registration\/"},"modified":"2026-02-05T17:11:05","modified_gmt":"2026-02-05T17:11:05","slug":"connexion-et-inscription","status":"publish","type":"page","link":"https:\/\/slot-rize.org\/fr\/connexion-et-inscription\/","title":{"rendered":"Connexion et inscription"},"content":{"rendered":"<h1>Connexion et inscription \u00e0 Slotrize<\/h1>\n<p>Le processus de Slotrize login est simple et ne prend que quelques secondes. Les joueurs n&rsquo;ont pas \u00e0 nous fournir trop d&rsquo;informations personnelles ni \u00e0 v\u00e9rifier leur identit\u00e9 lors de leur inscription. En quelques clics, vous pouvez cr\u00e9er votre compte Slotrize et commencer imm\u00e9diatement \u00e0 jouer aux machines \u00e0 sous en ligne et \u00e0 d&rsquo;autres jeux de casino.<\/p>\n<p><div class=\"banner-wrap\" aria-label=\"Banner\"><img src=\"https:\/\/slot-rize.org\/wp-content\/uploads\/2026\/02\/Desktop-banner-scaled-1.webp\" class=\"w-100 d-none d-lg-block img-pc main-banner-img\" alt=\"Desktop banner scaled\" fetchpriority=\"high\" decoding=\"async\"><img src=\"https:\/\/slot-rize.org\/wp-content\/uploads\/2026\/02\/Mobile-banner.webp\" class=\"w-100 d-none d-md-block d-lg-none main-banner-img\" alt=\"Mobile banner\" fetchpriority=\"high\" decoding=\"async\"><img src=\"https:\/\/slot-rize.org\/wp-content\/uploads\/2026\/02\/Mobile-banner.webp\" class=\"w-100 d-md-none\" alt=\"Mobile banner\" fetchpriority=\"high\" decoding=\"async\"><div class=\"banner-description\">\n<div class=\"banner-title\">Bonus de bienvenue<\/div>\n<p class=\"banner-header-title\">1500 \u20ac<\/p>\n<div class=\"banner-header-AdditionalText\">+ 250 Tours gratuits<\/div>\n<button data-item=\"homepage_banner_link\" class=\"goto m-button m-gradient-border m-button--primary m-button--large banner-button btn-orange\">\n            <div class=\"m-button-content\">\n                <span>Inscrivez-vous d\u00e8s maintenant<\/span>\n                <span><\/span>\n            <\/div>\n        <\/button>\n<\/div>\n<div class=\"WelcomePack\">\n<p><img loading=\"lazy\" decoding=\"async\" class=\"alignnone size-full wp-image-1329\" src=\"https:\/\/theslotrize.net\/wp-content\/uploads\/2026\/01\/welcome-crown.svg\" alt=\"crown\" width=\"25\" height=\"26\" \/><\/p>\n<div class=\"WelcomePack-Info\">Cashback hebdomadaire jusqu&rsquo;\u00e0 25 %<\/div>\n<p><img loading=\"lazy\" decoding=\"async\" class=\"alignnone size-full wp-image-1475\" src=\"https:\/\/slot-rize.org\/wp-content\/uploads\/welcome-crown.svg\" alt=\"welcome crown\" width=\"25\" height=\"26\" \/><\/p>\n<\/div>\n<\/div><div class=\"scrollable-content-wrap my-5\"><div class=\"scrollable-content-inner\"><h2>Inscription d&rsquo;un nouvel utilisateur sur Slot Rize<\/h2>\n<p>L&rsquo;inscription sur Slotrize Casino offre de nombreux avantages aux joueurs. Tout d&rsquo;abord, elle vous permet d&rsquo;essayer gratuitement certaines des machines \u00e0 sous les plus populaires en mode d\u00e9mo. Ensuite, nous offrons \u00e0 chaque nouvel utilisateur inscrit un g\u00e9n\u00e9reux bonus de bienvenue qui maximise le plaisir du jeu. De plus, vous pouvez commencer \u00e0 gagner des points dans le cadre de notre programme de fid\u00e9lit\u00e9 et acc\u00e9der \u00e0 encore plus d&rsquo;avantages.<\/p>\n<h3>Comment cr\u00e9er votre compte<\/h3>\n<p>La cr\u00e9ation de votre compte Slotrize Casino se fait en six \u00e9tapes simples :<\/p>\n<ol>\n<li>Cliquez sur le bouton d&rsquo;inscription dans le coin sup\u00e9rieur droit de notre page d&rsquo;accueil.<\/li>\n<li>Saisissez votre adresse e-mail dans le formulaire d&rsquo;inscription qui s&rsquo;ouvre.<\/li>\n<li>Cr\u00e9ez un mot de passe fort.<\/li>\n<li>Confirmez que vous avez plus de 18 ans et acceptez nos conditions g\u00e9n\u00e9rales.<\/li>\n<li>Appuyez sur le bouton pour continuer.<\/li>\n<li>Remplissez le deuxi\u00e8me formulaire avec des informations suppl\u00e9mentaires : votre pr\u00e9nom, votre nom et votre num\u00e9ro de t\u00e9l\u00e9phone.<\/li>\n<\/ol>\n<p>Il est possible de jouer sur Slotrize Casino uniquement si vous r\u00e9sidez dans un pays o\u00f9 les jeux d&rsquo;argent en ligne sont l\u00e9gaux. Ainsi, le site web d\u00e9tecte votre emplacement actuel et l&rsquo;ajoute automatiquement \u00e0 votre compte. Vous n&rsquo;\u00eates pas autoris\u00e9 \u00e0 modifier ces informations sans l&rsquo;aide de notre service client\u00e8le. Les utilisateurs n&rsquo;ont pas non plus le droit de modifier manuellement leur date de naissance. Il est donc essentiel que vous nous fournissiez des informations personnelles correctes d\u00e8s le d\u00e9but.<\/p>\n<p>Les informations que vous pouvez modifier librement dans votre compte Slot Rize sont votre pr\u00e9nom et votre nom, votre nom d&rsquo;utilisateur, votre sexe et vos coordonn\u00e9es. Si vous devez mettre \u00e0 jour votre mot de passe, vous pouvez \u00e9galement le faire dans les param\u00e8tres de s\u00e9curit\u00e9 de votre profil.<\/p>\n<h2>Utilisation de votre compte Slotrize<\/h2>\n<p>Le processus de connexion \u00e0 Slotrize est encore plus simple que l&rsquo;inscription sur notre site web. Il vous suffit de cliquer sur le bouton de connexion, de saisir vos identifiants (c&rsquo;est-\u00e0-dire votre adresse e-mail et votre mot de passe), puis d&rsquo;appuyer une nouvelle fois sur l&rsquo;\u00e9cran pour terminer le processus.<\/p>\n<p>Une fois connect\u00e9 \u00e0 Slotrize, vous pouvez profiter de milliers de jeux de casino ainsi que des interfaces de compte pratiques suivantes :<\/p>\n<table>\n<tbody>\n<tr>\n<td>Interface<\/td>\n<td>Description<\/td>\n<\/tr>\n<tr>\n<td>Portefeuille<\/td>\n<td>Il s&rsquo;agit de votre centre de gestion des fonds, avec des boutons de d\u00e9p\u00f4t et de retrait rapides. Il affiche le total de votre argent r\u00e9el et de vos bonus, ainsi que vos limites de retrait actuelles.<\/td>\n<\/tr>\n<tr>\n<td>Historique<\/td>\n<td>Vous trouverez ici des rapports sur toutes vos activit\u00e9s pass\u00e9es et en cours sur Slotrize Casino, y compris les sessions de jeu, les transactions financi\u00e8res, l&rsquo;utilisation des bonus, les paris, etc.<\/td>\n<\/tr>\n<tr>\n<td>Profil<\/td>\n<td>Cette interface contient diff\u00e9rents types de param\u00e8tres : informations g\u00e9n\u00e9rales, s\u00e9curit\u00e9 et limites de jeu.<\/td>\n<\/tr>\n<\/tbody>\n<\/table>\n<h3>Processus de v\u00e9rification du compte<\/h3>\n<p>La v\u00e9rification d&rsquo;identit\u00e9 n&rsquo;est pas requise lors de l&rsquo;inscription sur Slot Rize Casino. Cependant, nous vous demanderons de nous fournir des copies de vos documents lors de votre premi\u00e8re tentative de retrait de fonds. Les documents comprennent :<\/p>\n<ul>\n<li>Passeport ou permis de conduire<\/li>\n<li>Factures r\u00e9centes de services publics<\/li>\n<li>Carte de d\u00e9bit utilis\u00e9e pour traiter la transaction financi\u00e8re<\/li>\n<\/ul>\n<p>La proc\u00e9dure de v\u00e9rification d&rsquo;identit\u00e9 nous aidera \u00e0 nous assurer qu&rsquo;aucune partie n&rsquo;enfreint la loi, intentionnellement ou non, et que vous avez utilis\u00e9 des informations d&rsquo;identification authentiques pour vous inscrire sur Slotrize. L&rsquo;ensemble du processus prendra environ 48 heures. Une fois celui-ci termin\u00e9, vous serez autoris\u00e9 \u00e0 retirer vos gains du casino sans contr\u00f4le d&rsquo;identit\u00e9 suppl\u00e9mentaire.<\/p>\n<p>Il est \u00e9galement important que vous v\u00e9rifiiez votre adresse e-mail et votre num\u00e9ro de t\u00e9l\u00e9phone dans votre compte personnel. Cette mesure simple permet d&rsquo;am\u00e9liorer la communication et la s\u00e9curit\u00e9. De plus, en v\u00e9rifiant vos coordonn\u00e9es, vous pouvez gagner des points Slotrize suppl\u00e9mentaires et les d\u00e9penser ensuite en bonus dans notre boutique de casino.<\/p>\n<h3>Mesures de s\u00e9curit\u00e9<\/h3>\n<p>Nous surveillons chaque connexion \u00e0 Slotrize afin de d\u00e9tecter rapidement toute activit\u00e9 suspecte et de prot\u00e9ger votre compte contre toute utilisation abusive. De plus, afin de prot\u00e9ger vos informations confidentielles, nous vous recommandons de mettre r\u00e9guli\u00e8rement \u00e0 jour votre mot de passe dans les param\u00e8tres de s\u00e9curit\u00e9.<\/p>\n<p>Vous avez \u00e9galement la possibilit\u00e9 d&rsquo;activer l&rsquo;authentification \u00e0 deux facteurs (2FA). Cette mesure simple vous oblige \u00e0 saisir un code unique \u00e0 usage unique chaque fois que vous vous connectez \u00e0 Slot Rize Casino. De cette fa\u00e7on, elle r\u00e9duit \u00e0 n\u00e9ant le risque d&rsquo;acc\u00e8s non autoris\u00e9.<\/p>\n<h2>FAQ<\/h2>\n<h3>L&rsquo;inscription \u00e0 votre casino en ligne est-elle gratuite ?<\/h3>\n<p>Oui, vous pouvez cr\u00e9er un compte Slotrize Casino sans frais \u2013 nous ne prenons aucun frais pour l&rsquo;inscription. Une fois inscrit, vous pouvez m\u00eame jouer gratuitement \u00e0 certaines machines \u00e0 sous en ligne. Cependant, pour commencer \u00e0 placer des paris et gagner de l&rsquo;argent, vous devrez d\u00e9penser de l&rsquo;argent r\u00e9el ou des bonus.<\/p>\n<h3>Comment puis-je mettre \u00e0 jour mon mot de passe ou mon adresse e-mail ?<\/h3>\n<p>Vous pouvez modifier vos informations personnelles et vos coordonn\u00e9es via votre profil Slotrize Casino. Il vous suffit de cliquer sur le bouton \u00ab Modifier les informations personnelles \u00bb et de localiser le champ \u00ab Contacts \u00bb pour modifier votre adresse e-mail. Pour changer votre mot de passe, ouvrez les param\u00e8tres de s\u00e9curit\u00e9.<\/p>\n<h3>Que dois-je faire si mon compte est bloqu\u00e9 ?<\/h3>\n<p>Les utilisateurs se retrouvent bloqu\u00e9s hors de leur compte soit parce qu&rsquo;ils ont effectu\u00e9 trop de tentatives de connexion infructueuses \u00e0 Slotrize, soit en raison d&rsquo;une activit\u00e9 suspecte. Dans le premier cas, il vous suffit d&rsquo;attendre un certain temps avant de r\u00e9essayer de vous connecter (et de r\u00e9initialiser votre mot de passe pour vous assurer que vous utilisez le bon). Dans le second cas ou pour toute autre raison inconnue, n&rsquo;h\u00e9sitez pas \u00e0 contacter nos sp\u00e9cialistes multilingues du service d&rsquo;assistance via le chat en direct ou par e-mail. Nous trouverons une solution optimale \u00e0 votre probl\u00e8me.<\/p>\n<\/div><\/div><\/p>\n","protected":false},"excerpt":{"rendered":"<p>Connexion et inscription \u00e0 Slotrize Le processus de Slotrize login est simple et ne prend que quelques secondes. Les joueurs n&rsquo;ont pas \u00e0 nous fournir trop d&rsquo;informations personnelles ni \u00e0 v\u00e9rifier leur identit\u00e9 lors de leur inscription. En quelques clics, vous pouvez cr\u00e9er votre compte Slotrize et commencer imm\u00e9diatement \u00e0 jouer aux machines \u00e0 sous [&hellip;]<\/p>\n","protected":false},"author":1,"featured_media":0,"parent":0,"menu_order":0,"comment_status":"closed","ping_status":"closed","template":"template-builder.php","meta":{"_acf_changed":false,"inline_featured_image":false,"footnotes":""},"class_list":["post-1456","page","type-page","status-publish","hentry"],"acf":[],"yoast_head":"<!-- This site is optimized with the Yoast SEO plugin v27.3 - https:\/\/yoast.com\/product\/yoast-seo-wordpress\/ -->\n<title>Slotrize Connexion et inscription<\/title>\n<meta name=\"description\" content=\"Cr\u00e9ez, g\u00e9rez et v\u00e9rifiez votre compte Slotrize Casino en toute simplicit\u00e9. Profitez d&#039;une inscription rapide, d&#039;une r\u00e9cup\u00e9ration facile de votre compte et d&#039;une fermeture s\u00e9curis\u00e9e gr\u00e2ce \u00e0 Slotrize Login, qui prot\u00e8ge votre compte 24 heures sur 24.\" \/>\n<meta name=\"robots\" content=\"index, follow, max-snippet:-1, max-image-preview:large, max-video-preview:-1\" \/>\n<link rel=\"canonical\" href=\"https:\/\/slot-rize.org\/fr\/connexion-et-inscription\/\" \/>\n<meta property=\"og:locale\" content=\"fr_FR\" \/>\n<meta property=\"og:type\" content=\"article\" \/>\n<meta property=\"og:title\" content=\"Slotrize Connexion et inscription\" \/>\n<meta property=\"og:description\" content=\"Cr\u00e9ez, g\u00e9rez et v\u00e9rifiez votre compte Slotrize Casino en toute simplicit\u00e9. Profitez d&#039;une inscription rapide, d&#039;une r\u00e9cup\u00e9ration facile de votre compte et d&#039;une fermeture s\u00e9curis\u00e9e gr\u00e2ce \u00e0 Slotrize Login, qui prot\u00e8ge votre compte 24 heures sur 24.\" \/>\n<meta property=\"og:url\" content=\"https:\/\/slot-rize.org\/fr\/connexion-et-inscription\/\" \/>\n<meta property=\"og:site_name\" content=\"Slotrize\" \/>\n<meta property=\"article:modified_time\" content=\"2026-02-05T17:11:05+00:00\" \/>\n<meta name=\"twitter:card\" content=\"summary_large_image\" \/>\n<meta name=\"twitter:label1\" content=\"Dur\u00e9e de lecture estim\u00e9e\" \/>\n\t<meta name=\"twitter:data1\" content=\"1 minute\" \/>\n<script type=\"application\/ld+json\" class=\"yoast-schema-graph\">{\"@context\":\"https:\\\/\\\/schema.org\",\"@graph\":[{\"@type\":\"WebPage\",\"@id\":\"https:\\\/\\\/slot-rize.org\\\/fr\\\/connexion-et-inscription\\\/\",\"url\":\"https:\\\/\\\/slot-rize.org\\\/fr\\\/connexion-et-inscription\\\/\",\"name\":\"Slotrize Connexion et inscription\",\"isPartOf\":{\"@id\":\"https:\\\/\\\/slot-rize.org\\\/fr\\\/#website\"},\"datePublished\":\"2026-02-05T14:08:47+00:00\",\"dateModified\":\"2026-02-05T17:11:05+00:00\",\"description\":\"Cr\u00e9ez, g\u00e9rez et v\u00e9rifiez votre compte Slotrize Casino en toute simplicit\u00e9. Profitez d'une inscription rapide, d'une r\u00e9cup\u00e9ration facile de votre compte et d'une fermeture s\u00e9curis\u00e9e gr\u00e2ce \u00e0 Slotrize Login, qui prot\u00e8ge votre compte 24 heures sur 24.\",\"breadcrumb\":{\"@id\":\"https:\\\/\\\/slot-rize.org\\\/fr\\\/connexion-et-inscription\\\/#breadcrumb\"},\"inLanguage\":\"fr-FR\",\"potentialAction\":[{\"@type\":\"ReadAction\",\"target\":[\"https:\\\/\\\/slot-rize.org\\\/fr\\\/connexion-et-inscription\\\/\"]}]},{\"@type\":\"BreadcrumbList\",\"@id\":\"https:\\\/\\\/slot-rize.org\\\/fr\\\/connexion-et-inscription\\\/#breadcrumb\",\"itemListElement\":[{\"@type\":\"ListItem\",\"position\":1,\"name\":\"Slotrize\",\"item\":\"https:\\\/\\\/slot-rize.org\\\/fr\\\/\"},{\"@type\":\"ListItem\",\"position\":2,\"name\":\"Connexion et inscription\"}]},{\"@type\":\"WebSite\",\"@id\":\"https:\\\/\\\/slot-rize.org\\\/fr\\\/#website\",\"url\":\"https:\\\/\\\/slot-rize.org\\\/fr\\\/\",\"name\":\"Slotrize\",\"description\":\"\",\"publisher\":{\"@id\":\"https:\\\/\\\/slot-rize.org\\\/fr\\\/#organization\"},\"potentialAction\":[{\"@type\":\"SearchAction\",\"target\":{\"@type\":\"EntryPoint\",\"urlTemplate\":\"https:\\\/\\\/slot-rize.org\\\/fr\\\/?s={search_term_string}\"},\"query-input\":{\"@type\":\"PropertyValueSpecification\",\"valueRequired\":true,\"valueName\":\"search_term_string\"}}],\"inLanguage\":\"fr-FR\"},{\"@type\":\"Organization\",\"@id\":\"https:\\\/\\\/slot-rize.org\\\/fr\\\/#organization\",\"name\":\"Slotrize\",\"url\":\"https:\\\/\\\/slot-rize.org\\\/fr\\\/\",\"logo\":{\"@type\":\"ImageObject\",\"inLanguage\":\"fr-FR\",\"@id\":\"https:\\\/\\\/slot-rize.org\\\/fr\\\/#\\\/schema\\\/logo\\\/image\\\/\",\"url\":\"https:\\\/\\\/slot-rize.org\\\/wp-content\\\/uploads\\\/2026\\\/02\\\/Slotrize-logo-1.svg\",\"contentUrl\":\"https:\\\/\\\/slot-rize.org\\\/wp-content\\\/uploads\\\/2026\\\/02\\\/Slotrize-logo-1.svg\",\"width\":54,\"height\":27,\"caption\":\"Slotrize\"},\"image\":{\"@id\":\"https:\\\/\\\/slot-rize.org\\\/fr\\\/#\\\/schema\\\/logo\\\/image\\\/\"}}]}<\/script>\n<!-- \/ Yoast SEO plugin. -->","yoast_head_json":{"title":"Slotrize Connexion et inscription","description":"Cr\u00e9ez, g\u00e9rez et v\u00e9rifiez votre compte Slotrize Casino en toute simplicit\u00e9. Profitez d'une inscription rapide, d'une r\u00e9cup\u00e9ration facile de votre compte et d'une fermeture s\u00e9curis\u00e9e gr\u00e2ce \u00e0 Slotrize Login, qui prot\u00e8ge votre compte 24 heures sur 24.","robots":{"index":"index","follow":"follow","max-snippet":"max-snippet:-1","max-image-preview":"max-image-preview:large","max-video-preview":"max-video-preview:-1"},"canonical":"https:\/\/slot-rize.org\/fr\/connexion-et-inscription\/","og_locale":"fr_FR","og_type":"article","og_title":"Slotrize Connexion et inscription","og_description":"Cr\u00e9ez, g\u00e9rez et v\u00e9rifiez votre compte Slotrize Casino en toute simplicit\u00e9. Profitez d'une inscription rapide, d'une r\u00e9cup\u00e9ration facile de votre compte et d'une fermeture s\u00e9curis\u00e9e gr\u00e2ce \u00e0 Slotrize Login, qui prot\u00e8ge votre compte 24 heures sur 24.","og_url":"https:\/\/slot-rize.org\/fr\/connexion-et-inscription\/","og_site_name":"Slotrize","article_modified_time":"2026-02-05T17:11:05+00:00","twitter_card":"summary_large_image","twitter_misc":{"Dur\u00e9e de lecture estim\u00e9e":"1 minute"},"schema":{"@context":"https:\/\/schema.org","@graph":[{"@type":"WebPage","@id":"https:\/\/slot-rize.org\/fr\/connexion-et-inscription\/","url":"https:\/\/slot-rize.org\/fr\/connexion-et-inscription\/","name":"Slotrize Connexion et inscription","isPartOf":{"@id":"https:\/\/slot-rize.org\/fr\/#website"},"datePublished":"2026-02-05T14:08:47+00:00","dateModified":"2026-02-05T17:11:05+00:00","description":"Cr\u00e9ez, g\u00e9rez et v\u00e9rifiez votre compte Slotrize Casino en toute simplicit\u00e9. Profitez d'une inscription rapide, d'une r\u00e9cup\u00e9ration facile de votre compte et d'une fermeture s\u00e9curis\u00e9e gr\u00e2ce \u00e0 Slotrize Login, qui prot\u00e8ge votre compte 24 heures sur 24.","breadcrumb":{"@id":"https:\/\/slot-rize.org\/fr\/connexion-et-inscription\/#breadcrumb"},"inLanguage":"fr-FR","potentialAction":[{"@type":"ReadAction","target":["https:\/\/slot-rize.org\/fr\/connexion-et-inscription\/"]}]},{"@type":"BreadcrumbList","@id":"https:\/\/slot-rize.org\/fr\/connexion-et-inscription\/#breadcrumb","itemListElement":[{"@type":"ListItem","position":1,"name":"Slotrize","item":"https:\/\/slot-rize.org\/fr\/"},{"@type":"ListItem","position":2,"name":"Connexion et inscription"}]},{"@type":"WebSite","@id":"https:\/\/slot-rize.org\/fr\/#website","url":"https:\/\/slot-rize.org\/fr\/","name":"Slotrize","description":"","publisher":{"@id":"https:\/\/slot-rize.org\/fr\/#organization"},"potentialAction":[{"@type":"SearchAction","target":{"@type":"EntryPoint","urlTemplate":"https:\/\/slot-rize.org\/fr\/?s={search_term_string}"},"query-input":{"@type":"PropertyValueSpecification","valueRequired":true,"valueName":"search_term_string"}}],"inLanguage":"fr-FR"},{"@type":"Organization","@id":"https:\/\/slot-rize.org\/fr\/#organization","name":"Slotrize","url":"https:\/\/slot-rize.org\/fr\/","logo":{"@type":"ImageObject","inLanguage":"fr-FR","@id":"https:\/\/slot-rize.org\/fr\/#\/schema\/logo\/image\/","url":"https:\/\/slot-rize.org\/wp-content\/uploads\/2026\/02\/Slotrize-logo-1.svg","contentUrl":"https:\/\/slot-rize.org\/wp-content\/uploads\/2026\/02\/Slotrize-logo-1.svg","width":54,"height":27,"caption":"Slotrize"},"image":{"@id":"https:\/\/slot-rize.org\/fr\/#\/schema\/logo\/image\/"}}]}},"_links":{"self":[{"href":"https:\/\/slot-rize.org\/fr\/wp-json\/wp\/v2\/pages\/1456","targetHints":{"allow":["GET"]}}],"collection":[{"href":"https:\/\/slot-rize.org\/fr\/wp-json\/wp\/v2\/pages"}],"about":[{"href":"https:\/\/slot-rize.org\/fr\/wp-json\/wp\/v2\/types\/page"}],"author":[{"embeddable":true,"href":"https:\/\/slot-rize.org\/fr\/wp-json\/wp\/v2\/users\/1"}],"replies":[{"embeddable":true,"href":"https:\/\/slot-rize.org\/fr\/wp-json\/wp\/v2\/comments?post=1456"}],"version-history":[{"count":3,"href":"https:\/\/slot-rize.org\/fr\/wp-json\/wp\/v2\/pages\/1456\/revisions"}],"predecessor-version":[{"id":1578,"href":"https:\/\/slot-rize.org\/fr\/wp-json\/wp\/v2\/pages\/1456\/revisions\/1578"}],"wp:attachment":[{"href":"https:\/\/slot-rize.org\/fr\/wp-json\/wp\/v2\/media?parent=1456"}],"curies":[{"name":"wp","href":"https:\/\/api.w.org\/{rel}","templated":true}]}}