{"id":1419,"date":"2026-02-05T13:56:34","date_gmt":"2026-02-05T13:56:34","guid":{"rendered":"https:\/\/slot-rize.org\/app\/"},"modified":"2026-02-06T09:14:01","modified_gmt":"2026-02-06T09:14:01","slug":"applicazione","status":"publish","type":"page","link":"https:\/\/slot-rize.org\/it\/applicazione\/","title":{"rendered":"Applicazione"},"content":{"rendered":"<h1>Piattaforma mobile Slot Rize<\/h1>\n<p>La Slotrize app consente un accesso facile e comodo al tuo conto del casin\u00f2. Con il suo aiuto, puoi giocare alle slot online pi\u00f9 alla moda, partecipare ai tavoli con croupier dal vivo, vincere jackpot progressivi e goderti una miriade di altre attivit\u00e0 dal nostro ampio catalogo quando sei in movimento. L&#8217;app \u00e8 gratuita per i giocatori italiani e compatibile con qualsiasi tipo di dispositivo: iOS, Android e persino Windows o macOS.<\/p>\n<div class=\"banner-wrap\" aria-label=\"Banner\"><img src=\"https:\/\/slot-rize.org\/wp-content\/uploads\/2026\/02\/Desktop-banner-scaled-1.webp\" class=\"w-100 d-none d-lg-block img-pc main-banner-img\" alt=\"Desktop banner scaled\" fetchpriority=\"high\" decoding=\"async\"><img src=\"https:\/\/slot-rize.org\/wp-content\/uploads\/2026\/02\/Mobile-banner.webp\" class=\"w-100 d-none d-md-block d-lg-none main-banner-img\" alt=\"Mobile banner\" fetchpriority=\"high\" decoding=\"async\"><img src=\"https:\/\/slot-rize.org\/wp-content\/uploads\/2026\/02\/Mobile-banner.webp\" class=\"w-100 d-md-none\" alt=\"Mobile banner\" fetchpriority=\"high\" decoding=\"async\"><div class=\"banner-description\">\n<div class=\"banner-title\">Bonus di benvenuto<\/div>\n<p class=\"banner-header-title\">1500 \u20ac<\/p>\n<div class=\"banner-header-AdditionalText\">+ 250 Giri gratuiti<\/div>\n<button data-item=\"homepage_banner_link\" class=\"goto m-button m-gradient-border m-button--primary m-button--large banner-button btn-orange\">\n            <div class=\"m-button-content\">\n                <span>Iscriviti ora<\/span>\n                <span><\/span>\n            <\/div>\n        <\/button>\n<\/div>\n<div class=\"WelcomePack\">\n<p><img loading=\"lazy\" decoding=\"async\" class=\"alignnone size-full wp-image-1478\" src=\"https:\/\/slot-rize.org\/wp-content\/uploads\/welcome-crown.svg\" alt=\"welcome crown\" width=\"25\" height=\"26\" \/><\/p>\n<div class=\"WelcomePack-Info\">Cashback settimanale fino al 25%<\/div>\n<p><img loading=\"lazy\" decoding=\"async\" class=\"alignnone size-full wp-image-1478\" src=\"https:\/\/slot-rize.org\/wp-content\/uploads\/welcome-crown.svg\" alt=\"welcome crown\" width=\"25\" height=\"26\" \/><\/p>\n<\/div>\n<\/div>\n<h2>Utilizzo di Slotrize sul tuo dispositivo mobile<\/h2>\n<p>L&#8217;app Slotrize ha il formato di un&#8217;applicazione web progressiva (PWA), che funge da scorciatoia per il nostro sito web ufficiale. Dopo averla installata sul tuo dispositivo Android o iOS, non dovrai pi\u00f9 aprire il nostro casin\u00f2 tramite un browser: ti baster\u00e0 cliccare sull&#8217;icona nella schermata iniziale e potrai iniziare subito a giocare alle slot.<\/p>\n<p>La versione mobile di Slotrize Casino offre tutte le stesse funzionalit\u00e0 e interfacce del sito web ufficiale. Tuttavia, \u00e8 perfetta per coloro che preferiscono giocare utilizzando i loro smartphone o tablet invece dei PC.<\/p>\n<p>Ecco i principali vantaggi dell&#8217;utilizzo dell&#8217;app Slot Rize rispetto al gioco d&#8217;azzardo sul computer:<\/p>\n<ul>\n<li>Maggiore mobilit\u00e0. Non c&#8217;\u00e8 bisogno di stare seduti a casa davanti al computer. Puoi facilmente goderti un&#8217;esperienza di gioco di alto livello anche mentre sei in viaggio.<\/li>\n<li>Facile accesso. Accedere al tuo account del casin\u00f2 mobile \u00e8 pi\u00f9 veloce dalla schermata iniziale del tuo telefono che da un browser.<\/li>\n<li>Tempo di caricamento pi\u00f9 veloce. La PWA utilizza risorse chiave di cache intelligenti che fanno apparire immediatamente le interfacce del casin\u00f2 sullo schermo.<\/li>\n<li>Notifiche push. Con il tuo permesso, la nostra PWA ti terr\u00e0 informato sulle nuove campagne promozionali e sui bonus disponibili.<\/li>\n<li>Funzionalit\u00e0 offline. Puoi controllare le informazioni nel tuo account del casin\u00f2 anche se non sei connesso a Internet, poich\u00e9 i contenuti caricati in precedenza rimangono visibili tramite una PWA.<\/li>\n<\/ul>\n<p>Inoltre, puoi installare l&#8217;app Slotrize anche sul desktop del tuo computer. In questo modo, indipendentemente dal dispositivo che decidi di utilizzare per giocare nel nostro casin\u00f2, i dati relativi alla tua attivit\u00e0 saranno sincronizzati senza soluzione di continuit\u00e0 su tutte le piattaforme.<\/p>\n<p><div class=\"scrollable-content-wrap my-5\"><div class=\"scrollable-content-inner\"><h2>App mobile Slotrize per iOS<\/h2>\n<p>Per gli utenti iPhone e iPad, il processo di installazione dell&#8217;app Slotrize \u00e8 altrettanto semplice:<\/p>\n<ol>\n<li>Apri il nostro sito web nel browser del tuo dispositivo mobile.<\/li>\n<li>Vai alle impostazioni del browser e seleziona la voce &#8220;Aggiungi alla schermata Home&#8221;.<\/li>\n<li>Avvia il processo di installazione con un clic su un pulsante.<\/li>\n<li>Attendi qualche secondo affinch\u00e9 l&#8217;icona del casin\u00f2 appaia sullo schermo del tuo dispositivo.<\/li>\n<\/ol>\n<p>Una volta fatto, potrai comodamente accedere al tuo account, effettuare depositi, giocare alle slot e partecipare ai giochi con croupier dal vivo anche mentre sei in movimento.<\/p>\n<p><img loading=\"lazy\" decoding=\"async\" src=\"https:\/\/slot-rize.org\/wp-content\/uploads\/2026\/02\/Slotrize-iOS.webp\" alt=\"Slotrize iOS\" width=\"1248\" height=\"536\" \/><\/p>\n<\/div><\/div><div style=\"clear: both\"><\/div><div class=\"d-flex justify-content-center\"><button data-item=\"decouvrez_link\" data-group=\"website_links\" class=\"goto fw-bold rounded-pill btn btn-orange\" aria-label=\"Scarica l&#039;app Slotrize\" >Scarica l&#039;app Slotrize<\/button><\/div><div class=\"scrollable-content-wrap my-5\"><div class=\"scrollable-content-inner\"><h2>App mobile Slotrize per Android<\/h2>\n<p>Sebbene l&#8217;Android Package Kit (APK) sia uno dei tipi pi\u00f9 comuni di app per dispositivi Android, presenta diversi svantaggi rispetto alle PWA:<\/p>\n<table>\n<tbody>\n<tr>\n<td>Aspetto<\/td>\n<td>APK<\/td>\n<td>PWA<\/td>\n<\/tr>\n<tr>\n<td>Memoria del dispositivo<\/td>\n<td>Ingombro significativo nella memoria<\/td>\n<td>Leggero e non consuma molta RAM o batteria<\/td>\n<\/tr>\n<tr>\n<td>Aggiornamenti<\/td>\n<td>Potrebbe richiedere la reinstallazione manuale da parte degli utenti<\/td>\n<td>Si aggiorna automaticamente<\/td>\n<\/tr>\n<tr>\n<td>Download<\/td>\n<td>Se l&#8217;APK non \u00e8 disponibile nel Google Play Store, potrebbe essere necessario scaricarlo da risorse non verificate<\/td>\n<td>Non \u00e8 necessario scaricare alcun file sospetto<\/td>\n<\/tr>\n<tr>\n<td>Tempo di avvio<\/td>\n<td>Potrebbe richiedere tempo, a seconda della complessit\u00e0 e del peso dell&#8217;app<\/td>\n<td>Istantaneo<\/td>\n<\/tr>\n<\/tbody>\n<\/table>\n<p>L&#8217;installazione della PWA Slotrize Casino sul tuo telefono o tablet Android richiede solo pochi semplici passaggi:<\/p>\n<ol>\n<li>Vai al nostro sito web ufficiale dal browser mobile che preferisci.<\/li>\n<li>Clicca sull&#8217;icona con i tre puntini nella barra degli indirizzi per aprire il menu.<\/li>\n<li>Seleziona l&#8217;opzione &#8220;Aggiungi alla schermata Home&#8221; nell&#8217;elenco.<\/li>\n<li>Tocca il pulsante per avviare il processo di installazione.<\/li>\n<\/ol>\n<p>Dopo pochi secondi, l&#8217;icona di Slot Rize apparir\u00e0 sul tuo schermo. Ogni volta che vorrai giocare o controllare alcune informazioni nel tuo account personale, ti baster\u00e0 cliccarci sopra per accedere rapidamente a Slotrize Casino.<\/p>\n<p><img loading=\"lazy\" decoding=\"async\" src=\"https:\/\/slot-rize.org\/wp-content\/uploads\/2026\/02\/Slotrize-Android.webp\" alt=\"Slotrize Android\" width=\"1248\" height=\"536\" \/><\/p>\n<\/div><\/div><div style=\"clear: both\"><\/div><div class=\"d-flex justify-content-center\"><button data-item=\"decouvrez_link\" data-group=\"website_links\" class=\"goto fw-bold rounded-pill btn btn-orange\" aria-label=\"Scarica l&#039;app Slotrize\" >Scarica l&#039;app Slotrize<\/button><\/div><div class=\"scrollable-content-wrap my-5\"><div class=\"scrollable-content-inner\"><h2>Applicazioni Windows e macOS<\/h2>\n<p>L&#8217;uso dell&#8217;app Slotrize non \u00e8 limitato ai soli dispositivi mobili: la nostra PWA funziona perfettamente su tutte le piattaforme, compresi i computer con Windows o macOS. Il motivo principale per aggiungerla anche al tuo desktop \u00e8 un accesso molto pi\u00f9 veloce e comodo al nostro casin\u00f2.<\/p>\n<p>Per installare l&#8217;app sul tuo computer, devi semplicemente aprire il nostro sito web ufficiale e cliccare sul pulsante di installazione nella barra degli indirizzi (ha l&#8217;aspetto di uno schermo di computer con una freccia). Dopodich\u00e9, clicca ancora una volta sul pulsante di installazione e il gioco \u00e8 fatto. L&#8217;icona di Slot Rize Casino apparir\u00e0 sul tuo desktop in breve tempo.<\/p>\n<p><img loading=\"lazy\" decoding=\"async\" src=\"https:\/\/slot-rize.org\/wp-content\/uploads\/2026\/02\/Slotrize-Desktop.webp\" alt=\"Slotrize Desktop\" width=\"1248\" height=\"536\" \/><\/p>\n<\/div><\/div><div style=\"clear: both\"><\/div><div class=\"d-flex justify-content-center\"><button data-item=\"decouvrez_link\" data-group=\"website_links\" class=\"goto fw-bold rounded-pill btn btn-orange\" aria-label=\"Scarica l&#039;app Slotrize\" >Scarica l&#039;app Slotrize<\/button><\/div><div class=\"scrollable-content-wrap my-5\"><div class=\"scrollable-content-inner\"><h2>Domande frequenti<\/h2>\n<h3>Devo creare un account casin\u00f2 per utilizzare l&#8217;app Slot Rize?<\/h3>\n<p>Puoi installare l&#8217;app Slotrize sul tuo smartphone o computer anche senza un account. Tuttavia, per iniziare a giocare alle nostre slot online e utilizzare molte altre interfacce del casin\u00f2, devi registrarti ed effettuare il login. Il processo di registrazione e verifica \u00e8 lo stesso indipendentemente dal dispositivo che utilizzi.<\/p>\n<h3>L&#8217;app Slot Rize Casino offre assistenza clienti?<\/h3>\n<p>S\u00ec, l&#8217;app Slotrize consente di accedere rapidamente alla nostra funzione di chat live. Il chatbot fornisce risposte dettagliate a qualsiasi domanda sul nostro casin\u00f2 in modo istantaneo. Puoi anche contattare il nostro team di assistenza tramite e-mail. Il tempo di risposta per questo metodo di comunicazione \u00e8 limitato a 24 ore.<\/p>\n<h3>Come posso aggiornare l&#8217;app Slotrize Casino?<\/h3>\n<p>Non \u00e8 necessario eseguire aggiornamenti manuali quando si utilizza la nostra PWA. Ogni volta che aggiungiamo nuovi giochi da casin\u00f2 al nostro catalogo o introduciamo nuove funzionalit\u00e0 sul sito web, anche l&#8217;app viene aggiornata automaticamente, senza alcun intervento da parte tua.<\/p>\n<\/div><\/div><\/p>\n","protected":false},"excerpt":{"rendered":"<p>Piattaforma mobile Slot Rize La Slotrize app consente un accesso facile e comodo al tuo conto del casin\u00f2. Con il suo aiuto, puoi giocare alle slot online pi\u00f9 alla moda, partecipare ai tavoli con croupier dal vivo, vincere jackpot progressivi e goderti una miriade di altre attivit\u00e0 dal nostro ampio catalogo quando sei in movimento. [&hellip;]<\/p>\n","protected":false},"author":1,"featured_media":0,"parent":0,"menu_order":0,"comment_status":"closed","ping_status":"closed","template":"template-builder.php","meta":{"_acf_changed":false,"inline_featured_image":false,"footnotes":""},"class_list":["post-1419","page","type-page","status-publish","hentry"],"acf":[],"yoast_head":"<!-- This site is optimized with the Yoast SEO plugin v27.3 - https:\/\/yoast.com\/product\/yoast-seo-wordpress\/ -->\n<title>Slotrize App | Piattaforme iOS e Android<\/title>\n<meta name=\"description\" content=\"L&#039;app Slotrize offre un&#039;esperienza di gioco fluida su Android, iOS, Windows e macOS, con account sincronizzati, aggiornamenti regolari e assistenza clienti integrata per un&#039;esperienza senza intoppi.\" \/>\n<meta name=\"robots\" content=\"index, follow, max-snippet:-1, max-image-preview:large, max-video-preview:-1\" \/>\n<link rel=\"canonical\" href=\"https:\/\/slot-rize.org\/it\/applicazione\/\" \/>\n<meta property=\"og:locale\" content=\"it_IT\" \/>\n<meta property=\"og:type\" content=\"article\" \/>\n<meta property=\"og:title\" content=\"Slotrize App | Piattaforme iOS e Android\" \/>\n<meta property=\"og:description\" content=\"L&#039;app Slotrize offre un&#039;esperienza di gioco fluida su Android, iOS, Windows e macOS, con account sincronizzati, aggiornamenti regolari e assistenza clienti integrata per un&#039;esperienza senza intoppi.\" \/>\n<meta property=\"og:url\" content=\"https:\/\/slot-rize.org\/it\/applicazione\/\" \/>\n<meta property=\"og:site_name\" content=\"Slotrize\" \/>\n<meta property=\"article:modified_time\" content=\"2026-02-06T09:14:01+00:00\" \/>\n<meta name=\"twitter:card\" content=\"summary_large_image\" \/>\n<meta name=\"twitter:label1\" content=\"Est. reading time\" \/>\n\t<meta name=\"twitter:data1\" content=\"2 minuti\" \/>\n<script type=\"application\/ld+json\" class=\"yoast-schema-graph\">{\"@context\":\"https:\\\/\\\/schema.org\",\"@graph\":[{\"@type\":\"WebPage\",\"@id\":\"https:\\\/\\\/slot-rize.org\\\/it\\\/applicazione\\\/\",\"url\":\"https:\\\/\\\/slot-rize.org\\\/it\\\/applicazione\\\/\",\"name\":\"Slotrize App | Piattaforme iOS e Android\",\"isPartOf\":{\"@id\":\"https:\\\/\\\/slot-rize.org\\\/it\\\/#website\"},\"datePublished\":\"2026-02-05T13:56:34+00:00\",\"dateModified\":\"2026-02-06T09:14:01+00:00\",\"description\":\"L'app Slotrize offre un'esperienza di gioco fluida su Android, iOS, Windows e macOS, con account sincronizzati, aggiornamenti regolari e assistenza clienti integrata per un'esperienza senza intoppi.\",\"breadcrumb\":{\"@id\":\"https:\\\/\\\/slot-rize.org\\\/it\\\/applicazione\\\/#breadcrumb\"},\"inLanguage\":\"it-IT\",\"potentialAction\":[{\"@type\":\"ReadAction\",\"target\":[\"https:\\\/\\\/slot-rize.org\\\/it\\\/applicazione\\\/\"]}]},{\"@type\":\"BreadcrumbList\",\"@id\":\"https:\\\/\\\/slot-rize.org\\\/it\\\/applicazione\\\/#breadcrumb\",\"itemListElement\":[{\"@type\":\"ListItem\",\"position\":1,\"name\":\"Slotrize\",\"item\":\"https:\\\/\\\/slot-rize.org\\\/it\\\/\"},{\"@type\":\"ListItem\",\"position\":2,\"name\":\"Applicazione\"}]},{\"@type\":\"WebSite\",\"@id\":\"https:\\\/\\\/slot-rize.org\\\/it\\\/#website\",\"url\":\"https:\\\/\\\/slot-rize.org\\\/it\\\/\",\"name\":\"Slotrize\",\"description\":\"\",\"publisher\":{\"@id\":\"https:\\\/\\\/slot-rize.org\\\/it\\\/#organization\"},\"potentialAction\":[{\"@type\":\"SearchAction\",\"target\":{\"@type\":\"EntryPoint\",\"urlTemplate\":\"https:\\\/\\\/slot-rize.org\\\/it\\\/?s={search_term_string}\"},\"query-input\":{\"@type\":\"PropertyValueSpecification\",\"valueRequired\":true,\"valueName\":\"search_term_string\"}}],\"inLanguage\":\"it-IT\"},{\"@type\":\"Organization\",\"@id\":\"https:\\\/\\\/slot-rize.org\\\/it\\\/#organization\",\"name\":\"Slotrize\",\"url\":\"https:\\\/\\\/slot-rize.org\\\/it\\\/\",\"logo\":{\"@type\":\"ImageObject\",\"inLanguage\":\"it-IT\",\"@id\":\"https:\\\/\\\/slot-rize.org\\\/it\\\/#\\\/schema\\\/logo\\\/image\\\/\",\"url\":\"https:\\\/\\\/slot-rize.org\\\/wp-content\\\/uploads\\\/2026\\\/02\\\/Slotrize-logo-1.svg\",\"contentUrl\":\"https:\\\/\\\/slot-rize.org\\\/wp-content\\\/uploads\\\/2026\\\/02\\\/Slotrize-logo-1.svg\",\"width\":54,\"height\":27,\"caption\":\"Slotrize\"},\"image\":{\"@id\":\"https:\\\/\\\/slot-rize.org\\\/it\\\/#\\\/schema\\\/logo\\\/image\\\/\"}}]}<\/script>\n<!-- \/ Yoast SEO plugin. -->","yoast_head_json":{"title":"Slotrize App | Piattaforme iOS e Android","description":"L'app Slotrize offre un'esperienza di gioco fluida su Android, iOS, Windows e macOS, con account sincronizzati, aggiornamenti regolari e assistenza clienti integrata per un'esperienza senza intoppi.","robots":{"index":"index","follow":"follow","max-snippet":"max-snippet:-1","max-image-preview":"max-image-preview:large","max-video-preview":"max-video-preview:-1"},"canonical":"https:\/\/slot-rize.org\/it\/applicazione\/","og_locale":"it_IT","og_type":"article","og_title":"Slotrize App | Piattaforme iOS e Android","og_description":"L'app Slotrize offre un'esperienza di gioco fluida su Android, iOS, Windows e macOS, con account sincronizzati, aggiornamenti regolari e assistenza clienti integrata per un'esperienza senza intoppi.","og_url":"https:\/\/slot-rize.org\/it\/applicazione\/","og_site_name":"Slotrize","article_modified_time":"2026-02-06T09:14:01+00:00","twitter_card":"summary_large_image","twitter_misc":{"Est. reading time":"2 minuti"},"schema":{"@context":"https:\/\/schema.org","@graph":[{"@type":"WebPage","@id":"https:\/\/slot-rize.org\/it\/applicazione\/","url":"https:\/\/slot-rize.org\/it\/applicazione\/","name":"Slotrize App | Piattaforme iOS e Android","isPartOf":{"@id":"https:\/\/slot-rize.org\/it\/#website"},"datePublished":"2026-02-05T13:56:34+00:00","dateModified":"2026-02-06T09:14:01+00:00","description":"L'app Slotrize offre un'esperienza di gioco fluida su Android, iOS, Windows e macOS, con account sincronizzati, aggiornamenti regolari e assistenza clienti integrata per un'esperienza senza intoppi.","breadcrumb":{"@id":"https:\/\/slot-rize.org\/it\/applicazione\/#breadcrumb"},"inLanguage":"it-IT","potentialAction":[{"@type":"ReadAction","target":["https:\/\/slot-rize.org\/it\/applicazione\/"]}]},{"@type":"BreadcrumbList","@id":"https:\/\/slot-rize.org\/it\/applicazione\/#breadcrumb","itemListElement":[{"@type":"ListItem","position":1,"name":"Slotrize","item":"https:\/\/slot-rize.org\/it\/"},{"@type":"ListItem","position":2,"name":"Applicazione"}]},{"@type":"WebSite","@id":"https:\/\/slot-rize.org\/it\/#website","url":"https:\/\/slot-rize.org\/it\/","name":"Slotrize","description":"","publisher":{"@id":"https:\/\/slot-rize.org\/it\/#organization"},"potentialAction":[{"@type":"SearchAction","target":{"@type":"EntryPoint","urlTemplate":"https:\/\/slot-rize.org\/it\/?s={search_term_string}"},"query-input":{"@type":"PropertyValueSpecification","valueRequired":true,"valueName":"search_term_string"}}],"inLanguage":"it-IT"},{"@type":"Organization","@id":"https:\/\/slot-rize.org\/it\/#organization","name":"Slotrize","url":"https:\/\/slot-rize.org\/it\/","logo":{"@type":"ImageObject","inLanguage":"it-IT","@id":"https:\/\/slot-rize.org\/it\/#\/schema\/logo\/image\/","url":"https:\/\/slot-rize.org\/wp-content\/uploads\/2026\/02\/Slotrize-logo-1.svg","contentUrl":"https:\/\/slot-rize.org\/wp-content\/uploads\/2026\/02\/Slotrize-logo-1.svg","width":54,"height":27,"caption":"Slotrize"},"image":{"@id":"https:\/\/slot-rize.org\/it\/#\/schema\/logo\/image\/"}}]}},"_links":{"self":[{"href":"https:\/\/slot-rize.org\/it\/wp-json\/wp\/v2\/pages\/1419","targetHints":{"allow":["GET"]}}],"collection":[{"href":"https:\/\/slot-rize.org\/it\/wp-json\/wp\/v2\/pages"}],"about":[{"href":"https:\/\/slot-rize.org\/it\/wp-json\/wp\/v2\/types\/page"}],"author":[{"embeddable":true,"href":"https:\/\/slot-rize.org\/it\/wp-json\/wp\/v2\/users\/1"}],"replies":[{"embeddable":true,"href":"https:\/\/slot-rize.org\/it\/wp-json\/wp\/v2\/comments?post=1419"}],"version-history":[{"count":2,"href":"https:\/\/slot-rize.org\/it\/wp-json\/wp\/v2\/pages\/1419\/revisions"}],"predecessor-version":[{"id":1737,"href":"https:\/\/slot-rize.org\/it\/wp-json\/wp\/v2\/pages\/1419\/revisions\/1737"}],"wp:attachment":[{"href":"https:\/\/slot-rize.org\/it\/wp-json\/wp\/v2\/media?parent=1419"}],"curies":[{"name":"wp","href":"https:\/\/api.w.org\/{rel}","templated":true}]}}