{"id":1459,"date":"2026-02-05T14:08:47","date_gmt":"2026-02-05T14:08:47","guid":{"rendered":"https:\/\/slot-rize.org\/login-and-registration\/"},"modified":"2026-02-06T09:21:12","modified_gmt":"2026-02-06T09:21:12","slug":"accesso-e-registrazione","status":"publish","type":"page","link":"https:\/\/slot-rize.org\/it\/accesso-e-registrazione\/","title":{"rendered":"Accesso e registrazione"},"content":{"rendered":"<h1>Accesso e registrazione all&#8217;account Slotrize<\/h1>\n<p>Il processo di Slotrize login \u00e8 semplice e richiede solo pochi secondi. I giocatori italiani non devono fornirci troppi dati personali n\u00e9 verificare la propria identit\u00e0 al momento della registrazione. Con pochi clic, puoi creare il tuo account Slotrize e iniziare subito a giocare alle slot online e ad altri giochi da casin\u00f2.<\/p>\n<p><div class=\"banner-wrap\" aria-label=\"Banner\"><img src=\"https:\/\/slot-rize.org\/wp-content\/uploads\/2026\/02\/Desktop-banner-scaled-1.webp\" class=\"w-100 d-none d-lg-block img-pc main-banner-img\" alt=\"Desktop banner scaled\" fetchpriority=\"high\" decoding=\"async\"><img src=\"https:\/\/slot-rize.org\/wp-content\/uploads\/2026\/02\/Mobile-banner.webp\" class=\"w-100 d-none d-md-block d-lg-none main-banner-img\" alt=\"Mobile banner\" fetchpriority=\"high\" decoding=\"async\"><img src=\"https:\/\/slot-rize.org\/wp-content\/uploads\/2026\/02\/Mobile-banner.webp\" class=\"w-100 d-md-none\" alt=\"Mobile banner\" fetchpriority=\"high\" decoding=\"async\"><div class=\"banner-description\">\n<div class=\"banner-title\">Bonus di benvenuto<\/div>\n<p class=\"banner-header-title\">1500 \u20ac<\/p>\n<div class=\"banner-header-AdditionalText\">+ 250 Giri gratuiti<\/div>\n<button data-item=\"homepage_banner_link\" class=\"goto m-button m-gradient-border m-button--primary m-button--large banner-button btn-orange\">\n            <div class=\"m-button-content\">\n                <span>Iscriviti ora<\/span>\n                <span><\/span>\n            <\/div>\n        <\/button>\n<\/div>\n<div class=\"WelcomePack\">\n<p><img loading=\"lazy\" decoding=\"async\" class=\"alignnone size-full wp-image-1478\" src=\"https:\/\/slot-rize.org\/wp-content\/uploads\/welcome-crown.svg\" alt=\"welcome crown\" width=\"25\" height=\"26\" \/><\/p>\n<div class=\"WelcomePack-Info\">Cashback settimanale fino al 25%<\/div>\n<p><img loading=\"lazy\" decoding=\"async\" class=\"alignnone size-full wp-image-1478\" src=\"https:\/\/slot-rize.org\/wp-content\/uploads\/welcome-crown.svg\" alt=\"welcome crown\" width=\"25\" height=\"26\" \/><\/p>\n<\/div>\n<\/div><div class=\"scrollable-content-wrap my-5\"><div class=\"scrollable-content-inner\"><h2>Registrazione di un nuovo utente su Slot Rize<\/h2>\n<p>La registrazione su Slotrize Casino offre molti vantaggi ai giocatori. Innanzitutto, ti permette di provare gratuitamente alcune delle slot pi\u00f9 popolari in modalit\u00e0 demo. In secondo luogo, offriamo a ogni nuovo utente registrato un generoso bonus di benvenuto che massimizza il divertimento del gioco. Inoltre, puoi iniziare a guadagnare punti come parte del nostro programma fedelt\u00e0 e ottenere cos\u00ec l&#8217;accesso a ulteriori vantaggi.<\/p>\n<h3>Come creare il tuo account<\/h3>\n<p>Creare il tuo account su Slotrize Casino richiede solo sei semplici passaggi:<\/p>\n<ol>\n<li>Clicca sul pulsante di registrazione nell&#8217;angolo in alto a destra della nostra homepage.<\/li>\n<li>Inserisci il tuo indirizzo e-mail nel modulo di registrazione che si aprir\u00e0.<\/li>\n<li>Crea una password sicura.<\/li>\n<li>Conferma di avere pi\u00f9 di 18 anni e accetta i nostri termini e condizioni.<\/li>\n<li>Tocca il pulsante per procedere.<\/li>\n<li>Compila il secondo modulo con ulteriori dettagli: nome, cognome e numero di telefono.<\/li>\n<\/ol>\n<p>\u00c8 possibile giocare su Slotrize Casino solo se risiedi in un Paese in cui il gioco d&#8217;azzardo online \u00e8 legale. Pertanto, il sito web rileva la tua posizione attuale e la aggiunge automaticamente al tuo account, e non ti \u00e8 consentito modificare queste informazioni senza l&#8217;aiuto del nostro team di assistenza clienti. Gli utenti non hanno inoltre il diritto di modificare manualmente la loro data di nascita. \u00c8 quindi fondamentale che tu ci fornisca dati personali corretti fin dall&#8217;inizio.<\/p>\n<p>I dati che puoi modificare liberamente nel tuo account Slot Rize sono il tuo nome e cognome, nome utente, sesso e contatti. Se hai bisogno di aggiornare la tua password, puoi farlo anche nelle impostazioni di sicurezza del tuo profilo.<\/p>\n<h2>Utilizzo del tuo account Slotrize<\/h2>\n<p>Il processo di accesso a Slotrize \u00e8 ancora pi\u00f9 semplice della registrazione sul nostro sito web. Tutto quello che devi fare \u00e8 cliccare sul pulsante di accesso, inserire le tue credenziali (cio\u00e8 e-mail e password) e toccare ancora una volta lo schermo per completare il processo.<\/p>\n<p>Dopo aver effettuato l&#8217;accesso a Slotrize, potrai divertirti con migliaia di giochi da casin\u00f2 e usufruire delle seguenti pratiche interfacce dell&#8217;account:<\/p>\n<table>\n<tbody>\n<tr>\n<td>Interfaccia<\/td>\n<td>Descrizione<\/td>\n<\/tr>\n<tr>\n<td>Portafoglio<\/td>\n<td>Questo \u00e8 il tuo centro di gestione dei fondi con pulsanti per depositi e prelievi rapidi. Mostra i totali del tuo denaro reale e dei bonus, nonch\u00e9 i tuoi attuali limiti di prelievo.<\/td>\n<\/tr>\n<tr>\n<td>Cronologia<\/td>\n<td>Qui puoi trovare i resoconti di tutte le tue attivit\u00e0 passate e in corso su Slotrize Casino, comprese le sessioni di gioco, le transazioni finanziarie, l&#8217;utilizzo dei bonus, le scommesse, ecc.<\/td>\n<\/tr>\n<tr>\n<td>Profilo<\/td>\n<td>Questa interfaccia contiene diversi tipi di impostazioni: informazioni generali, sicurezza e limiti di gioco.<\/td>\n<\/tr>\n<\/tbody>\n<\/table>\n<h3>Processo di verifica dell&#8217;account<\/h3>\n<p>La verifica dell&#8217;identit\u00e0 non \u00e8 richiesta al momento della registrazione su Slot Rize Casino. Tuttavia, ti chiederemo di fornirci copie dei tuoi documenti al tuo primo tentativo di prelievo di fondi. I documenti includono:<\/p>\n<ul>\n<li>Passaporto o patente di guida<\/li>\n<li>Bollette recenti<\/li>\n<li>Carta di debito utilizzata per elaborare la transazione finanziaria<\/li>\n<\/ul>\n<p>La procedura di verifica dell&#8217;identit\u00e0 ci aiuter\u00e0 ad assicurarci che nessuna parte violi la legge, intenzionalmente o meno, e che tu abbia utilizzato credenziali autentiche per registrarti su Slotrize. L&#8217;intero processo richieder\u00e0 circa 48 ore. Una volta completato con successo, ti sar\u00e0 consentito incassare le tue vincite al casin\u00f2 senza ulteriori controlli di identit\u00e0.<\/p>\n<p>\u00c8 inoltre importante verificare il tuo indirizzo e-mail e il tuo numero di telefono nel tuo account personale. Questa semplice misura consente una migliore comunicazione e sicurezza. Inoltre, verificando i tuoi dati di contatto, potrai guadagnare punti Slotrize extra e poi spenderli in bonus nel nostro negozio del casin\u00f2.<\/p>\n<h3>Misure di sicurezza<\/h3>\n<p>Monitoriamo ogni accesso a Slotrize per individuare tempestivamente attivit\u00e0 sospette e proteggere il tuo account da un uso improprio. Inoltre, per proteggere le tue informazioni riservate, ti consigliamo di aggiornare regolarmente la tua password nelle impostazioni di sicurezza.<\/p>\n<p>Hai anche la possibilit\u00e0 di attivare l&#8217;autenticazione a due fattori (2FA). Questa semplice misura richiede l&#8217;inserimento di un codice monouso ogni volta che accedi a Slot Rize Casino. In questo modo, il rischio di accessi non autorizzati \u00e8 ridotto a zero.<\/p>\n<h2>Domande frequenti<\/h2>\n<h3>La registrazione al vostro casin\u00f2 online \u00e8 gratuita?<\/h3>\n<p>S\u00ec, puoi creare un account Slotrize Casino senza alcun costo: non applichiamo alcuna commissione per la registrazione. Una volta registrato, potrai anche giocare gratuitamente ad alcune slot online. Tuttavia, per iniziare a piazzare scommesse e guadagnare denaro, dovrai spendere denaro reale o bonus.<\/p>\n<h3>Come posso aggiornare la mia password o il mio indirizzo e-mail?<\/h3>\n<p>\u00c8 possibile modificare le informazioni personali e i dettagli di contatto tramite il proprio profilo Slotrize Casino. Basta cliccare sul pulsante &#8220;Modifica dettagli personali&#8221; e individuare il campo dei contatti per modificare il proprio indirizzo e-mail. Per cambiare la password, aprire le impostazioni di sicurezza.<\/p>\n<h3>Cosa devo fare se il mio account \u00e8 bloccato?<\/h3>\n<p>Gli utenti vengono bloccati dai loro account a causa di troppi tentativi falliti di accesso a Slotrize o di attivit\u00e0 sospette. Nel primo caso, \u00e8 sufficiente attendere qualche tempo prima di provare ad accedere nuovamente (e reimpostare la password per assicurarsi di utilizzare quella corretta). Nel secondo caso o in caso di motivi sconosciuti, non esitare a contattare i nostri specialisti dell&#8217;assistenza multilingue tramite Live Chat o e-mail: troveremo la soluzione ottimale al tuo problema.<\/p>\n<\/div><\/div><\/p>\n","protected":false},"excerpt":{"rendered":"<p>Accesso e registrazione all&#8217;account Slotrize Il processo di Slotrize login \u00e8 semplice e richiede solo pochi secondi. I giocatori italiani non devono fornirci troppi dati personali n\u00e9 verificare la propria identit\u00e0 al momento della registrazione. Con pochi clic, puoi creare il tuo account Slotrize e iniziare subito a giocare alle slot online e ad altri [&hellip;]<\/p>\n","protected":false},"author":1,"featured_media":0,"parent":0,"menu_order":0,"comment_status":"closed","ping_status":"closed","template":"template-builder.php","meta":{"_acf_changed":false,"inline_featured_image":false,"footnotes":""},"class_list":["post-1459","page","type-page","status-publish","hentry"],"acf":[],"yoast_head":"<!-- This site is optimized with the Yoast SEO plugin v27.3 - https:\/\/yoast.com\/product\/yoast-seo-wordpress\/ -->\n<title>Slotrize Login e registrazione<\/title>\n<meta name=\"description\" content=\"Crea, gestisci e verifica il tuo account Slotrize Casino senza alcuno sforzo. Approfitta della registrazione rapida, del facile recupero dell&#039;account e della chiusura sicura con Slotrize Login, che protegge il tuo account 24 ore su 24.\" \/>\n<meta name=\"robots\" content=\"index, follow, max-snippet:-1, max-image-preview:large, max-video-preview:-1\" \/>\n<link rel=\"canonical\" href=\"https:\/\/slot-rize.org\/it\/accesso-e-registrazione\/\" \/>\n<meta property=\"og:locale\" content=\"it_IT\" \/>\n<meta property=\"og:type\" content=\"article\" \/>\n<meta property=\"og:title\" content=\"Slotrize Login e registrazione\" \/>\n<meta property=\"og:description\" content=\"Crea, gestisci e verifica il tuo account Slotrize Casino senza alcuno sforzo. Approfitta della registrazione rapida, del facile recupero dell&#039;account e della chiusura sicura con Slotrize Login, che protegge il tuo account 24 ore su 24.\" \/>\n<meta property=\"og:url\" content=\"https:\/\/slot-rize.org\/it\/accesso-e-registrazione\/\" \/>\n<meta property=\"og:site_name\" content=\"Slotrize\" \/>\n<meta property=\"article:modified_time\" content=\"2026-02-06T09:21:12+00:00\" \/>\n<meta name=\"twitter:card\" content=\"summary_large_image\" \/>\n<meta name=\"twitter:label1\" content=\"Est. reading time\" \/>\n\t<meta name=\"twitter:data1\" content=\"1 minuto\" \/>\n<script type=\"application\/ld+json\" class=\"yoast-schema-graph\">{\"@context\":\"https:\\\/\\\/schema.org\",\"@graph\":[{\"@type\":\"WebPage\",\"@id\":\"https:\\\/\\\/slot-rize.org\\\/it\\\/accesso-e-registrazione\\\/\",\"url\":\"https:\\\/\\\/slot-rize.org\\\/it\\\/accesso-e-registrazione\\\/\",\"name\":\"Slotrize Login e registrazione\",\"isPartOf\":{\"@id\":\"https:\\\/\\\/slot-rize.org\\\/it\\\/#website\"},\"datePublished\":\"2026-02-05T14:08:47+00:00\",\"dateModified\":\"2026-02-06T09:21:12+00:00\",\"description\":\"Crea, gestisci e verifica il tuo account Slotrize Casino senza alcuno sforzo. Approfitta della registrazione rapida, del facile recupero dell'account e della chiusura sicura con Slotrize Login, che protegge il tuo account 24 ore su 24.\",\"breadcrumb\":{\"@id\":\"https:\\\/\\\/slot-rize.org\\\/it\\\/accesso-e-registrazione\\\/#breadcrumb\"},\"inLanguage\":\"it-IT\",\"potentialAction\":[{\"@type\":\"ReadAction\",\"target\":[\"https:\\\/\\\/slot-rize.org\\\/it\\\/accesso-e-registrazione\\\/\"]}]},{\"@type\":\"BreadcrumbList\",\"@id\":\"https:\\\/\\\/slot-rize.org\\\/it\\\/accesso-e-registrazione\\\/#breadcrumb\",\"itemListElement\":[{\"@type\":\"ListItem\",\"position\":1,\"name\":\"Slotrize\",\"item\":\"https:\\\/\\\/slot-rize.org\\\/it\\\/\"},{\"@type\":\"ListItem\",\"position\":2,\"name\":\"Accesso e registrazione\"}]},{\"@type\":\"WebSite\",\"@id\":\"https:\\\/\\\/slot-rize.org\\\/it\\\/#website\",\"url\":\"https:\\\/\\\/slot-rize.org\\\/it\\\/\",\"name\":\"Slotrize\",\"description\":\"\",\"publisher\":{\"@id\":\"https:\\\/\\\/slot-rize.org\\\/it\\\/#organization\"},\"potentialAction\":[{\"@type\":\"SearchAction\",\"target\":{\"@type\":\"EntryPoint\",\"urlTemplate\":\"https:\\\/\\\/slot-rize.org\\\/it\\\/?s={search_term_string}\"},\"query-input\":{\"@type\":\"PropertyValueSpecification\",\"valueRequired\":true,\"valueName\":\"search_term_string\"}}],\"inLanguage\":\"it-IT\"},{\"@type\":\"Organization\",\"@id\":\"https:\\\/\\\/slot-rize.org\\\/it\\\/#organization\",\"name\":\"Slotrize\",\"url\":\"https:\\\/\\\/slot-rize.org\\\/it\\\/\",\"logo\":{\"@type\":\"ImageObject\",\"inLanguage\":\"it-IT\",\"@id\":\"https:\\\/\\\/slot-rize.org\\\/it\\\/#\\\/schema\\\/logo\\\/image\\\/\",\"url\":\"https:\\\/\\\/slot-rize.org\\\/wp-content\\\/uploads\\\/2026\\\/02\\\/Slotrize-logo-1.svg\",\"contentUrl\":\"https:\\\/\\\/slot-rize.org\\\/wp-content\\\/uploads\\\/2026\\\/02\\\/Slotrize-logo-1.svg\",\"width\":54,\"height\":27,\"caption\":\"Slotrize\"},\"image\":{\"@id\":\"https:\\\/\\\/slot-rize.org\\\/it\\\/#\\\/schema\\\/logo\\\/image\\\/\"}}]}<\/script>\n<!-- \/ Yoast SEO plugin. -->","yoast_head_json":{"title":"Slotrize Login e registrazione","description":"Crea, gestisci e verifica il tuo account Slotrize Casino senza alcuno sforzo. Approfitta della registrazione rapida, del facile recupero dell'account e della chiusura sicura con Slotrize Login, che protegge il tuo account 24 ore su 24.","robots":{"index":"index","follow":"follow","max-snippet":"max-snippet:-1","max-image-preview":"max-image-preview:large","max-video-preview":"max-video-preview:-1"},"canonical":"https:\/\/slot-rize.org\/it\/accesso-e-registrazione\/","og_locale":"it_IT","og_type":"article","og_title":"Slotrize Login e registrazione","og_description":"Crea, gestisci e verifica il tuo account Slotrize Casino senza alcuno sforzo. Approfitta della registrazione rapida, del facile recupero dell'account e della chiusura sicura con Slotrize Login, che protegge il tuo account 24 ore su 24.","og_url":"https:\/\/slot-rize.org\/it\/accesso-e-registrazione\/","og_site_name":"Slotrize","article_modified_time":"2026-02-06T09:21:12+00:00","twitter_card":"summary_large_image","twitter_misc":{"Est. reading time":"1 minuto"},"schema":{"@context":"https:\/\/schema.org","@graph":[{"@type":"WebPage","@id":"https:\/\/slot-rize.org\/it\/accesso-e-registrazione\/","url":"https:\/\/slot-rize.org\/it\/accesso-e-registrazione\/","name":"Slotrize Login e registrazione","isPartOf":{"@id":"https:\/\/slot-rize.org\/it\/#website"},"datePublished":"2026-02-05T14:08:47+00:00","dateModified":"2026-02-06T09:21:12+00:00","description":"Crea, gestisci e verifica il tuo account Slotrize Casino senza alcuno sforzo. Approfitta della registrazione rapida, del facile recupero dell'account e della chiusura sicura con Slotrize Login, che protegge il tuo account 24 ore su 24.","breadcrumb":{"@id":"https:\/\/slot-rize.org\/it\/accesso-e-registrazione\/#breadcrumb"},"inLanguage":"it-IT","potentialAction":[{"@type":"ReadAction","target":["https:\/\/slot-rize.org\/it\/accesso-e-registrazione\/"]}]},{"@type":"BreadcrumbList","@id":"https:\/\/slot-rize.org\/it\/accesso-e-registrazione\/#breadcrumb","itemListElement":[{"@type":"ListItem","position":1,"name":"Slotrize","item":"https:\/\/slot-rize.org\/it\/"},{"@type":"ListItem","position":2,"name":"Accesso e registrazione"}]},{"@type":"WebSite","@id":"https:\/\/slot-rize.org\/it\/#website","url":"https:\/\/slot-rize.org\/it\/","name":"Slotrize","description":"","publisher":{"@id":"https:\/\/slot-rize.org\/it\/#organization"},"potentialAction":[{"@type":"SearchAction","target":{"@type":"EntryPoint","urlTemplate":"https:\/\/slot-rize.org\/it\/?s={search_term_string}"},"query-input":{"@type":"PropertyValueSpecification","valueRequired":true,"valueName":"search_term_string"}}],"inLanguage":"it-IT"},{"@type":"Organization","@id":"https:\/\/slot-rize.org\/it\/#organization","name":"Slotrize","url":"https:\/\/slot-rize.org\/it\/","logo":{"@type":"ImageObject","inLanguage":"it-IT","@id":"https:\/\/slot-rize.org\/it\/#\/schema\/logo\/image\/","url":"https:\/\/slot-rize.org\/wp-content\/uploads\/2026\/02\/Slotrize-logo-1.svg","contentUrl":"https:\/\/slot-rize.org\/wp-content\/uploads\/2026\/02\/Slotrize-logo-1.svg","width":54,"height":27,"caption":"Slotrize"},"image":{"@id":"https:\/\/slot-rize.org\/it\/#\/schema\/logo\/image\/"}}]}},"_links":{"self":[{"href":"https:\/\/slot-rize.org\/it\/wp-json\/wp\/v2\/pages\/1459","targetHints":{"allow":["GET"]}}],"collection":[{"href":"https:\/\/slot-rize.org\/it\/wp-json\/wp\/v2\/pages"}],"about":[{"href":"https:\/\/slot-rize.org\/it\/wp-json\/wp\/v2\/types\/page"}],"author":[{"embeddable":true,"href":"https:\/\/slot-rize.org\/it\/wp-json\/wp\/v2\/users\/1"}],"replies":[{"embeddable":true,"href":"https:\/\/slot-rize.org\/it\/wp-json\/wp\/v2\/comments?post=1459"}],"version-history":[{"count":2,"href":"https:\/\/slot-rize.org\/it\/wp-json\/wp\/v2\/pages\/1459\/revisions"}],"predecessor-version":[{"id":1747,"href":"https:\/\/slot-rize.org\/it\/wp-json\/wp\/v2\/pages\/1459\/revisions\/1747"}],"wp:attachment":[{"href":"https:\/\/slot-rize.org\/it\/wp-json\/wp\/v2\/media?parent=1459"}],"curies":[{"name":"wp","href":"https:\/\/api.w.org\/{rel}","templated":true}]}}