{"id":1421,"date":"2026-02-05T13:56:34","date_gmt":"2026-02-05T13:56:34","guid":{"rendered":"https:\/\/slot-rize.org\/app\/"},"modified":"2026-02-06T09:47:32","modified_gmt":"2026-02-06T09:47:32","slug":"aplikacja","status":"publish","type":"page","link":"https:\/\/slot-rize.org\/pl\/aplikacja\/","title":{"rendered":"Aplikacja"},"content":{"rendered":"<h1>Platforma mobilna Slot Rize<\/h1>\n<p>Slotrize app umo\u017cliwia \u0142atwy i wygodny dost\u0119p do konta w kasynie. Dzi\u0119ki niej mo\u017cesz gra\u0107 w najmodniejsze automaty online, do\u0142\u0105cza\u0107 do sto\u0142\u00f3w z krupierem na \u017cywo, wygrywa\u0107 progresywne jackpoty i cieszy\u0107 si\u0119 mn\u00f3stwem innych atrakcji z naszego obszernego katalogu, gdy jeste\u015b w podr\u00f3\u017cy. Aplikacja jest bezp\u0142atna dla polskich graczy i kompatybilna z ka\u017cdym typem urz\u0105dzenia: iOS, Android, a nawet Windows lub macOS.<\/p>\n<div class=\"banner-wrap\" aria-label=\"Banner\"><img src=\"https:\/\/slot-rize.org\/wp-content\/uploads\/2026\/02\/Desktop-banner-scaled-1.webp\" class=\"w-100 d-none d-lg-block img-pc main-banner-img\" alt=\"Desktop banner scaled\" fetchpriority=\"high\" decoding=\"async\"><img src=\"https:\/\/slot-rize.org\/wp-content\/uploads\/2026\/02\/Mobile-banner.webp\" class=\"w-100 d-none d-md-block d-lg-none main-banner-img\" alt=\"Mobile banner\" fetchpriority=\"high\" decoding=\"async\"><img src=\"https:\/\/slot-rize.org\/wp-content\/uploads\/2026\/02\/Mobile-banner.webp\" class=\"w-100 d-md-none\" alt=\"Mobile banner\" fetchpriority=\"high\" decoding=\"async\"><div class=\"banner-description\">\n<div class=\"banner-title\">Bonusy powitalne<\/div>\n<p class=\"banner-header-title\">1500 \u20ac<\/p>\n<div class=\"banner-header-AdditionalText\">+ 250 Darmowe spiny<\/div>\n<button data-item=\"homepage_banner_link\" class=\"goto m-button m-gradient-border m-button--primary m-button--large banner-button btn-orange\">\n            <div class=\"m-button-content\">\n                <span>Zarejestruj si\u0119 teraz<\/span>\n                <span><\/span>\n            <\/div>\n        <\/button>\n<\/div>\n<div class=\"WelcomePack\">\n<p><img loading=\"lazy\" decoding=\"async\" class=\"alignnone size-full wp-image-1479\" src=\"https:\/\/slot-rize.org\/wp-content\/uploads\/welcome-crown.svg\" alt=\"welcome crown\" width=\"25\" height=\"26\" \/><\/p>\n<div class=\"WelcomePack-Info\">Cotygodniowy zwrot got\u00f3wki do 25%<\/div>\n<p><img loading=\"lazy\" decoding=\"async\" class=\"alignnone size-full wp-image-1479\" src=\"https:\/\/slot-rize.org\/wp-content\/uploads\/welcome-crown.svg\" alt=\"welcome crown\" width=\"25\" height=\"26\" \/><\/p>\n<\/div>\n<\/div>\n<h2>Korzystanie z Slotrize na urz\u0105dzeniu mobilnym<\/h2>\n<p>Aplikacja Slotrize ma format progresywnej aplikacji internetowej (PWA), kt\u00f3ra s\u0142u\u017cy jako skr\u00f3t do naszej oficjalnej strony internetowej. Po zainstalowaniu jej na urz\u0105dzeniu z systemem Android lub iOS nie b\u0119dziesz ju\u017c musia\u0142 otwiera\u0107 naszego kasyna za pomoc\u0105 przegl\u0105darki \u2013 wystarczy klikn\u0105\u0107 ikon\u0119 na ekranie g\u0142\u00f3wnym i od razu zacz\u0105\u0107 gra\u0107 na automatach.<\/p>\n<p>Mobilna wersja Slotrize Casino oferuje wszystkie te same funkcje i interfejsy, co oficjalna strona internetowa. Jest jednak idealna dla tych, kt\u00f3rzy wol\u0105 gra\u0107 na smartfonach lub tabletach zamiast na komputerach.<\/p>\n<p>Oto kluczowe zalety korzystania z aplikacji Slot Rize zamiast hazardu na komputerze:<\/p>\n<ul>\n<li>Wi\u0119ksza mobilno\u015b\u0107. Nie musisz siedzie\u0107 w domu przed komputerem. Mo\u017cesz \u0142atwo cieszy\u0107 si\u0119 najwy\u017cszej klasy wra\u017ceniami z gry, nawet podczas podr\u00f3\u017cy.<\/li>\n<li>\u0141atwy dost\u0119p. Logowanie si\u0119 na konto mobilnego kasyna jest szybsze z ekranu g\u0142\u00f3wnego telefonu ni\u017c z przegl\u0105darki.<\/li>\n<li>Szybszy czas \u0142adowania. PWA wykorzystuje inteligentne zasoby pami\u0119ci podr\u0119cznej, dzi\u0119ki czemu interfejsy kasyn pojawiaj\u0105 si\u0119 na ekranie natychmiast.<\/li>\n<li>Powiadomienia push. Za Twoj\u0105 zgod\u0105 nasza aplikacja PWA b\u0119dzie Ci\u0119 informowa\u0107 o nowych kampaniach promocyjnych i dost\u0119pnych bonusach.<\/li>\n<li>Funkcjonalno\u015b\u0107 offline. Mo\u017cesz sprawdzi\u0107 informacje na swoim koncie w kasynie, nawet je\u015bli nie masz po\u0142\u0105czenia z Internetem, poniewa\u017c wcze\u015bniej za\u0142adowana zawarto\u015b\u0107 pozostaje widoczna za po\u015brednictwem PWA.<\/li>\n<\/ul>\n<p>Ponadto Slotrize app mo\u017cna zainstalowa\u0107 r\u00f3wnie\u017c na komputerze stacjonarnym. W\u00f3wczas, niezale\u017cnie od tego, z jakiego urz\u0105dzenia zdecydujesz si\u0119 korzysta\u0107 w naszym kasynie, dane dotycz\u0105ce Twojej aktywno\u015bci b\u0119d\u0105 p\u0142ynnie synchronizowane mi\u0119dzy platformami.<\/p>\n<p><div class=\"scrollable-content-wrap my-5\"><div class=\"scrollable-content-inner\"><h2>Aplikacja mobilna Slotrize na iOS<\/h2>\n<p>Dla u\u017cytkownik\u00f3w iPhone&#8217;\u00f3w i iPad\u00f3w proces instalacji aplikacji Slotrize jest r\u00f3wnie prosty:<\/p>\n<ol>\n<li>Otw\u00f3rz nasz\u0105 stron\u0119 internetow\u0105 w przegl\u0105darce mobilnej.<\/li>\n<li>Przejd\u017a do ustawie\u0144 przegl\u0105darki i wybierz opcj\u0119 \u201eDodaj do ekranu g\u0142\u00f3wnego\u201d.<\/li>\n<li>Rozpocznij proces instalacji, klikaj\u0105c przycisk.<\/li>\n<li>Poczekaj kilka sekund, a\u017c ikona kasyna pojawi si\u0119 na ekranie urz\u0105dzenia.<\/li>\n<\/ol>\n<p>Po zako\u0144czeniu mo\u017cesz wygodnie zalogowa\u0107 si\u0119 na swoje konto, dokonywa\u0107 wp\u0142at, gra\u0107 na automatach i do\u0142\u0105cza\u0107 do gier z krupierem na \u017cywo, nawet b\u0119d\u0105c w podr\u00f3\u017cy.<\/p>\n<p><img loading=\"lazy\" decoding=\"async\" src=\"https:\/\/slot-rize.org\/wp-content\/uploads\/2026\/02\/Slotrize-iOS.webp\" alt=\"Slotrize iOS\" width=\"1248\" height=\"536\" \/><\/p>\n<\/div><\/div><div style=\"clear: both\"><\/div><div class=\"d-flex justify-content-center\"><button data-item=\"decouvrez_link\" data-group=\"website_links\" class=\"goto fw-bold rounded-pill btn btn-orange\" aria-label=\"Pobierz aplikacj\u0119 Slotrize\" >Pobierz aplikacj\u0119 Slotrize<\/button><\/div><div class=\"scrollable-content-wrap my-5\"><div class=\"scrollable-content-inner\"><h2>Aplikacja mobilna Slotrize na Androida<\/h2>\n<p>Mimo \u017ce pakiet Android Package Kit (APK) jest jednym z najpopularniejszych rodzaj\u00f3w aplikacji dla urz\u0105dze\u0144 z systemem Android, ma kilka wad w por\u00f3wnaniu z aplikacjami PWA:<\/p>\n<table>\n<tbody>\n<tr>\n<td>Aspekt<\/td>\n<td>APK<\/td>\n<td>PWA<\/td>\n<\/tr>\n<tr>\n<td>Pami\u0119\u0107 urz\u0105dzenia<\/td>\n<td>Znaczne obci\u0105\u017cenie pami\u0119ci<\/td>\n<td>Lekki i nie zu\u017cywa du\u017co pami\u0119ci RAM ani baterii<\/td>\n<\/tr>\n<tr>\n<td>Aktualizacje<\/td>\n<td>Mo\u017ce wymaga\u0107 r\u0119cznej ponownej instalacji przez u\u017cytkownik\u00f3w<\/td>\n<td>Aktualizacje s\u0105 wykonywane automatycznie<\/td>\n<\/tr>\n<tr>\n<td>Pobieranie<\/td>\n<td>Je\u015bli plik APK nie jest dost\u0119pny w sklepie Google Play, mo\u017ce by\u0107 konieczne pobranie go z niezweryfikowanych \u017ar\u00f3de\u0142<\/td>\n<td>Nie ma potrzeby pobierania \u017cadnych podejrzanych plik\u00f3w<\/td>\n<\/tr>\n<tr>\n<td>Czas uruchamiania<\/td>\n<td>Mo\u017ce zaj\u0105\u0107 troch\u0119 czasu, w zale\u017cno\u015bci od z\u0142o\u017cono\u015bci i rozmiaru aplikacji<\/td>\n<td>Natychmiast<\/td>\n<\/tr>\n<\/tbody>\n<\/table>\n<p>Instalacja aplikacji Slotrize Casino PWA na telefonie lub tablecie z systemem Android wymaga wykonania kilku prostych krok\u00f3w:<\/p>\n<ol>\n<li>Wejd\u017a na nasz\u0105 oficjaln\u0105 stron\u0119 internetow\u0105 w wybranej przegl\u0105darce mobilnej.<\/li>\n<li>Kliknij ikon\u0119 z trzema kropkami w pasku adresu, aby otworzy\u0107 menu.<\/li>\n<li>Wybierz opcj\u0119 \u201eDodaj do ekranu g\u0142\u00f3wnego\u201d z listy.<\/li>\n<li>Naci\u015bnij przycisk, aby rozpocz\u0105\u0107 proces instalacji.<\/li>\n<\/ol>\n<p>Po kilku sekundach na ekranie pojawi si\u0119 ikona Slot Rize. Gdy tylko zechcesz zagra\u0107 w nasze gry lub sprawdzi\u0107 informacje na swoim koncie osobistym, wystarczy klikn\u0105\u0107 ikon\u0119, aby szybko przej\u015b\u0107 do Slotrize Casino.<\/p>\n<p><img loading=\"lazy\" decoding=\"async\" src=\"https:\/\/slot-rize.org\/wp-content\/uploads\/2026\/02\/Slotrize-Android.webp\" alt=\"Slotrize Android\" width=\"1248\" height=\"536\" \/><\/p>\n<\/div><\/div><div style=\"clear: both\"><\/div><div class=\"d-flex justify-content-center\"><button data-item=\"decouvrez_link\" data-group=\"website_links\" class=\"goto fw-bold rounded-pill btn btn-orange\" aria-label=\"Pobierz aplikacj\u0119 Slotrize\" >Pobierz aplikacj\u0119 Slotrize<\/button><\/div><div class=\"scrollable-content-wrap my-5\"><div class=\"scrollable-content-inner\"><h2>Aplikacje dla system\u00f3w Windows i macOS<\/h2>\n<p>Korzystanie z Slotrize app nie ogranicza si\u0119 tylko do urz\u0105dze\u0144 mobilnych \u2013 nasza aplikacja PWA dzia\u0142a doskonale na wszystkich platformach, w tym na komputerach z systemem Windows lub macOS. G\u0142\u00f3wnym powodem, dla kt\u00f3rego warto doda\u0107 j\u0105 r\u00f3wnie\u017c do pulpitu, jest znacznie szybszy i wygodniejszy dost\u0119p do naszego kasyna.<\/p>\n<p>Aby zainstalowa\u0107 aplikacj\u0119 na komputerze, wystarczy otworzy\u0107 nasz\u0105 oficjaln\u0105 stron\u0119 internetow\u0105 i klikn\u0105\u0107 przycisk instalacji w pasku adresu (wygl\u0105da jak ekran komputera ze strza\u0142k\u0105). Nast\u0119pnie wystarczy jeszcze raz klikn\u0105\u0107 przycisk instalacji i gotowe. Ikona Slot Rize Casino pojawi si\u0119 wkr\u00f3tce na pulpicie.<\/p>\n<p><img loading=\"lazy\" decoding=\"async\" src=\"https:\/\/slot-rize.org\/wp-content\/uploads\/2026\/02\/Slotrize-Desktop.webp\" alt=\"Slotrize Desktop\" width=\"1248\" height=\"536\" \/><\/p>\n<\/div><\/div><div style=\"clear: both\"><\/div><div class=\"d-flex justify-content-center\"><button data-item=\"decouvrez_link\" data-group=\"website_links\" class=\"goto fw-bold rounded-pill btn btn-orange\" aria-label=\"Pobierz aplikacj\u0119 Slotrize\" >Pobierz aplikacj\u0119 Slotrize<\/button><\/div><div class=\"scrollable-content-wrap my-5\"><div class=\"scrollable-content-inner\"><h2>FAQ<\/h2>\n<h3>Czy musz\u0119 za\u0142o\u017cy\u0107 konto w kasynie, aby korzysta\u0107 z Slot Rize app?<\/h3>\n<p>Aplikacj\u0119 Slotrize mo\u017cna zainstalowa\u0107 na smartfonie lub komputerze nawet bez konta. Jednak aby rozpocz\u0105\u0107 gr\u0119 na naszych automatach online i korzysta\u0107 z wielu innych interfejs\u00f3w kasyna, nale\u017cy si\u0119 zarejestrowa\u0107 i zalogowa\u0107. Proces rejestracji i weryfikacji jest taki sam niezale\u017cnie od u\u017cywanego urz\u0105dzenia.<\/p>\n<h3>Czy aplikacja Slot Rize Casino oferuje obs\u0142ug\u0119 klienta?<\/h3>\n<p>Tak, Slotrize app umo\u017cliwia szybki dost\u0119p do naszej funkcji czatu na \u017cywo. Chatbot natychmiast udziela szczeg\u00f3\u0142owych odpowiedzi na wszelkie pytania dotycz\u0105ce naszego kasyna. Mo\u017cesz r\u00f3wnie\u017c skontaktowa\u0107 si\u0119 z naszym zespo\u0142em pomocy technicznej za po\u015brednictwem poczty elektronicznej. Czas odpowiedzi w przypadku tej metody komunikacji jest ograniczony do 24 godzin.<\/p>\n<h3>Jak mog\u0119 zaktualizowa\u0107 aplikacj\u0119 Slotrize Casino?<\/h3>\n<p>Korzystaj\u0105c z naszej aplikacji PWA, nie musisz wykonywa\u0107 r\u0119cznych aktualizacji. Za ka\u017cdym razem, gdy dodajemy nowe gry kasynowe do naszego katalogu lub wprowadzamy nowe funkcje na stronie internetowej, aplikacja jest aktualizowana automatycznie, bez \u017cadnego udzia\u0142u z Twojej strony.<\/p>\n<\/div><\/div><\/p>\n","protected":false},"excerpt":{"rendered":"<p>Platforma mobilna Slot Rize Slotrize app umo\u017cliwia \u0142atwy i wygodny dost\u0119p do konta w kasynie. Dzi\u0119ki niej mo\u017cesz gra\u0107 w najmodniejsze automaty online, do\u0142\u0105cza\u0107 do sto\u0142\u00f3w z krupierem na \u017cywo, wygrywa\u0107 progresywne jackpoty i cieszy\u0107 si\u0119 mn\u00f3stwem innych atrakcji z naszego obszernego katalogu, gdy jeste\u015b w podr\u00f3\u017cy. Aplikacja jest bezp\u0142atna dla polskich graczy i kompatybilna [&hellip;]<\/p>\n","protected":false},"author":1,"featured_media":0,"parent":0,"menu_order":0,"comment_status":"closed","ping_status":"closed","template":"template-builder.php","meta":{"_acf_changed":false,"inline_featured_image":false,"footnotes":""},"class_list":["post-1421","page","type-page","status-publish","hentry"],"acf":[],"yoast_head":"<!-- This site is optimized with the Yoast SEO plugin v27.3 - https:\/\/yoast.com\/product\/yoast-seo-wordpress\/ -->\n<title>Slotrize App | Platformy iOS i Android<\/title>\n<meta name=\"description\" content=\"Aplikacja Slotrize zapewnia p\u0142ynn\u0105 rozgrywk\u0119 w kasynie na systemach Android, iOS, Windows i macOS, oferuj\u0105c zsynchronizowane konta, regularne aktualizacje i wbudowan\u0105 obs\u0142ug\u0119 klienta, co zapewnia bezproblemowe korzystanie z aplikacji.\" \/>\n<meta name=\"robots\" content=\"index, follow, max-snippet:-1, max-image-preview:large, max-video-preview:-1\" \/>\n<link rel=\"canonical\" href=\"https:\/\/slot-rize.org\/pl\/aplikacja\/\" \/>\n<meta property=\"og:locale\" content=\"pl_PL\" \/>\n<meta property=\"og:type\" content=\"article\" \/>\n<meta property=\"og:title\" content=\"Slotrize App | Platformy iOS i Android\" \/>\n<meta property=\"og:description\" content=\"Aplikacja Slotrize zapewnia p\u0142ynn\u0105 rozgrywk\u0119 w kasynie na systemach Android, iOS, Windows i macOS, oferuj\u0105c zsynchronizowane konta, regularne aktualizacje i wbudowan\u0105 obs\u0142ug\u0119 klienta, co zapewnia bezproblemowe korzystanie z aplikacji.\" \/>\n<meta property=\"og:url\" content=\"https:\/\/slot-rize.org\/pl\/aplikacja\/\" \/>\n<meta property=\"og:site_name\" content=\"Slotrize\" \/>\n<meta property=\"article:modified_time\" content=\"2026-02-06T09:47:32+00:00\" \/>\n<meta name=\"twitter:card\" content=\"summary_large_image\" \/>\n<meta name=\"twitter:label1\" content=\"Est. reading time\" \/>\n\t<meta name=\"twitter:data1\" content=\"2 minuty\" \/>\n<script type=\"application\/ld+json\" class=\"yoast-schema-graph\">{\"@context\":\"https:\\\/\\\/schema.org\",\"@graph\":[{\"@type\":\"WebPage\",\"@id\":\"https:\\\/\\\/slot-rize.org\\\/pl\\\/aplikacja\\\/\",\"url\":\"https:\\\/\\\/slot-rize.org\\\/pl\\\/aplikacja\\\/\",\"name\":\"Slotrize App | Platformy iOS i Android\",\"isPartOf\":{\"@id\":\"https:\\\/\\\/slot-rize.org\\\/pl\\\/#website\"},\"datePublished\":\"2026-02-05T13:56:34+00:00\",\"dateModified\":\"2026-02-06T09:47:32+00:00\",\"description\":\"Aplikacja Slotrize zapewnia p\u0142ynn\u0105 rozgrywk\u0119 w kasynie na systemach Android, iOS, Windows i macOS, oferuj\u0105c zsynchronizowane konta, regularne aktualizacje i wbudowan\u0105 obs\u0142ug\u0119 klienta, co zapewnia bezproblemowe korzystanie z aplikacji.\",\"breadcrumb\":{\"@id\":\"https:\\\/\\\/slot-rize.org\\\/pl\\\/aplikacja\\\/#breadcrumb\"},\"inLanguage\":\"pl-PL\",\"potentialAction\":[{\"@type\":\"ReadAction\",\"target\":[\"https:\\\/\\\/slot-rize.org\\\/pl\\\/aplikacja\\\/\"]}]},{\"@type\":\"BreadcrumbList\",\"@id\":\"https:\\\/\\\/slot-rize.org\\\/pl\\\/aplikacja\\\/#breadcrumb\",\"itemListElement\":[{\"@type\":\"ListItem\",\"position\":1,\"name\":\"Slotrize\",\"item\":\"https:\\\/\\\/slot-rize.org\\\/pl\\\/\"},{\"@type\":\"ListItem\",\"position\":2,\"name\":\"Aplikacja\"}]},{\"@type\":\"WebSite\",\"@id\":\"https:\\\/\\\/slot-rize.org\\\/pl\\\/#website\",\"url\":\"https:\\\/\\\/slot-rize.org\\\/pl\\\/\",\"name\":\"Slotrize\",\"description\":\"\",\"publisher\":{\"@id\":\"https:\\\/\\\/slot-rize.org\\\/pl\\\/#organization\"},\"potentialAction\":[{\"@type\":\"SearchAction\",\"target\":{\"@type\":\"EntryPoint\",\"urlTemplate\":\"https:\\\/\\\/slot-rize.org\\\/pl\\\/?s={search_term_string}\"},\"query-input\":{\"@type\":\"PropertyValueSpecification\",\"valueRequired\":true,\"valueName\":\"search_term_string\"}}],\"inLanguage\":\"pl-PL\"},{\"@type\":\"Organization\",\"@id\":\"https:\\\/\\\/slot-rize.org\\\/pl\\\/#organization\",\"name\":\"Slotrize\",\"url\":\"https:\\\/\\\/slot-rize.org\\\/pl\\\/\",\"logo\":{\"@type\":\"ImageObject\",\"inLanguage\":\"pl-PL\",\"@id\":\"https:\\\/\\\/slot-rize.org\\\/pl\\\/#\\\/schema\\\/logo\\\/image\\\/\",\"url\":\"https:\\\/\\\/slot-rize.org\\\/wp-content\\\/uploads\\\/2026\\\/02\\\/Slotrize-logo-1.svg\",\"contentUrl\":\"https:\\\/\\\/slot-rize.org\\\/wp-content\\\/uploads\\\/2026\\\/02\\\/Slotrize-logo-1.svg\",\"width\":54,\"height\":27,\"caption\":\"Slotrize\"},\"image\":{\"@id\":\"https:\\\/\\\/slot-rize.org\\\/pl\\\/#\\\/schema\\\/logo\\\/image\\\/\"}}]}<\/script>\n<!-- \/ Yoast SEO plugin. -->","yoast_head_json":{"title":"Slotrize App | Platformy iOS i Android","description":"Aplikacja Slotrize zapewnia p\u0142ynn\u0105 rozgrywk\u0119 w kasynie na systemach Android, iOS, Windows i macOS, oferuj\u0105c zsynchronizowane konta, regularne aktualizacje i wbudowan\u0105 obs\u0142ug\u0119 klienta, co zapewnia bezproblemowe korzystanie z aplikacji.","robots":{"index":"index","follow":"follow","max-snippet":"max-snippet:-1","max-image-preview":"max-image-preview:large","max-video-preview":"max-video-preview:-1"},"canonical":"https:\/\/slot-rize.org\/pl\/aplikacja\/","og_locale":"pl_PL","og_type":"article","og_title":"Slotrize App | Platformy iOS i Android","og_description":"Aplikacja Slotrize zapewnia p\u0142ynn\u0105 rozgrywk\u0119 w kasynie na systemach Android, iOS, Windows i macOS, oferuj\u0105c zsynchronizowane konta, regularne aktualizacje i wbudowan\u0105 obs\u0142ug\u0119 klienta, co zapewnia bezproblemowe korzystanie z aplikacji.","og_url":"https:\/\/slot-rize.org\/pl\/aplikacja\/","og_site_name":"Slotrize","article_modified_time":"2026-02-06T09:47:32+00:00","twitter_card":"summary_large_image","twitter_misc":{"Est. reading time":"2 minuty"},"schema":{"@context":"https:\/\/schema.org","@graph":[{"@type":"WebPage","@id":"https:\/\/slot-rize.org\/pl\/aplikacja\/","url":"https:\/\/slot-rize.org\/pl\/aplikacja\/","name":"Slotrize App | Platformy iOS i Android","isPartOf":{"@id":"https:\/\/slot-rize.org\/pl\/#website"},"datePublished":"2026-02-05T13:56:34+00:00","dateModified":"2026-02-06T09:47:32+00:00","description":"Aplikacja Slotrize zapewnia p\u0142ynn\u0105 rozgrywk\u0119 w kasynie na systemach Android, iOS, Windows i macOS, oferuj\u0105c zsynchronizowane konta, regularne aktualizacje i wbudowan\u0105 obs\u0142ug\u0119 klienta, co zapewnia bezproblemowe korzystanie z aplikacji.","breadcrumb":{"@id":"https:\/\/slot-rize.org\/pl\/aplikacja\/#breadcrumb"},"inLanguage":"pl-PL","potentialAction":[{"@type":"ReadAction","target":["https:\/\/slot-rize.org\/pl\/aplikacja\/"]}]},{"@type":"BreadcrumbList","@id":"https:\/\/slot-rize.org\/pl\/aplikacja\/#breadcrumb","itemListElement":[{"@type":"ListItem","position":1,"name":"Slotrize","item":"https:\/\/slot-rize.org\/pl\/"},{"@type":"ListItem","position":2,"name":"Aplikacja"}]},{"@type":"WebSite","@id":"https:\/\/slot-rize.org\/pl\/#website","url":"https:\/\/slot-rize.org\/pl\/","name":"Slotrize","description":"","publisher":{"@id":"https:\/\/slot-rize.org\/pl\/#organization"},"potentialAction":[{"@type":"SearchAction","target":{"@type":"EntryPoint","urlTemplate":"https:\/\/slot-rize.org\/pl\/?s={search_term_string}"},"query-input":{"@type":"PropertyValueSpecification","valueRequired":true,"valueName":"search_term_string"}}],"inLanguage":"pl-PL"},{"@type":"Organization","@id":"https:\/\/slot-rize.org\/pl\/#organization","name":"Slotrize","url":"https:\/\/slot-rize.org\/pl\/","logo":{"@type":"ImageObject","inLanguage":"pl-PL","@id":"https:\/\/slot-rize.org\/pl\/#\/schema\/logo\/image\/","url":"https:\/\/slot-rize.org\/wp-content\/uploads\/2026\/02\/Slotrize-logo-1.svg","contentUrl":"https:\/\/slot-rize.org\/wp-content\/uploads\/2026\/02\/Slotrize-logo-1.svg","width":54,"height":27,"caption":"Slotrize"},"image":{"@id":"https:\/\/slot-rize.org\/pl\/#\/schema\/logo\/image\/"}}]}},"_links":{"self":[{"href":"https:\/\/slot-rize.org\/pl\/wp-json\/wp\/v2\/pages\/1421","targetHints":{"allow":["GET"]}}],"collection":[{"href":"https:\/\/slot-rize.org\/pl\/wp-json\/wp\/v2\/pages"}],"about":[{"href":"https:\/\/slot-rize.org\/pl\/wp-json\/wp\/v2\/types\/page"}],"author":[{"embeddable":true,"href":"https:\/\/slot-rize.org\/pl\/wp-json\/wp\/v2\/users\/1"}],"replies":[{"embeddable":true,"href":"https:\/\/slot-rize.org\/pl\/wp-json\/wp\/v2\/comments?post=1421"}],"version-history":[{"count":2,"href":"https:\/\/slot-rize.org\/pl\/wp-json\/wp\/v2\/pages\/1421\/revisions"}],"predecessor-version":[{"id":1807,"href":"https:\/\/slot-rize.org\/pl\/wp-json\/wp\/v2\/pages\/1421\/revisions\/1807"}],"wp:attachment":[{"href":"https:\/\/slot-rize.org\/pl\/wp-json\/wp\/v2\/media?parent=1421"}],"curies":[{"name":"wp","href":"https:\/\/api.w.org\/{rel}","templated":true}]}}