{"id":1460,"date":"2026-02-05T14:08:47","date_gmt":"2026-02-05T14:08:47","guid":{"rendered":"https:\/\/slot-rize.org\/login-and-registration\/"},"modified":"2026-02-06T09:55:01","modified_gmt":"2026-02-06T09:55:01","slug":"logowanie-i-rejestracja","status":"publish","type":"page","link":"https:\/\/slot-rize.org\/pl\/logowanie-i-rejestracja\/","title":{"rendered":"Logowanie i rejestracja"},"content":{"rendered":"<h1>Logowanie i rejestracja konta Slotrize<\/h1>\n<p>Proces Slotrize login jest prosty i zajmuje nie wi\u0119cej ni\u017c kilka sekund. Polscy gracze nie musz\u0105 podawa\u0107 zbyt wielu danych osobowych ani weryfikowa\u0107 swojej to\u017csamo\u015bci podczas rejestracji. Za pomoc\u0105 kilku klikni\u0119\u0107 mo\u017cesz utworzy\u0107 konto Slotrize i od razu zacz\u0105\u0107 gra\u0107 w automaty online i inne gry kasynowe.<\/p>\n<p><div class=\"banner-wrap\" aria-label=\"Banner\"><img src=\"https:\/\/slot-rize.org\/wp-content\/uploads\/2026\/02\/Desktop-banner-scaled-1.webp\" class=\"w-100 d-none d-lg-block img-pc main-banner-img\" alt=\"Desktop banner scaled\" fetchpriority=\"high\" decoding=\"async\"><img src=\"https:\/\/slot-rize.org\/wp-content\/uploads\/2026\/02\/Mobile-banner.webp\" class=\"w-100 d-none d-md-block d-lg-none main-banner-img\" alt=\"Mobile banner\" fetchpriority=\"high\" decoding=\"async\"><img src=\"https:\/\/slot-rize.org\/wp-content\/uploads\/2026\/02\/Mobile-banner.webp\" class=\"w-100 d-md-none\" alt=\"Mobile banner\" fetchpriority=\"high\" decoding=\"async\"><div class=\"banner-description\">\n<div class=\"banner-title\">Bonusy powitalne<\/div>\n<p class=\"banner-header-title\">1500 \u20ac<\/p>\n<div class=\"banner-header-AdditionalText\">+ 250 Darmowe spiny<\/div>\n<button data-item=\"homepage_banner_link\" class=\"goto m-button m-gradient-border m-button--primary m-button--large banner-button btn-orange\">\n            <div class=\"m-button-content\">\n                <span>Zarejestruj si\u0119 teraz<\/span>\n                <span><\/span>\n            <\/div>\n        <\/button>\n<\/div>\n<div class=\"WelcomePack\">\n<p><img loading=\"lazy\" decoding=\"async\" class=\"alignnone size-full wp-image-1479\" src=\"https:\/\/slot-rize.org\/wp-content\/uploads\/welcome-crown.svg\" alt=\"welcome crown\" width=\"25\" height=\"26\" \/><\/p>\n<div class=\"WelcomePack-Info\">Cotygodniowy zwrot got\u00f3wki do 25%<\/div>\n<p><img loading=\"lazy\" decoding=\"async\" class=\"alignnone size-full wp-image-1479\" src=\"https:\/\/slot-rize.org\/wp-content\/uploads\/welcome-crown.svg\" alt=\"welcome crown\" width=\"25\" height=\"26\" \/><\/p>\n<\/div>\n<\/div><div class=\"scrollable-content-wrap my-5\"><div class=\"scrollable-content-inner\"><h2>Rejestracja nowego u\u017cytkownika w Slot Rize<\/h2>\n<p>Rejestracja w kasynie Slotrize zapewnia graczom wiele korzy\u015bci. Po pierwsze, pozwala wypr\u00f3bowa\u0107 niekt\u00f3re z najpopularniejszych automat\u00f3w w trybie demo za darmo. Po drugie, ka\u017cdemu nowo zarejestrowanemu u\u017cytkownikowi zapewniamy hojny bonus powitalny, kt\u00f3ry maksymalizuje przyjemno\u015b\u0107 z gry. Ponadto mo\u017cesz zacz\u0105\u0107 zbiera\u0107 punkty w ramach naszego programu lojalno\u015bciowego, a nast\u0119pnie uzyska\u0107 dost\u0119p do jeszcze wi\u0119kszej liczby korzy\u015bci.<\/p>\n<h3>Jak utworzy\u0107 konto<\/h3>\n<p>Utworzenie konta w Slotrize Casino zajmuje tylko sze\u015b\u0107 prostych krok\u00f3w:<\/p>\n<ol>\n<li>Kliknij przycisk rejestracji w prawym g\u00f3rnym rogu naszej strony g\u0142\u00f3wnej.<\/li>\n<li>Wprowad\u017a sw\u00f3j adres e-mail w otwartym formularzu rejestracyjnym.<\/li>\n<li>Utw\u00f3rz silne has\u0142o.<\/li>\n<li>Potwierd\u017a, \u017ce masz uko\u0144czone 18 lat i zaakceptuj nasze warunki u\u017cytkowania.<\/li>\n<li>Naci\u015bnij przycisk, aby kontynuowa\u0107.<\/li>\n<li>Wype\u0142nij drugi formularz, podaj\u0105c dodatkowe dane: imi\u0119, nazwisko i numer telefonu.<\/li>\n<\/ol>\n<p>W kasynie Slotrize mo\u017cna gra\u0107 tylko wtedy, gdy mieszkasz w kraju, w kt\u00f3rym hazard online jest legalny. Witryna wykrywa Twoj\u0105 aktualn\u0105 lokalizacj\u0119 i automatycznie dodaje j\u0105 do Twojego konta. Nie mo\u017cesz edytowa\u0107 tych informacji bez pomocy naszego zespo\u0142u obs\u0142ugi klienta. U\u017cytkownicy nie maj\u0105 r\u00f3wnie\u017c prawa do r\u0119cznej zmiany daty urodzenia. Dlatego wa\u017cne jest, aby od samego pocz\u0105tku podawa\u0107 nam prawid\u0142owe dane osobowe.<\/p>\n<p>Dane, kt\u00f3re mo\u017cna swobodnie edytowa\u0107 na koncie Slot Rize, to imi\u0119 i nazwisko, nazwa u\u017cytkownika, p\u0142e\u0107 i dane kontaktowe. Je\u015bli chcesz zaktualizowa\u0107 has\u0142o, mo\u017cesz to zrobi\u0107 w ustawieniach bezpiecze\u0144stwa swojego profilu.<\/p>\n<h2>Korzystanie z konta Slotrize<\/h2>\n<p>Proces logowania do Slotrize jest jeszcze prostszy ni\u017c rejestracja na naszej stronie internetowej. Wystarczy klikn\u0105\u0107 przycisk logowania, wprowadzi\u0107 swoje dane uwierzytelniaj\u0105ce (tj. adres e-mail i has\u0142o) i ponownie dotkn\u0105\u0107 ekranu, aby zako\u0144czy\u0107 proces.<\/p>\n<p>Po zalogowaniu si\u0119 do Slotrize mo\u017cesz cieszy\u0107 si\u0119 tysi\u0105cami gier kasynowych oraz nast\u0119puj\u0105cymi przydatnymi interfejsami konta:<\/p>\n<table>\n<tbody>\n<tr>\n<td>Interfejs<\/td>\n<td>Opis<\/td>\n<\/tr>\n<tr>\n<td>Portfel<\/td>\n<td>Jest to centrum zarz\u0105dzania \u015brodkami z przyciskami szybkiej wp\u0142aty i wyp\u0142aty. Wy\u015bwietla sumy prawdziwych pieni\u0119dzy i bonus\u00f3w, a tak\u017ce aktualne limity wyp\u0142at.<\/td>\n<\/tr>\n<tr>\n<td>Historia<\/td>\n<td>Tutaj znajdziesz raporty dotycz\u0105ce wszystkich swoich przesz\u0142ych i bie\u017c\u0105cych dzia\u0142a\u0144 w Slotrize Casino, w tym sesji hazardowych, transakcji finansowych, wykorzystania bonus\u00f3w, zak\u0142ad\u00f3w itp.<\/td>\n<\/tr>\n<tr>\n<td>Profil<\/td>\n<td>Ten interfejs zawiera r\u00f3\u017cne rodzaje ustawie\u0144: informacje og\u00f3lne, bezpiecze\u0144stwo i limity hazardowe.<\/td>\n<\/tr>\n<\/tbody>\n<\/table>\n<h3>Proces weryfikacji konta<\/h3>\n<p>Weryfikacja to\u017csamo\u015bci nie jest wymagana podczas rejestracji w kasynie Slot Rize. Jednak przy pierwszej pr\u00f3bie wyp\u0142aty \u015brodk\u00f3w poprosimy Ci\u0119 o dostarczenie kopii dokument\u00f3w. Dokumenty te obejmuj\u0105:<\/p>\n<ul>\n<li>Paszport lub prawo jazdy<\/li>\n<li>ostatnie rachunki za media<\/li>\n<li>Kart\u0119 debetow\u0105 u\u017cywan\u0105 do przetwarzania transakcji finansowych<\/li>\n<\/ul>\n<p>Procedura weryfikacji to\u017csamo\u015bci pomo\u017ce nam upewni\u0107 si\u0119, \u017ce \u017cadna ze stron nie narusza prawa, celowo lub nieumy\u015blnie, oraz \u017ce podczas rejestracji w Slotrize u\u017cy\u0142e\u015b autentycznych danych. Ca\u0142y proces zajmie oko\u0142o 48 godzin. Po jego pomy\u015blnym zako\u0144czeniu b\u0119dziesz m\u00f3g\u0142 wyp\u0142aci\u0107 swoje wygrane z kasyna bez dodatkowej weryfikacji to\u017csamo\u015bci.<\/p>\n<p>Wa\u017cne jest r\u00f3wnie\u017c, aby zweryfikowa\u0107 sw\u00f3j adres e-mail i numer telefonu na koncie osobistym. Ten prosty \u015brodek pozwala na lepsz\u0105 komunikacj\u0119 i bezpiecze\u0144stwo. Ponadto, weryfikuj\u0105c swoje dane kontaktowe, mo\u017cesz zdoby\u0107 dodatkowe punkty Slotrize, a nast\u0119pnie wyda\u0107 je na bonusy w naszym sklepie kasynowym.<\/p>\n<h3>\u015arodki bezpiecze\u0144stwa<\/h3>\n<p>Monitorujemy ka\u017cde logowanie do Slotrize, aby wcze\u015bnie wykrywa\u0107 podejrzane dzia\u0142ania i chroni\u0107 Twoje konto przed nadu\u017cyciami. Dodatkowo, aby chroni\u0107 Twoje poufne informacje, zalecamy regularn\u0105 aktualizacj\u0119 has\u0142a w ustawieniach bezpiecze\u0144stwa.<\/p>\n<p>Masz r\u00f3wnie\u017c mo\u017cliwo\u015b\u0107 w\u0142\u0105czenia uwierzytelniania dwusk\u0142adnikowego (2FA). Ten prosty \u015brodek wymaga wprowadzenia unikalnego kodu jednorazowego przy ka\u017cdym logowaniu do Slot Rize Casino. W ten spos\u00f3b ryzyko nieautoryzowanego dost\u0119pu zostaje zredukowane do zera.<\/p>\n<h2>FAQ<\/h2>\n<h3>Czy rejestracja w Twoim kasynie online jest bezp\u0142atna?<\/h3>\n<p>Tak, mo\u017cesz za\u0142o\u017cy\u0107 konto w kasynie Slotrize bez \u017cadnych koszt\u00f3w \u2013 nie pobieramy \u017cadnych op\u0142at za sam\u0105 rejestracj\u0119. Po zarejestrowaniu si\u0119 mo\u017cesz nawet gra\u0107 w niekt\u00f3re automaty online za darmo. Jednak aby zacz\u0105\u0107 obstawia\u0107 zak\u0142ady i zarabia\u0107 pieni\u0105dze, b\u0119dziesz musia\u0142 wyda\u0107 prawdziwe pieni\u0105dze lub pieni\u0105dze bonusowe.<\/p>\n<h3>Jak mog\u0119 zaktualizowa\u0107 swoje has\u0142o lub adres e-mail?<\/h3>\n<p>Edytowanie danych osobowych i kontaktowych jest mo\u017cliwe za po\u015brednictwem profilu w Slotrize Casino. Wystarczy klikn\u0105\u0107 przycisk \u201eEdytuj dane osobowe\u201d i znale\u017a\u0107 pole kontaktowe, aby zmodyfikowa\u0107 adres e-mail. Aby zmieni\u0107 has\u0142o, otw\u00f3rz ustawienia bezpiecze\u0144stwa.<\/p>\n<h3>Co nale\u017cy zrobi\u0107, je\u015bli moje konto zosta\u0142o zablokowane?<\/h3>\n<p>U\u017cytkownicy zostaj\u0105 zablokowani na swoich kontach z powodu zbyt wielu nieudanych pr\u00f3b logowania do Slotrize lub podejrzanej aktywno\u015bci. W pierwszym przypadku wystarczy poczeka\u0107 chwil\u0119, a nast\u0119pnie spr\u00f3bowa\u0107 zalogowa\u0107 si\u0119 ponownie (i zresetowa\u0107 has\u0142o, aby upewni\u0107 si\u0119, \u017ce u\u017cywasz prawid\u0142owego). W drugim przypadku lub z nieznanych przyczyn, skontaktuj si\u0119 z naszymi wieloj\u0119zycznymi specjalistami ds. pomocy technicznej za po\u015brednictwem czatu na \u017cywo lub poczty elektronicznej \u2013 znajdziemy optymalne rozwi\u0105zanie Twojego problemu.<\/p>\n<\/div><\/div><\/p>\n","protected":false},"excerpt":{"rendered":"<p>Logowanie i rejestracja konta Slotrize Proces Slotrize login jest prosty i zajmuje nie wi\u0119cej ni\u017c kilka sekund. Polscy gracze nie musz\u0105 podawa\u0107 zbyt wielu danych osobowych ani weryfikowa\u0107 swojej to\u017csamo\u015bci podczas rejestracji. Za pomoc\u0105 kilku klikni\u0119\u0107 mo\u017cesz utworzy\u0107 konto Slotrize i od razu zacz\u0105\u0107 gra\u0107 w automaty online i inne gry kasynowe.<\/p>\n","protected":false},"author":1,"featured_media":0,"parent":0,"menu_order":0,"comment_status":"closed","ping_status":"closed","template":"template-builder.php","meta":{"_acf_changed":false,"inline_featured_image":false,"footnotes":""},"class_list":["post-1460","page","type-page","status-publish","hentry"],"acf":[],"yoast_head":"<!-- This site is optimized with the Yoast SEO plugin v27.3 - https:\/\/yoast.com\/product\/yoast-seo-wordpress\/ -->\n<title>Slotrize Logowanie i rejestracja w serwisie<\/title>\n<meta name=\"description\" content=\"Bez wysi\u0142ku tw\u00f3rz, zarz\u0105dzaj i weryfikuj swoje konto w kasynie Slotrize. Ciesz si\u0119 szybk\u0105 rejestracj\u0105, \u0142atwym odzyskiwaniem konta i bezpiecznym zamkni\u0119ciem dzi\u0119ki Slotrize Login, zapewniaj\u0105cym ochron\u0119 Twojego konta przez ca\u0142\u0105 dob\u0119.\" \/>\n<meta name=\"robots\" content=\"index, follow, max-snippet:-1, max-image-preview:large, max-video-preview:-1\" \/>\n<link rel=\"canonical\" href=\"https:\/\/slot-rize.org\/pl\/logowanie-i-rejestracja\/\" \/>\n<meta property=\"og:locale\" content=\"pl_PL\" \/>\n<meta property=\"og:type\" content=\"article\" \/>\n<meta property=\"og:title\" content=\"Slotrize Logowanie i rejestracja w serwisie\" \/>\n<meta property=\"og:description\" content=\"Bez wysi\u0142ku tw\u00f3rz, zarz\u0105dzaj i weryfikuj swoje konto w kasynie Slotrize. Ciesz si\u0119 szybk\u0105 rejestracj\u0105, \u0142atwym odzyskiwaniem konta i bezpiecznym zamkni\u0119ciem dzi\u0119ki Slotrize Login, zapewniaj\u0105cym ochron\u0119 Twojego konta przez ca\u0142\u0105 dob\u0119.\" \/>\n<meta property=\"og:url\" content=\"https:\/\/slot-rize.org\/pl\/logowanie-i-rejestracja\/\" \/>\n<meta property=\"og:site_name\" content=\"Slotrize\" \/>\n<meta property=\"article:modified_time\" content=\"2026-02-06T09:55:01+00:00\" \/>\n<meta name=\"twitter:card\" content=\"summary_large_image\" \/>\n<meta name=\"twitter:label1\" content=\"Est. reading time\" \/>\n\t<meta name=\"twitter:data1\" content=\"1 minuta\" \/>\n<script type=\"application\/ld+json\" class=\"yoast-schema-graph\">{\"@context\":\"https:\\\/\\\/schema.org\",\"@graph\":[{\"@type\":\"WebPage\",\"@id\":\"https:\\\/\\\/slot-rize.org\\\/pl\\\/logowanie-i-rejestracja\\\/\",\"url\":\"https:\\\/\\\/slot-rize.org\\\/pl\\\/logowanie-i-rejestracja\\\/\",\"name\":\"Slotrize Logowanie i rejestracja w serwisie\",\"isPartOf\":{\"@id\":\"https:\\\/\\\/slot-rize.org\\\/pl\\\/#website\"},\"datePublished\":\"2026-02-05T14:08:47+00:00\",\"dateModified\":\"2026-02-06T09:55:01+00:00\",\"description\":\"Bez wysi\u0142ku tw\u00f3rz, zarz\u0105dzaj i weryfikuj swoje konto w kasynie Slotrize. Ciesz si\u0119 szybk\u0105 rejestracj\u0105, \u0142atwym odzyskiwaniem konta i bezpiecznym zamkni\u0119ciem dzi\u0119ki Slotrize Login, zapewniaj\u0105cym ochron\u0119 Twojego konta przez ca\u0142\u0105 dob\u0119.\",\"breadcrumb\":{\"@id\":\"https:\\\/\\\/slot-rize.org\\\/pl\\\/logowanie-i-rejestracja\\\/#breadcrumb\"},\"inLanguage\":\"pl-PL\",\"potentialAction\":[{\"@type\":\"ReadAction\",\"target\":[\"https:\\\/\\\/slot-rize.org\\\/pl\\\/logowanie-i-rejestracja\\\/\"]}]},{\"@type\":\"BreadcrumbList\",\"@id\":\"https:\\\/\\\/slot-rize.org\\\/pl\\\/logowanie-i-rejestracja\\\/#breadcrumb\",\"itemListElement\":[{\"@type\":\"ListItem\",\"position\":1,\"name\":\"Slotrize\",\"item\":\"https:\\\/\\\/slot-rize.org\\\/pl\\\/\"},{\"@type\":\"ListItem\",\"position\":2,\"name\":\"Logowanie i rejestracja\"}]},{\"@type\":\"WebSite\",\"@id\":\"https:\\\/\\\/slot-rize.org\\\/pl\\\/#website\",\"url\":\"https:\\\/\\\/slot-rize.org\\\/pl\\\/\",\"name\":\"Slotrize\",\"description\":\"\",\"publisher\":{\"@id\":\"https:\\\/\\\/slot-rize.org\\\/pl\\\/#organization\"},\"potentialAction\":[{\"@type\":\"SearchAction\",\"target\":{\"@type\":\"EntryPoint\",\"urlTemplate\":\"https:\\\/\\\/slot-rize.org\\\/pl\\\/?s={search_term_string}\"},\"query-input\":{\"@type\":\"PropertyValueSpecification\",\"valueRequired\":true,\"valueName\":\"search_term_string\"}}],\"inLanguage\":\"pl-PL\"},{\"@type\":\"Organization\",\"@id\":\"https:\\\/\\\/slot-rize.org\\\/pl\\\/#organization\",\"name\":\"Slotrize\",\"url\":\"https:\\\/\\\/slot-rize.org\\\/pl\\\/\",\"logo\":{\"@type\":\"ImageObject\",\"inLanguage\":\"pl-PL\",\"@id\":\"https:\\\/\\\/slot-rize.org\\\/pl\\\/#\\\/schema\\\/logo\\\/image\\\/\",\"url\":\"https:\\\/\\\/slot-rize.org\\\/wp-content\\\/uploads\\\/2026\\\/02\\\/Slotrize-logo-1.svg\",\"contentUrl\":\"https:\\\/\\\/slot-rize.org\\\/wp-content\\\/uploads\\\/2026\\\/02\\\/Slotrize-logo-1.svg\",\"width\":54,\"height\":27,\"caption\":\"Slotrize\"},\"image\":{\"@id\":\"https:\\\/\\\/slot-rize.org\\\/pl\\\/#\\\/schema\\\/logo\\\/image\\\/\"}}]}<\/script>\n<!-- \/ Yoast SEO plugin. -->","yoast_head_json":{"title":"Slotrize Logowanie i rejestracja w serwisie","description":"Bez wysi\u0142ku tw\u00f3rz, zarz\u0105dzaj i weryfikuj swoje konto w kasynie Slotrize. Ciesz si\u0119 szybk\u0105 rejestracj\u0105, \u0142atwym odzyskiwaniem konta i bezpiecznym zamkni\u0119ciem dzi\u0119ki Slotrize Login, zapewniaj\u0105cym ochron\u0119 Twojego konta przez ca\u0142\u0105 dob\u0119.","robots":{"index":"index","follow":"follow","max-snippet":"max-snippet:-1","max-image-preview":"max-image-preview:large","max-video-preview":"max-video-preview:-1"},"canonical":"https:\/\/slot-rize.org\/pl\/logowanie-i-rejestracja\/","og_locale":"pl_PL","og_type":"article","og_title":"Slotrize Logowanie i rejestracja w serwisie","og_description":"Bez wysi\u0142ku tw\u00f3rz, zarz\u0105dzaj i weryfikuj swoje konto w kasynie Slotrize. Ciesz si\u0119 szybk\u0105 rejestracj\u0105, \u0142atwym odzyskiwaniem konta i bezpiecznym zamkni\u0119ciem dzi\u0119ki Slotrize Login, zapewniaj\u0105cym ochron\u0119 Twojego konta przez ca\u0142\u0105 dob\u0119.","og_url":"https:\/\/slot-rize.org\/pl\/logowanie-i-rejestracja\/","og_site_name":"Slotrize","article_modified_time":"2026-02-06T09:55:01+00:00","twitter_card":"summary_large_image","twitter_misc":{"Est. reading time":"1 minuta"},"schema":{"@context":"https:\/\/schema.org","@graph":[{"@type":"WebPage","@id":"https:\/\/slot-rize.org\/pl\/logowanie-i-rejestracja\/","url":"https:\/\/slot-rize.org\/pl\/logowanie-i-rejestracja\/","name":"Slotrize Logowanie i rejestracja w serwisie","isPartOf":{"@id":"https:\/\/slot-rize.org\/pl\/#website"},"datePublished":"2026-02-05T14:08:47+00:00","dateModified":"2026-02-06T09:55:01+00:00","description":"Bez wysi\u0142ku tw\u00f3rz, zarz\u0105dzaj i weryfikuj swoje konto w kasynie Slotrize. Ciesz si\u0119 szybk\u0105 rejestracj\u0105, \u0142atwym odzyskiwaniem konta i bezpiecznym zamkni\u0119ciem dzi\u0119ki Slotrize Login, zapewniaj\u0105cym ochron\u0119 Twojego konta przez ca\u0142\u0105 dob\u0119.","breadcrumb":{"@id":"https:\/\/slot-rize.org\/pl\/logowanie-i-rejestracja\/#breadcrumb"},"inLanguage":"pl-PL","potentialAction":[{"@type":"ReadAction","target":["https:\/\/slot-rize.org\/pl\/logowanie-i-rejestracja\/"]}]},{"@type":"BreadcrumbList","@id":"https:\/\/slot-rize.org\/pl\/logowanie-i-rejestracja\/#breadcrumb","itemListElement":[{"@type":"ListItem","position":1,"name":"Slotrize","item":"https:\/\/slot-rize.org\/pl\/"},{"@type":"ListItem","position":2,"name":"Logowanie i rejestracja"}]},{"@type":"WebSite","@id":"https:\/\/slot-rize.org\/pl\/#website","url":"https:\/\/slot-rize.org\/pl\/","name":"Slotrize","description":"","publisher":{"@id":"https:\/\/slot-rize.org\/pl\/#organization"},"potentialAction":[{"@type":"SearchAction","target":{"@type":"EntryPoint","urlTemplate":"https:\/\/slot-rize.org\/pl\/?s={search_term_string}"},"query-input":{"@type":"PropertyValueSpecification","valueRequired":true,"valueName":"search_term_string"}}],"inLanguage":"pl-PL"},{"@type":"Organization","@id":"https:\/\/slot-rize.org\/pl\/#organization","name":"Slotrize","url":"https:\/\/slot-rize.org\/pl\/","logo":{"@type":"ImageObject","inLanguage":"pl-PL","@id":"https:\/\/slot-rize.org\/pl\/#\/schema\/logo\/image\/","url":"https:\/\/slot-rize.org\/wp-content\/uploads\/2026\/02\/Slotrize-logo-1.svg","contentUrl":"https:\/\/slot-rize.org\/wp-content\/uploads\/2026\/02\/Slotrize-logo-1.svg","width":54,"height":27,"caption":"Slotrize"},"image":{"@id":"https:\/\/slot-rize.org\/pl\/#\/schema\/logo\/image\/"}}]}},"_links":{"self":[{"href":"https:\/\/slot-rize.org\/pl\/wp-json\/wp\/v2\/pages\/1460","targetHints":{"allow":["GET"]}}],"collection":[{"href":"https:\/\/slot-rize.org\/pl\/wp-json\/wp\/v2\/pages"}],"about":[{"href":"https:\/\/slot-rize.org\/pl\/wp-json\/wp\/v2\/types\/page"}],"author":[{"embeddable":true,"href":"https:\/\/slot-rize.org\/pl\/wp-json\/wp\/v2\/users\/1"}],"replies":[{"embeddable":true,"href":"https:\/\/slot-rize.org\/pl\/wp-json\/wp\/v2\/comments?post=1460"}],"version-history":[{"count":2,"href":"https:\/\/slot-rize.org\/pl\/wp-json\/wp\/v2\/pages\/1460\/revisions"}],"predecessor-version":[{"id":1817,"href":"https:\/\/slot-rize.org\/pl\/wp-json\/wp\/v2\/pages\/1460\/revisions\/1817"}],"wp:attachment":[{"href":"https:\/\/slot-rize.org\/pl\/wp-json\/wp\/v2\/media?parent=1460"}],"curies":[{"name":"wp","href":"https:\/\/api.w.org\/{rel}","templated":true}]}}